{"id":8734,"date":"2023-10-01T17:12:25","date_gmt":"2023-10-01T15:12:25","guid":{"rendered":"https:\/\/veganova.eu\/?post_type=product&#038;p=8734"},"modified":"2026-04-21T07:25:04","modified_gmt":"2026-04-21T05:25:04","slug":"kiki-health-cognitive-60-vcaps","status":"publish","type":"product","link":"https:\/\/veganova.eu\/sl\/shop\/kiki-health-cognitive-60-vcaps\/","title":{"rendered":"KIKI Health Cognitive - 60 kapsul"},"content":{"rendered":"<h3>KIKI Health Cognitive - 60 kapsul<\/h3>\n<p>Na\u0161a ekipa strokovnjakov je oblikovala to novo me\u0161anico mo\u010dnih sestavin, ki prispevajo k podpori mo\u017eganov, spomina, stresa in du\u0161evne zmogljivosti.<\/p>\n<p>Vsaka sestavina je bila trajnostno pridobljena od visokokakovostnih dobaviteljev, kar zagotavlja \u010distost in u\u010dinkovitost.<\/p>\n<p>Ta posebna nova formula zdru\u017euje nootropike in adaptogene, ki podpirajo kognitivni razvoj.<\/p>\n<p>Poleg joda iz morskega kelpa, ki podpira kognitivne in nevrolo\u0161ke funkcije ter je klju\u010dnega pomena za umsko zmogljivost in aktivnost, vsebujejo na\u0161e kapsule Cognitive tudi visokokakovostne izvle\u010dke brahmija, levje grive, holina, gotu kola in ginka.<\/p>\n<p>Te sestavine skupaj podpirajo delovanje mo\u017eganov in umskih funkcij.<\/p>","protected":false},"excerpt":{"rendered":"<p>Vegansko prehransko dopolnilo KIKI Health Cognitive vsebuje izvle\u010dek iz brahmija, levje grive, gotu kole, holina in ginka za zdravo delovanje mo\u017eganov, izbolj\u0161anje spomina in premagovanje ve\u010djega du\u0161evnega stresa. Vsebina pakiranja: Vsebuje 60 veganskih kapsul.<\/p>","protected":false},"featured_media":52780,"comment_status":"closed","ping_status":"closed","template":"","meta":{"advanced_seo_description":"","jetpack_seo_html_title":"","jetpack_seo_noindex":false},"pwb-brand":[166],"product_brand":[4573],"product_cat":[294,143],"product_tag":[1221,1223,1078],"class_list":{"0":"post-8734","1":"product","2":"type-product","3":"status-publish","4":"has-post-thumbnail","6":"pwb-brand-kiki-health","7":"product_brand-kiki-health","8":"product_cat-for-seniors","9":"product_cat-health-issues","10":"product_tag-brain","11":"product_tag-memory","12":"product_tag-psyche","13":"brand_woo-kiki-health","15":"first","16":"instock","17":"taxable","18":"shipping-taxable","19":"purchasable","20":"product-type-simple"},"jetpack_sharing_enabled":true,"brands":[{"id":166,"name":"Zdravje KIKI","slug":"kiki-health"}],"_links":{"self":[{"href":"https:\/\/veganova.eu\/sl\/wp-json\/wp\/v2\/product\/8734","targetHints":{"allow":["GET"]}}],"collection":[{"href":"https:\/\/veganova.eu\/sl\/wp-json\/wp\/v2\/product"}],"about":[{"href":"https:\/\/veganova.eu\/sl\/wp-json\/wp\/v2\/types\/product"}],"replies":[{"embeddable":true,"href":"https:\/\/veganova.eu\/sl\/wp-json\/wp\/v2\/comments?post=8734"}],"version-history":[{"count":1,"href":"https:\/\/veganova.eu\/sl\/wp-json\/wp\/v2\/product\/8734\/revisions"}],"predecessor-version":[{"id":58642,"href":"https:\/\/veganova.eu\/sl\/wp-json\/wp\/v2\/product\/8734\/revisions\/58642"}],"wp:featuredmedia":[{"embeddable":true,"href":"https:\/\/veganova.eu\/sl\/wp-json\/wp\/v2\/media\/52780"}],"wp:attachment":[{"href":"https:\/\/veganova.eu\/sl\/wp-json\/wp\/v2\/media?parent=8734"}],"wp:term":[{"taxonomy":"pwb-brand","embeddable":true,"href":"https:\/\/veganova.eu\/sl\/wp-json\/wp\/v2\/pwb-brand?post=8734"},{"taxonomy":"product_brand","embeddable":true,"href":"https:\/\/veganova.eu\/sl\/wp-json\/wp\/v2\/product_brand?post=8734"},{"taxonomy":"product_cat","embeddable":true,"href":"https:\/\/veganova.eu\/sl\/wp-json\/wp\/v2\/product_cat?post=8734"},{"taxonomy":"product_tag","embeddable":true,"href":"https:\/\/veganova.eu\/sl\/wp-json\/wp\/v2\/product_tag?post=8734"}],"curies":[{"name":"wp","href":"https:\/\/api.w.org\/{rel}","templated":true}]}}