{"id":8788,"date":"2023-10-01T17:12:39","date_gmt":"2023-10-01T15:12:39","guid":{"rendered":"https:\/\/veganova.eu\/?post_type=product&#038;p=8788"},"modified":"2026-04-21T07:25:07","modified_gmt":"2026-04-21T05:25:07","slug":"garden-of-life-dr-formulated-vegan-prenatal-dha-30-softgels","status":"publish","type":"product","link":"https:\/\/veganova.eu\/sl\/shop\/garden-of-life-dr-formulated-vegan-prenatal-dha-30-softgels\/","title":{"rendered":"Garden of Life Dr. Formulated Vegan Prenatal DHA - 30 mehkih gelov"},"content":{"rendered":"<h3>Garden of Life Dr. Formulated Vegan Prenatal DHA - 30 mehkih gelov<\/h3>\n<p>400 mg DHA in 90 mg DPA (v obliki trigliceridov)<br \/>\nS SPM, spojinami, ki naravno podpirajo normalen vnetni odziv v telesu<br \/>\nPodpira razvoj otrokovih mo\u017eganov<br \/>\nPodpira zdravo nose\u010dnost in laktacijo<br \/>\nProjekt Non-GMO preverjeno in certificirano vegansko<br \/>\nPriro\u010den mehki gel za enkrat dnevno<\/p>","protected":false},"excerpt":{"rendered":"<p>Vegansko prehransko dopolnilo za nose\u010dnice Garden of Life Dr. Formulated Vegan Prenatal DHA podpira zdravo nose\u010dnost ter zdrav razvoj otrokovih mo\u017eganov in njihovih funkcij. Vsebina pakiranja: 30 mehkih tablet.<\/p>","protected":false},"featured_media":52745,"comment_status":"closed","ping_status":"closed","template":"","meta":{"advanced_seo_description":"","jetpack_seo_html_title":"","jetpack_seo_noindex":false},"pwb-brand":[303],"product_brand":[4625],"product_cat":[267,143],"product_tag":[1104,1503],"class_list":{"0":"post-8788","1":"product","2":"type-product","3":"status-publish","4":"has-post-thumbnail","6":"pwb-brand-garden-of-life","7":"product_brand-garden-of-life","8":"product_cat-for-women","9":"product_cat-health-issues","10":"product_tag-pregnancy","11":"product_tag-vitamins-for-pregnant-women","12":"brand_woo-garden-of-life","14":"first","15":"instock","16":"taxable","17":"shipping-taxable","18":"purchasable","19":"product-type-simple"},"jetpack_sharing_enabled":true,"brands":[{"id":303,"name":"Vrt \u017eivljenja","slug":"garden-of-life"}],"_links":{"self":[{"href":"https:\/\/veganova.eu\/sl\/wp-json\/wp\/v2\/product\/8788","targetHints":{"allow":["GET"]}}],"collection":[{"href":"https:\/\/veganova.eu\/sl\/wp-json\/wp\/v2\/product"}],"about":[{"href":"https:\/\/veganova.eu\/sl\/wp-json\/wp\/v2\/types\/product"}],"replies":[{"embeddable":true,"href":"https:\/\/veganova.eu\/sl\/wp-json\/wp\/v2\/comments?post=8788"}],"version-history":[{"count":1,"href":"https:\/\/veganova.eu\/sl\/wp-json\/wp\/v2\/product\/8788\/revisions"}],"predecessor-version":[{"id":58668,"href":"https:\/\/veganova.eu\/sl\/wp-json\/wp\/v2\/product\/8788\/revisions\/58668"}],"wp:featuredmedia":[{"embeddable":true,"href":"https:\/\/veganova.eu\/sl\/wp-json\/wp\/v2\/media\/52745"}],"wp:attachment":[{"href":"https:\/\/veganova.eu\/sl\/wp-json\/wp\/v2\/media?parent=8788"}],"wp:term":[{"taxonomy":"pwb-brand","embeddable":true,"href":"https:\/\/veganova.eu\/sl\/wp-json\/wp\/v2\/pwb-brand?post=8788"},{"taxonomy":"product_brand","embeddable":true,"href":"https:\/\/veganova.eu\/sl\/wp-json\/wp\/v2\/product_brand?post=8788"},{"taxonomy":"product_cat","embeddable":true,"href":"https:\/\/veganova.eu\/sl\/wp-json\/wp\/v2\/product_cat?post=8788"},{"taxonomy":"product_tag","embeddable":true,"href":"https:\/\/veganova.eu\/sl\/wp-json\/wp\/v2\/product_tag?post=8788"}],"curies":[{"name":"wp","href":"https:\/\/api.w.org\/{rel}","templated":true}]}}