{"id":8874,"date":"2023-10-01T17:13:02","date_gmt":"2023-10-01T15:13:02","guid":{"rendered":"https:\/\/veganova.eu\/?post_type=product&#038;p=8874"},"modified":"2026-04-21T07:25:10","modified_gmt":"2026-04-21T05:25:10","slug":"enzymedica-glutenease-60-caps","status":"publish","type":"product","link":"https:\/\/veganova.eu\/sl\/shop\/enzymedica-glutenease-60-caps\/","title":{"rendered":"Enzymedica GlutenEase - 60 kapsul"},"content":{"rendered":"<h3>Enzymedica GlutenEase - 60 kapsul<\/h3>\n<p>Veliko ljudi ima te\u017eave s prebavo beljakovin glutena in kazeina, ki so pogosto prisotne v ogljikovih hidratih, zaradi \u010desar imajo te\u017eave, kot so ob\u010dasni plini in napihnjenost. Tudi tisti, ki se prehranjujejo brez glutena\/kazeina, imajo lahko te\u017eave zaradi navzkri\u017ene kontaminacije s spornimi \u017eivili.<\/p>\n<p>GlutenEase contains Protease Thera-blend (G1) along with DPP-IV activity for enhanced digestion of foods containing gluten and casein. Starch-digesting amylase enzymes assist in the digestion of the carbohydrate portion of grains, such as wheat, which contain gluten.<\/p>","protected":false},"excerpt":{"rendered":"<p>Enzymedica GlutenEase vegan nutritional supplement containing enzymes for gluten digestion. Content: 60 capsules.<\/p>","protected":false},"featured_media":52694,"comment_status":"closed","ping_status":"closed","template":"","meta":{"advanced_seo_description":"","jetpack_seo_html_title":"","jetpack_seo_noindex":false},"pwb-brand":[467],"product_brand":[4767],"product_cat":[596],"product_tag":[1419,1348,1512],"class_list":{"0":"post-8874","1":"product","2":"type-product","3":"status-publish","4":"has-post-thumbnail","6":"pwb-brand-enzymedica","7":"product_brand-enzymedica","8":"product_cat-digestion","9":"product_tag-gluten","10":"product_tag-gluten-allergy","11":"product_tag-gluten-digestion","12":"brand_woo-enzymedica","14":"first","15":"instock","16":"taxable","17":"shipping-taxable","18":"purchasable","19":"product-type-simple"},"jetpack_sharing_enabled":true,"brands":[{"id":467,"name":"Enzymedica","slug":"enzymedica"}],"_links":{"self":[{"href":"https:\/\/veganova.eu\/sl\/wp-json\/wp\/v2\/product\/8874","targetHints":{"allow":["GET"]}}],"collection":[{"href":"https:\/\/veganova.eu\/sl\/wp-json\/wp\/v2\/product"}],"about":[{"href":"https:\/\/veganova.eu\/sl\/wp-json\/wp\/v2\/types\/product"}],"replies":[{"embeddable":true,"href":"https:\/\/veganova.eu\/sl\/wp-json\/wp\/v2\/comments?post=8874"}],"version-history":[{"count":1,"href":"https:\/\/veganova.eu\/sl\/wp-json\/wp\/v2\/product\/8874\/revisions"}],"predecessor-version":[{"id":58705,"href":"https:\/\/veganova.eu\/sl\/wp-json\/wp\/v2\/product\/8874\/revisions\/58705"}],"wp:featuredmedia":[{"embeddable":true,"href":"https:\/\/veganova.eu\/sl\/wp-json\/wp\/v2\/media\/52694"}],"wp:attachment":[{"href":"https:\/\/veganova.eu\/sl\/wp-json\/wp\/v2\/media?parent=8874"}],"wp:term":[{"taxonomy":"pwb-brand","embeddable":true,"href":"https:\/\/veganova.eu\/sl\/wp-json\/wp\/v2\/pwb-brand?post=8874"},{"taxonomy":"product_brand","embeddable":true,"href":"https:\/\/veganova.eu\/sl\/wp-json\/wp\/v2\/product_brand?post=8874"},{"taxonomy":"product_cat","embeddable":true,"href":"https:\/\/veganova.eu\/sl\/wp-json\/wp\/v2\/product_cat?post=8874"},{"taxonomy":"product_tag","embeddable":true,"href":"https:\/\/veganova.eu\/sl\/wp-json\/wp\/v2\/product_tag?post=8874"}],"curies":[{"name":"wp","href":"https:\/\/api.w.org\/{rel}","templated":true}]}}