{"id":9150,"date":"2023-10-01T17:14:14","date_gmt":"2023-10-01T15:14:14","guid":{"rendered":"https:\/\/veganova.eu\/?post_type=product&#038;p=9150"},"modified":"2026-04-21T07:25:19","modified_gmt":"2026-04-21T05:25:19","slug":"swanson-pure-brainpower-60-vcaps","status":"publish","type":"product","link":"https:\/\/veganova.eu\/sl\/shop\/swanson-pure-brainpower-60-vcaps\/","title":{"rendered":"Swanson Pure Brainpower - 60 kapsul"},"content":{"rendered":"<h3>Swanson Pure Brainpower - 60 kapsul<\/h3>\n<ul>\n<li>Klini\u010dno preu\u010dena zeli\u0161\u010da, ki dokazano spodbujajo spomin in splo\u0161no zdravje mo\u017eganov<\/li>\n<li>Vsebuje Ginkgo biloba, BaCognize Bacopa monnieri in NeuroFactor izvle\u010dek kavnih sade\u017eev.<\/li>\n<li>Adaptogena formula zagotavlja znanstveno preu\u010dene odmerke za kognitivne funkcije in osredoto\u010denost<\/li>\n<\/ul>\n<p>Ko razmi\u0161ljamo o zdravem staranju, se zlahka osredoto\u010dimo predvsem na telesno zdravje, kot so gibljivost, pro\u017enost in vzdr\u017eljivost. Pogosto spregledamo druge klju\u010dne sestavine zdravega staranja - na\u0161e du\u0161evno, \u010dustveno in psiholo\u0161ko zdravje. Skratka, pozabljamo razmi\u0161ljati o zdravju mo\u017eganov. Kognitivne funkcije in zmogljivost se lahko s starostjo zmanj\u0161ajo, zlasti ker so \u0161tudije pokazale, da lahko zdrava proizvodnja nevrotrofi\u010dnega dejavnika mo\u017eganskega izvora (BDNF), ki je povezan z zdravimi kognitivnimi funkcijami, s staranjem upade.<\/p>\n<p>Swanson Pure Science Herbals prina\u0161a Pure Brainpower, ki omogo\u010da enostavno negovanje mo\u017eganov s klini\u010dno raziskanimi sestavinami, ki podpirajo vitalne nevrotransmiterje, ki pomagajo pri kognitivnih funkcijah, koncentraciji in pomnjenju. Pure Brainpower je me\u0161anica tradicionalnih adaptogenih zeli\u0161\u010d in najsodobnej\u0161ih rastlinskih izvle\u010dkov v znanstveno preu\u010denih odmerkih, ki dokazano spodbujajo splo\u0161no miselno osredoto\u010denost, kognitivne funkcije ter zdrav pretok krvi v mo\u017egane. Swanson Pure Science Herbals vam to \u010disto in mo\u010dno formulo za zdravje mo\u017eganov prina\u0161a tudi po del\u010dku cene v primerjavi z vodilnim nacionalnim brands.<\/p>","protected":false},"excerpt":{"rendered":"<p>Vegansko prehransko dopolnilo za podporo zdravih mo\u017eganov in spomina Swanson Pure Brainpower vsebuje ginko bilobo, bakognize Bacopa monnieri in izvle\u010dek kavnih jagod. Veganski certifikat. Vsebnost: vsebina: Vsebuje 60 veganskih kapsul.<\/p>","protected":false},"featured_media":53897,"comment_status":"closed","ping_status":"closed","template":"","meta":{"advanced_seo_description":"","jetpack_seo_html_title":"","jetpack_seo_noindex":false},"pwb-brand":[450],"product_brand":[4753],"product_cat":[2599,294,143],"product_tag":[1221,855,1223],"class_list":{"0":"post-9150","1":"product","2":"type-product","3":"status-publish","4":"has-post-thumbnail","6":"pwb-brand-swanson","7":"product_brand-swanson","8":"product_cat-brain-and-memory","9":"product_cat-for-seniors","10":"product_cat-health-issues","11":"product_tag-brain","12":"product_tag-for-seniors","13":"product_tag-memory","14":"brand_woo-swanson","16":"first","17":"outofstock","18":"taxable","19":"shipping-taxable","20":"purchasable","21":"product-type-simple"},"jetpack_sharing_enabled":true,"brands":[{"id":450,"name":"Swanson","slug":"swanson"}],"_links":{"self":[{"href":"https:\/\/veganova.eu\/sl\/wp-json\/wp\/v2\/product\/9150","targetHints":{"allow":["GET"]}}],"collection":[{"href":"https:\/\/veganova.eu\/sl\/wp-json\/wp\/v2\/product"}],"about":[{"href":"https:\/\/veganova.eu\/sl\/wp-json\/wp\/v2\/types\/product"}],"replies":[{"embeddable":true,"href":"https:\/\/veganova.eu\/sl\/wp-json\/wp\/v2\/comments?post=9150"}],"version-history":[{"count":1,"href":"https:\/\/veganova.eu\/sl\/wp-json\/wp\/v2\/product\/9150\/revisions"}],"predecessor-version":[{"id":58834,"href":"https:\/\/veganova.eu\/sl\/wp-json\/wp\/v2\/product\/9150\/revisions\/58834"}],"wp:featuredmedia":[{"embeddable":true,"href":"https:\/\/veganova.eu\/sl\/wp-json\/wp\/v2\/media\/53897"}],"wp:attachment":[{"href":"https:\/\/veganova.eu\/sl\/wp-json\/wp\/v2\/media?parent=9150"}],"wp:term":[{"taxonomy":"pwb-brand","embeddable":true,"href":"https:\/\/veganova.eu\/sl\/wp-json\/wp\/v2\/pwb-brand?post=9150"},{"taxonomy":"product_brand","embeddable":true,"href":"https:\/\/veganova.eu\/sl\/wp-json\/wp\/v2\/product_brand?post=9150"},{"taxonomy":"product_cat","embeddable":true,"href":"https:\/\/veganova.eu\/sl\/wp-json\/wp\/v2\/product_cat?post=9150"},{"taxonomy":"product_tag","embeddable":true,"href":"https:\/\/veganova.eu\/sl\/wp-json\/wp\/v2\/product_tag?post=9150"}],"curies":[{"name":"wp","href":"https:\/\/api.w.org\/{rel}","templated":true}]}}