{"id":14665,"date":"2023-11-13T19:30:04","date_gmt":"2023-11-13T18:30:04","guid":{"rendered":"https:\/\/veganova.eu\/?post_type=product&#038;p=14665"},"modified":"2026-04-21T07:25:28","modified_gmt":"2026-04-21T05:25:28","slug":"allnutrition-flex-all-complete-cherry-400g","status":"publish","type":"product","link":"https:\/\/veganova.eu\/sv\/shop\/allnutrition-flex-all-complete-cherry-400g\/","title":{"rendered":"Allnutrition Flex All Complete, K\u00f6rsb\u00e4r - 400 g"},"content":{"rendered":"<h3>Allnutrition Flex All Complete, K\u00f6rsb\u00e4r - 400 g<\/h3>\n<p>Ledbrosket kallas broskv\u00e4vnad och det f\u00f6rhindrar n\u00f6tning av ben som \u00e4r i kontakt med varandra. Vid h\u00f6gre \u00e5lder har ledbrosket inte l\u00e4ngre f\u00f6rm\u00e5ga att \u00e5terbildas, vilket leder till att det kan f\u00f6rsvinna.<\/p>\n<p>Tack vare FLEX ALL COMPLETE kan du p\u00e5skynda regenereringen och st\u00f6dja \u00e5teruppbyggnaden av den skadade broskstrukturen, vilket stimulerar produktionen av kollagen och \u00e5terst\u00e4ller ledernas elasticitet. L\u00e4ttsm\u00e4lta ingredienser, tillg\u00e4ngliga i pulverform, \u00e4r de mest effektiva i denna regenereringsprocess.<\/p>\n<p>FLEX ALL COMPLETE \u00e4r en produkt som huvudsakligen baseras p\u00e5 kollagen. Kollagen \u00e4r ett protein som hj\u00e4lper till att uppr\u00e4tth\u00e5lla friska ben. Dessutom har den ett antal st\u00f6djande ingredienser. Dessa inkluderar vitamin C, som hj\u00e4lper till med korrekt produktion av kollagen f\u00f6r att s\u00e4kerst\u00e4lla att brosk och hud fungerar korrekt.<\/p>","protected":false},"excerpt":{"rendered":"<p>Sk\u00f6nhets- och h\u00e4lsotillskott Allnutrition Flex All Complete Inneh\u00e5ll hydrolyserat n\u00f6tkollagen, L-prolin, glukosamin, MSM, vitamin C, magnesium och B6. Smak: K\u00f6rsb\u00e4r. Inneh\u00e5ll: 400g.<\/p>","protected":false},"featured_media":53753,"comment_status":"closed","ping_status":"closed","template":"","meta":{"advanced_seo_description":"","jetpack_seo_html_title":"","jetpack_seo_noindex":false},"pwb-brand":[475],"product_brand":[4774],"product_cat":[688,684],"product_tag":[],"class_list":{"0":"post-14665","1":"product","2":"type-product","3":"status-publish","4":"has-post-thumbnail","6":"pwb-brand-allnutrition","7":"product_brand-allnutrition","8":"product_cat-beauty-supplements","9":"product_cat-clean-beauty","10":"brand_woo-allnutrition","12":"first","13":"outofstock","14":"taxable","15":"shipping-taxable","16":"purchasable","17":"product-type-simple"},"jetpack_sharing_enabled":true,"brands":[{"id":475,"name":"Allnutrition","slug":"allnutrition"}],"_links":{"self":[{"href":"https:\/\/veganova.eu\/sv\/wp-json\/wp\/v2\/product\/14665","targetHints":{"allow":["GET"]}}],"collection":[{"href":"https:\/\/veganova.eu\/sv\/wp-json\/wp\/v2\/product"}],"about":[{"href":"https:\/\/veganova.eu\/sv\/wp-json\/wp\/v2\/types\/product"}],"replies":[{"embeddable":true,"href":"https:\/\/veganova.eu\/sv\/wp-json\/wp\/v2\/comments?post=14665"}],"version-history":[{"count":1,"href":"https:\/\/veganova.eu\/sv\/wp-json\/wp\/v2\/product\/14665\/revisions"}],"predecessor-version":[{"id":58918,"href":"https:\/\/veganova.eu\/sv\/wp-json\/wp\/v2\/product\/14665\/revisions\/58918"}],"wp:featuredmedia":[{"embeddable":true,"href":"https:\/\/veganova.eu\/sv\/wp-json\/wp\/v2\/media\/53753"}],"wp:attachment":[{"href":"https:\/\/veganova.eu\/sv\/wp-json\/wp\/v2\/media?parent=14665"}],"wp:term":[{"taxonomy":"pwb-brand","embeddable":true,"href":"https:\/\/veganova.eu\/sv\/wp-json\/wp\/v2\/pwb-brand?post=14665"},{"taxonomy":"product_brand","embeddable":true,"href":"https:\/\/veganova.eu\/sv\/wp-json\/wp\/v2\/product_brand?post=14665"},{"taxonomy":"product_cat","embeddable":true,"href":"https:\/\/veganova.eu\/sv\/wp-json\/wp\/v2\/product_cat?post=14665"},{"taxonomy":"product_tag","embeddable":true,"href":"https:\/\/veganova.eu\/sv\/wp-json\/wp\/v2\/product_tag?post=14665"}],"curies":[{"name":"wp","href":"https:\/\/api.w.org\/{rel}","templated":true}]}}