{"id":14697,"date":"2023-11-13T19:30:22","date_gmt":"2023-11-13T18:30:22","guid":{"rendered":"https:\/\/veganova.eu\/?post_type=product&#038;p=14697"},"modified":"2026-04-21T07:25:29","modified_gmt":"2026-04-21T05:25:29","slug":"himalaya-intensive-moisturizing-cream-150-ml","status":"publish","type":"product","link":"https:\/\/veganova.eu\/sv\/shop\/himalaya-intensive-moisturizing-cream-150-ml\/","title":{"rendered":"Himalaya Intensiv \u00e5terfuktande kr\u00e4m - 150 ml."},"content":{"rendered":"<h3>Himalaya Intensiv \u00e5terfuktande kr\u00e4m - 150 ml.<\/h3>\n<p>Himalaya Intensive Moisturizing Cream \u00e5terfuktar \u00e4ven de extremt torra omr\u00e5dena p\u00e5 din hud. Vetegroddar, en rik naturlig k\u00e4lla till vitamin E, ger n\u00e4ring f\u00f6r att h\u00e5lla huden mjuk och smidig och skyddar den mot milj\u00f6skador. Mandlar \u00e5terfuktar \u00e4ven de extremt torra omr\u00e5dena p\u00e5 huden.<\/p>","protected":false},"excerpt":{"rendered":"<p>Moisturizing cream Himalaya Intensive is perfect for dry skin, protects and extremly moisturize. Contain: 150g.<\/p>","protected":false},"featured_media":52402,"comment_status":"closed","ping_status":"closed","template":"","meta":{"advanced_seo_description":"","jetpack_seo_html_title":"","jetpack_seo_noindex":false},"pwb-brand":[690],"product_brand":[4859],"product_cat":[684,689],"product_tag":[],"class_list":{"0":"post-14697","1":"product","2":"type-product","3":"status-publish","4":"has-post-thumbnail","6":"pwb-brand-himalaya","7":"product_brand-himalaya","8":"product_cat-clean-beauty","9":"product_cat-natural-cosmetics","10":"brand_woo-himalaya","12":"first","13":"instock","14":"taxable","15":"shipping-taxable","16":"purchasable","17":"product-type-simple"},"jetpack_sharing_enabled":true,"brands":[{"id":690,"name":"Himalaya","slug":"himalaya"}],"_links":{"self":[{"href":"https:\/\/veganova.eu\/sv\/wp-json\/wp\/v2\/product\/14697","targetHints":{"allow":["GET"]}}],"collection":[{"href":"https:\/\/veganova.eu\/sv\/wp-json\/wp\/v2\/product"}],"about":[{"href":"https:\/\/veganova.eu\/sv\/wp-json\/wp\/v2\/types\/product"}],"replies":[{"embeddable":true,"href":"https:\/\/veganova.eu\/sv\/wp-json\/wp\/v2\/comments?post=14697"}],"version-history":[{"count":1,"href":"https:\/\/veganova.eu\/sv\/wp-json\/wp\/v2\/product\/14697\/revisions"}],"predecessor-version":[{"id":58929,"href":"https:\/\/veganova.eu\/sv\/wp-json\/wp\/v2\/product\/14697\/revisions\/58929"}],"wp:featuredmedia":[{"embeddable":true,"href":"https:\/\/veganova.eu\/sv\/wp-json\/wp\/v2\/media\/52402"}],"wp:attachment":[{"href":"https:\/\/veganova.eu\/sv\/wp-json\/wp\/v2\/media?parent=14697"}],"wp:term":[{"taxonomy":"pwb-brand","embeddable":true,"href":"https:\/\/veganova.eu\/sv\/wp-json\/wp\/v2\/pwb-brand?post=14697"},{"taxonomy":"product_brand","embeddable":true,"href":"https:\/\/veganova.eu\/sv\/wp-json\/wp\/v2\/product_brand?post=14697"},{"taxonomy":"product_cat","embeddable":true,"href":"https:\/\/veganova.eu\/sv\/wp-json\/wp\/v2\/product_cat?post=14697"},{"taxonomy":"product_tag","embeddable":true,"href":"https:\/\/veganova.eu\/sv\/wp-json\/wp\/v2\/product_tag?post=14697"}],"curies":[{"name":"wp","href":"https:\/\/api.w.org\/{rel}","templated":true}]}}