{"id":14721,"date":"2023-11-13T19:30:32","date_gmt":"2023-11-13T18:30:32","guid":{"rendered":"https:\/\/veganova.eu\/?post_type=product&#038;p=14721"},"modified":"2026-04-25T02:20:32","modified_gmt":"2026-04-25T00:20:32","slug":"dorian-yates-liquid-collagen-vitamin-c-hyaluronic-acid-orange-500-ml","status":"publish","type":"product","link":"https:\/\/veganova.eu\/sv\/shop\/dorian-yates-liquid-collagen-vitamin-c-hyaluronic-acid-orange-500-ml\/","title":{"rendered":"Dorian Yates flytande kollagen + C-vitamin + hyaluronsyra, apelsin - 500 ml."},"content":{"rendered":"<h3>Dorian Yates flytande kollagen + C-vitamin + hyaluronsyra, apelsin - 500 ml.<\/h3>\n<p>Flytande kollagen och hyaluronsyra, vitamin B6 och vitamin C inneh\u00e5llande livsmedel f\u00f6r idrottare med s\u00f6tningsmedel.<br \/>\nVitamin B6 bidrar till normal energigivande \u00e4mnesoms\u00e4ttning, minskad tr\u00f6tthet och utmattning samt immunsystemets normala funktion.<br \/>\nC-vitamin bidrar till normal kollagenbildning.<\/p>\n<ul>\n<li>normal funktion av blodk\u00e4rl<\/li>\n<li>benens normala funktion<\/li>\n<li>Broskets normala funktion<\/li>\n<li>tandk\u00f6ttets normala funktion<\/li>\n<\/ul>","protected":false},"excerpt":{"rendered":"<p>N\u00e4ringstillskott f\u00f6r sk\u00f6nhet och h\u00e4lsa Dorian Yates Liquid Collagen med vitamin C, hyaluronsyra, vitamin B6, kollagen, glycin, L-arginin, mineraler fr\u00e5n Mohai, natrium, pottasium, kalcium, magnesium och j\u00e4rn. Perfekt f\u00f6r idrottare som beh\u00f6ver extra st\u00f6d f\u00f6r lederna. \u00c4ven perfekt f\u00f6r immunf\u00f6rsvaret, blodk\u00e4rlen, skelettet och huden. Inneh\u00e5ll: 500ml.<\/p>","protected":false},"featured_media":52379,"comment_status":"closed","ping_status":"closed","template":"","meta":{"advanced_seo_description":"","jetpack_seo_html_title":"","jetpack_seo_noindex":false},"pwb-brand":[737],"product_brand":[4873],"product_cat":[688,684],"product_tag":[],"class_list":{"0":"post-14721","1":"product","2":"type-product","3":"status-publish","4":"has-post-thumbnail","6":"pwb-brand-dorian-yates","7":"product_brand-dorian-yates","8":"product_cat-beauty-supplements","9":"product_cat-clean-beauty","10":"brand_woo-dorian-yates","12":"first","13":"instock","14":"taxable","15":"shipping-taxable","16":"purchasable","17":"product-type-simple"},"jetpack_sharing_enabled":true,"brands":[{"id":737,"name":"Dorian Yates","slug":"dorian-yates"}],"_links":{"self":[{"href":"https:\/\/veganova.eu\/sv\/wp-json\/wp\/v2\/product\/14721","targetHints":{"allow":["GET"]}}],"collection":[{"href":"https:\/\/veganova.eu\/sv\/wp-json\/wp\/v2\/product"}],"about":[{"href":"https:\/\/veganova.eu\/sv\/wp-json\/wp\/v2\/types\/product"}],"replies":[{"embeddable":true,"href":"https:\/\/veganova.eu\/sv\/wp-json\/wp\/v2\/comments?post=14721"}],"version-history":[{"count":1,"href":"https:\/\/veganova.eu\/sv\/wp-json\/wp\/v2\/product\/14721\/revisions"}],"predecessor-version":[{"id":58938,"href":"https:\/\/veganova.eu\/sv\/wp-json\/wp\/v2\/product\/14721\/revisions\/58938"}],"wp:featuredmedia":[{"embeddable":true,"href":"https:\/\/veganova.eu\/sv\/wp-json\/wp\/v2\/media\/52379"}],"wp:attachment":[{"href":"https:\/\/veganova.eu\/sv\/wp-json\/wp\/v2\/media?parent=14721"}],"wp:term":[{"taxonomy":"pwb-brand","embeddable":true,"href":"https:\/\/veganova.eu\/sv\/wp-json\/wp\/v2\/pwb-brand?post=14721"},{"taxonomy":"product_brand","embeddable":true,"href":"https:\/\/veganova.eu\/sv\/wp-json\/wp\/v2\/product_brand?post=14721"},{"taxonomy":"product_cat","embeddable":true,"href":"https:\/\/veganova.eu\/sv\/wp-json\/wp\/v2\/product_cat?post=14721"},{"taxonomy":"product_tag","embeddable":true,"href":"https:\/\/veganova.eu\/sv\/wp-json\/wp\/v2\/product_tag?post=14721"}],"curies":[{"name":"wp","href":"https:\/\/api.w.org\/{rel}","templated":true}]}}