{"id":14733,"date":"2023-11-13T19:30:37","date_gmt":"2023-11-13T18:30:37","guid":{"rendered":"https:\/\/veganova.eu\/?post_type=product&#038;p=14733"},"modified":"2026-04-21T07:25:30","modified_gmt":"2026-04-21T05:25:30","slug":"betteryou-magnesium-oil-original-spray-100-ml","status":"publish","type":"product","link":"https:\/\/veganova.eu\/sv\/shop\/betteryou-magnesium-oil-original-spray-100-ml\/","title":{"rendered":"BetterYou Magnesiumolja Original Spray - 100 ml."},"content":{"rendered":"<h3>BetterYou Magnesiumolja Original Spray - 100 ml.<\/h3>\n<p>BetterYou MagnesiumOil Original Spray \u00e4r v\u00e5r starkaste och renaste MagnesiumOil och ger det ultimata s\u00e4ttet att fylla p\u00e5 magnesiumniv\u00e5erna. En enkel och vetenskapligt bepr\u00f6vad metod f\u00f6r magnesiumtillskott.<\/p>\n<p>Magnesiumspray med h\u00f6g koncentration<br \/>\nSt\u00f6djer naturlig muskel\u00e5terh\u00e4mtning<br \/>\nRiktad spray mot muskelstelhet<br \/>\nSt\u00f6djer och underl\u00e4ttar kalciumabsorptionen<br \/>\nGodk\u00e4nd av initiativet Informed Sport<br \/>\nBetterYou Zechstein Magnesium \u00e4r formulerad f\u00f6r topisk anv\u00e4ndning och b\u00f6rjar absorberas omedelbart n\u00e4r den sprayas p\u00e5 huden. Denna essentiella mineral hj\u00e4lper till att fr\u00e4mja \u00f6vergripande v\u00e4lbefinnande och avkoppling.<\/p>\n<p>10 sprayer ger minst 200 mg (57% RDA) av optimalt absorberbart element\u00e4rt magnesium.<\/p>\n<p>100 ml inneh\u00e5ller 600 sprayer<\/p>\n<p>Varf\u00f6r MagnesiumOil Original Spray?<br \/>\nMagnesium ansvarar f\u00f6r 325 kemiska reaktioner i kroppen och fr\u00e4mjar energiproduktion, mental klarhet samt ben- och muskelh\u00e4lsa. En kropp med r\u00e4tt m\u00e4ngd magnesium blir smidigare och kan motst\u00e5 tr\u00f6tthet l\u00e4ngre.<\/p>\n<p>Bortsett fr\u00e5n ovanst\u00e5ende bidrar transdermalt magnesiumtillskott till f\u00f6rb\u00e4ttrad vila och \u00e5terh\u00e4mtning och \u00f6kad idrottsprestation, varf\u00f6r vi \u00e4r stolta \u00f6ver att kunna s\u00e4ga att MagnesiumOil Original \u00e4r godk\u00e4nt av det v\u00e4rldsber\u00f6mda Informed Sports-programmet.<\/p>\n<p>Den unika renheten hos BetterYou MagnesiumOil Original inneb\u00e4r att den kan anv\u00e4ndas av alla. Denna spray \u00e4r l\u00e4mplig under graviditet och amning, f\u00f6r barn och f\u00f6r dem som f\u00f6ljer diabetiker, celiaki, vegan och vegetarisk kost.<\/p>\n<p>Hur transdermala magnesiumtillskott fungerar:<\/p>\n<p>Appliceras direkt p\u00e5 huden BetterYou MagnesiumOil Original spray absorberas i den mycket por\u00f6sa \u00f6verhuden och genom blodk\u00e4rlen och musklerna under. Helt f\u00f6rbi matsm\u00e4ltningssystemet d\u00e4r m\u00e5nga n\u00e4rings\u00e4mnen inte absorberas. Transdermalt magnesium erbjuder ett effektivt alternativ till tabletter och kapslar.<\/p>\n<p>\u00d6verl\u00e4gsen magnesiumkvalitet<\/p>\n<p>Den flerfaldigt prisbel\u00f6nta sprayen inneh\u00e5ller 100% naturliga ingredienser, vilket ger en ren form av Zechstein Inside magnesiumklorid. V\u00e5r magnesiumklorid utvinns i norra Holland fr\u00e5n en s\u00f6m en kilometer under marken och har kondenserats och renats naturligt i \u00f6ver 250 miljoner \u00e5r, fri fr\u00e5n f\u00f6roreningar och tungmetaller fr\u00e5n m\u00e4nniskan, Zechstein Inside magnesiumklorid garanterar en naturligt ren magnesiumk\u00e4lla.<\/p>\n<p>Ingredienser:<br \/>\nKoncentrerad l\u00f6sning av Zechstein Inside magnesiumkloridhexahydrat (vatten, magnesiumkloridhexahydrat - koncentration 31%).<br \/>\n100% naturlig k\u00e4lla.<br \/>\nL\u00e4mplig f\u00f6r vegetarianer och veganer.<br \/>\nBetterYou \u00e4r stolta \u00f6ver sin unika metod f\u00f6r absorption, leverans och stabilitetstestning och \u00e4r stolta \u00f6ver att anv\u00e4nda naturliga, livsmedelsgodk\u00e4nda ingredienser fr\u00e5n livsmedel d\u00e4r s\u00e5 \u00e4r m\u00f6jligt.<br \/>\nStolt brittisk tillverkning. Aldrig testad p\u00e5 djur.<\/p>\n<p>V\u00e4gbeskrivning:<br \/>\nSpraya p\u00e5 kroppen och massera v\u00e4l in i huden. Helst efter dusch eller f\u00f6re s\u00f6mn.<br \/>\nF\u00f6r b\u00e4sta resultat, applicera p\u00e5 ren hud. Applicera p\u00e5 nytt n\u00e4r det beh\u00f6vs.<br \/>\nApplicera var som helst p\u00e5 kroppen och undvik trasig hud och k\u00e4nsliga omr\u00e5den som \u00f6gonen.<br \/>\nKoncentration p\u00e5 leder, muskler och problemomr\u00e5den.<br \/>\nL\u00e4mplig f\u00f6r barn och f\u00f6r anv\u00e4ndning under graviditet.<br \/>\nMagnesiumk\u00e4nslan<br \/>\nVid f\u00f6rsta appliceringen kan du uppleva en l\u00e4tt stickande k\u00e4nsla. Detta kan tyda p\u00e5 l\u00e5ga magnesiumniv\u00e5er och \u00e4r resultatet av den snabba absorptionen av magnesium genom porerna. Detta g\u00e5r \u00f6ver vid regelbunden anv\u00e4ndning och eftersom absorptionen p\u00e5b\u00f6rjas omedelbart kan huden torkas av efter insm\u00f6rjningen.<\/p>","protected":false},"excerpt":{"rendered":"<p>BetterYou Magnesium Oil Original Spray st\u00f6der naturlig muskel\u00e5terh\u00e4mtning. H\u00f6g koncentration av magnesium i \u00f6verl\u00e4gsen kvalitet. Inneh\u00e5ller: 100ml.<\/p>","protected":false},"featured_media":52367,"comment_status":"closed","ping_status":"closed","template":"","meta":{"advanced_seo_description":"","jetpack_seo_html_title":"","jetpack_seo_noindex":false},"pwb-brand":[142],"product_brand":[4563],"product_cat":[684,689],"product_tag":[],"class_list":{"0":"post-14733","1":"product","2":"type-product","3":"status-publish","4":"has-post-thumbnail","6":"pwb-brand-betteryou","7":"product_brand-betteryou","8":"product_cat-clean-beauty","9":"product_cat-natural-cosmetics","10":"brand_woo-betteryou","12":"first","13":"instock","14":"taxable","15":"shipping-taxable","16":"purchasable","17":"product-type-simple"},"jetpack_sharing_enabled":true,"brands":[{"id":142,"name":"BetterYou","slug":"betteryou"}],"_links":{"self":[{"href":"https:\/\/veganova.eu\/sv\/wp-json\/wp\/v2\/product\/14733","targetHints":{"allow":["GET"]}}],"collection":[{"href":"https:\/\/veganova.eu\/sv\/wp-json\/wp\/v2\/product"}],"about":[{"href":"https:\/\/veganova.eu\/sv\/wp-json\/wp\/v2\/types\/product"}],"replies":[{"embeddable":true,"href":"https:\/\/veganova.eu\/sv\/wp-json\/wp\/v2\/comments?post=14733"}],"version-history":[{"count":1,"href":"https:\/\/veganova.eu\/sv\/wp-json\/wp\/v2\/product\/14733\/revisions"}],"predecessor-version":[{"id":58942,"href":"https:\/\/veganova.eu\/sv\/wp-json\/wp\/v2\/product\/14733\/revisions\/58942"}],"wp:featuredmedia":[{"embeddable":true,"href":"https:\/\/veganova.eu\/sv\/wp-json\/wp\/v2\/media\/52367"}],"wp:attachment":[{"href":"https:\/\/veganova.eu\/sv\/wp-json\/wp\/v2\/media?parent=14733"}],"wp:term":[{"taxonomy":"pwb-brand","embeddable":true,"href":"https:\/\/veganova.eu\/sv\/wp-json\/wp\/v2\/pwb-brand?post=14733"},{"taxonomy":"product_brand","embeddable":true,"href":"https:\/\/veganova.eu\/sv\/wp-json\/wp\/v2\/product_brand?post=14733"},{"taxonomy":"product_cat","embeddable":true,"href":"https:\/\/veganova.eu\/sv\/wp-json\/wp\/v2\/product_cat?post=14733"},{"taxonomy":"product_tag","embeddable":true,"href":"https:\/\/veganova.eu\/sv\/wp-json\/wp\/v2\/product_tag?post=14733"}],"curies":[{"name":"wp","href":"https:\/\/api.w.org\/{rel}","templated":true}]}}