{"id":14961,"date":"2023-11-18T11:05:46","date_gmt":"2023-11-18T10:05:46","guid":{"rendered":"https:\/\/veganova.eu\/?post_type=product&#038;p=14961"},"modified":"2026-04-21T07:25:37","modified_gmt":"2026-04-21T05:25:37","slug":"swanson-vegan-collagen-builder-60-vcaps","status":"publish","type":"product","link":"https:\/\/veganova.eu\/sv\/shop\/swanson-vegan-collagen-builder-60-vcaps\/","title":{"rendered":"Swanson Vegan Collagen Builder - 60 vcaps"},"content":{"rendered":"<h3>Swanson Vegan Collagen Builder<\/h3>\n<ul>\n<li>St\u00f6djer produktionen av kollagen<\/li>\n<li>Minskar nedbrytningen av elastin<\/li>\n<li>Ger kiseldioxid, en viktig mineral f\u00f6r h\u00e5r-, hud- och nagelh\u00e4lsa<\/li>\n<\/ul>\n<p>Naturlig sk\u00f6nhet inifr\u00e5n inneb\u00e4r frisk hud, h\u00e5r och naglar. F\u00f6r att st\u00f6dja detta m\u00e5ste din kropp producera tillr\u00e4ckliga niv\u00e5er av kollagen. Ibland beh\u00f6ver kroppen dock lite hj\u00e4lp med att uppr\u00e4tth\u00e5lla h\u00e4lsosamma kollagenf\u00f6rr\u00e5d. N\u00e4r det h\u00e4nder kommer vissa att v\u00e4nda sig till ett kollagentillskott. F\u00f6r ett annat tillv\u00e4gag\u00e5ngss\u00e4tt samlar Swanson Vegan Collagen Builder kraften i C-vitamin, bambuextrakt och v\u00e4xtbaserade superfoods f\u00f6r att f\u00f6ryngra din naturliga sk\u00f6nhet inifr\u00e5n och ut genom att stimulera din kropp att \u00e5teruppbygga sina egna kollagenf\u00f6rr\u00e5d med de n\u00e4rings\u00e4mnen den beh\u00f6ver.<\/p>\n<p>Vegan Collagen Builder inneh\u00e5ller C-vitamin, som \u00e4r k\u00e4nt f\u00f6r att st\u00f6dja kroppens naturliga produktion av kollagen. Det \u00e4r viktigt eftersom kollagen \u00e4r kroppens mest f\u00f6rekommande protein och \u00e4r avg\u00f6rande f\u00f6r att st\u00e4rka h\u00e5r och naglar samt f\u00f6r att minska nedbrytningen av elastin, ett kompletterande protein som ger ungdomlig utstr\u00e5lning. Bambuextrakt \u00e4r en annan kraftfull ingrediens som anv\u00e4nder kiseldioxidens kraft f\u00f6r att st\u00e4rka bindv\u00e4ven och samtidigt f\u00f6rb\u00e4ttra h\u00e5rets och naglarnas vitalitet.<\/p>\n<p>Unikt f\u00f6r denna formula \u00e4r Dermaval, en kliniskt studerad kombination av nio superfood-v\u00e4xter, inklusive granat\u00e4pple, camu camu, acai med flera, som \u00e4r utformade f\u00f6r att bek\u00e4mpa nedbrytningen av kollagen och elastin. Camu camu i synnerhet erbjuder rikliga n\u00e4ringsm\u00e4ssiga f\u00f6rdelar i form av fytokemikalier som leucin och betakaroten samt h\u00f6ga niv\u00e5er av C-vitamin f\u00f6r att st\u00f6dja kollagensyntesen och erbjuda antioxidantskydd.<\/p>\n<p>Swanson Vegan Collagen Builder sticker ut fr\u00e5n kollagentillskott eftersom det inte bara \u00e4r en ers\u00e4ttning f\u00f6r kollagen som f\u00f6rlorats p\u00e5 grund av \u00e5lder. Ist\u00e4llet levererar det de byggstenar som din kropp beh\u00f6ver f\u00f6r att bilda sitt eget naturliga kollagen. Genom att f\u00f6rse din kropp med dessa viktiga verktyg f\u00f6r att uppr\u00e4tth\u00e5lla och fr\u00e4mja den allm\u00e4nna h\u00e4lsan kan Vegan Collagen Builder hj\u00e4lpa din naturliga sk\u00f6nhet att skina inifr\u00e5n.<\/p>","protected":false},"excerpt":{"rendered":"<p>Sk\u00f6nhetskosttillskott Swanson Vegan Collagen Builder med naturliga extrakt och koncentrat, st\u00f6der produktionen av kollagen. Vegansk kollagenbyggare minskar nedbrytningen av elastin. Naturlig sk\u00f6nhet inifr\u00e5n f\u00f6r hud, h\u00e5r och naglar. Inneh\u00e5ll: 60 vegetariska kapslar.<\/p>","protected":false},"featured_media":51242,"comment_status":"closed","ping_status":"closed","template":"","meta":{"advanced_seo_description":"","jetpack_seo_html_title":"","jetpack_seo_noindex":false},"pwb-brand":[450],"product_brand":[4753],"product_cat":[688,684],"product_tag":[],"class_list":{"0":"post-14961","1":"product","2":"type-product","3":"status-publish","4":"has-post-thumbnail","6":"pwb-brand-swanson","7":"product_brand-swanson","8":"product_cat-beauty-supplements","9":"product_cat-clean-beauty","10":"brand_woo-swanson","12":"first","13":"instock","14":"taxable","15":"shipping-taxable","16":"purchasable","17":"product-type-simple"},"jetpack_sharing_enabled":true,"brands":[{"id":450,"name":"Swanson","slug":"swanson"}],"_links":{"self":[{"href":"https:\/\/veganova.eu\/sv\/wp-json\/wp\/v2\/product\/14961","targetHints":{"allow":["GET"]}}],"collection":[{"href":"https:\/\/veganova.eu\/sv\/wp-json\/wp\/v2\/product"}],"about":[{"href":"https:\/\/veganova.eu\/sv\/wp-json\/wp\/v2\/types\/product"}],"replies":[{"embeddable":true,"href":"https:\/\/veganova.eu\/sv\/wp-json\/wp\/v2\/comments?post=14961"}],"version-history":[{"count":1,"href":"https:\/\/veganova.eu\/sv\/wp-json\/wp\/v2\/product\/14961\/revisions"}],"predecessor-version":[{"id":59022,"href":"https:\/\/veganova.eu\/sv\/wp-json\/wp\/v2\/product\/14961\/revisions\/59022"}],"wp:featuredmedia":[{"embeddable":true,"href":"https:\/\/veganova.eu\/sv\/wp-json\/wp\/v2\/media\/51242"}],"wp:attachment":[{"href":"https:\/\/veganova.eu\/sv\/wp-json\/wp\/v2\/media?parent=14961"}],"wp:term":[{"taxonomy":"pwb-brand","embeddable":true,"href":"https:\/\/veganova.eu\/sv\/wp-json\/wp\/v2\/pwb-brand?post=14961"},{"taxonomy":"product_brand","embeddable":true,"href":"https:\/\/veganova.eu\/sv\/wp-json\/wp\/v2\/product_brand?post=14961"},{"taxonomy":"product_cat","embeddable":true,"href":"https:\/\/veganova.eu\/sv\/wp-json\/wp\/v2\/product_cat?post=14961"},{"taxonomy":"product_tag","embeddable":true,"href":"https:\/\/veganova.eu\/sv\/wp-json\/wp\/v2\/product_tag?post=14961"}],"curies":[{"name":"wp","href":"https:\/\/api.w.org\/{rel}","templated":true}]}}