{"id":15473,"date":"2023-12-20T17:29:48","date_gmt":"2023-12-20T16:29:48","guid":{"rendered":"https:\/\/veganova.eu\/?post_type=product&#038;p=15473"},"modified":"2026-04-21T07:25:41","modified_gmt":"2026-04-21T05:25:41","slug":"evlution-nutrition-leanmode-kaps-150-vkaps","status":"publish","type":"product","link":"https:\/\/veganova.eu\/sv\/shop\/evlution-nutrition-leanmode-kaps-150-vkaps\/","title":{"rendered":"EVLution Nutrition LeanMode kapslar - 150 vkapslar"},"content":{"rendered":"<h3>EVLution Nutrition LeanMode kapslar - 150 vkapslar<\/h3>\n<ul>\n<li>St\u00f6d f\u00f6r \u00e4mnesoms\u00e4ttningen<\/li>\n<li>5 verkningsmekanismer<\/li>\n<li>St\u00f6d f\u00f6r aptiten<\/li>\n<li>Vegansk\/glutenfri<\/li>\n<\/ul>","protected":false},"excerpt":{"rendered":"<p>Veganskt kosttillskott EVLution Nutrition LeanMode inneh\u00e5ller extrakt fr\u00e5n gr\u00f6nt kaffe, gr\u00f6nt te, Garcinia Cambogia-v\u00e4xten, CLA och L-karnitin f\u00f6r att st\u00f6dja \u00e4mnesoms\u00e4ttningen och minska aptiten. F\u00f6rpackningens inneh\u00e5ll: 150 vegetabiliska kapslar.<\/p>","protected":false},"featured_media":51333,"comment_status":"closed","ping_status":"closed","template":"","meta":{"advanced_seo_description":"","jetpack_seo_html_title":"","jetpack_seo_noindex":false},"pwb-brand":[293],"product_brand":[4621],"product_cat":[177],"product_tag":[],"class_list":{"0":"post-15473","1":"product","2":"type-product","3":"status-publish","4":"has-post-thumbnail","6":"pwb-brand-evlution-nutrition","7":"product_brand-evlution-nutrition","8":"product_cat-weight-loss","9":"brand_woo-evlution-nutrition","11":"first","12":"instock","13":"sale","14":"taxable","15":"shipping-taxable","16":"purchasable","17":"product-type-simple"},"jetpack_sharing_enabled":true,"brands":[{"id":293,"name":"EVLution N\u00e4ring","slug":"evlution-nutrition"}],"_links":{"self":[{"href":"https:\/\/veganova.eu\/sv\/wp-json\/wp\/v2\/product\/15473","targetHints":{"allow":["GET"]}}],"collection":[{"href":"https:\/\/veganova.eu\/sv\/wp-json\/wp\/v2\/product"}],"about":[{"href":"https:\/\/veganova.eu\/sv\/wp-json\/wp\/v2\/types\/product"}],"replies":[{"embeddable":true,"href":"https:\/\/veganova.eu\/sv\/wp-json\/wp\/v2\/comments?post=15473"}],"version-history":[{"count":1,"href":"https:\/\/veganova.eu\/sv\/wp-json\/wp\/v2\/product\/15473\/revisions"}],"predecessor-version":[{"id":59072,"href":"https:\/\/veganova.eu\/sv\/wp-json\/wp\/v2\/product\/15473\/revisions\/59072"}],"wp:featuredmedia":[{"embeddable":true,"href":"https:\/\/veganova.eu\/sv\/wp-json\/wp\/v2\/media\/51333"}],"wp:attachment":[{"href":"https:\/\/veganova.eu\/sv\/wp-json\/wp\/v2\/media?parent=15473"}],"wp:term":[{"taxonomy":"pwb-brand","embeddable":true,"href":"https:\/\/veganova.eu\/sv\/wp-json\/wp\/v2\/pwb-brand?post=15473"},{"taxonomy":"product_brand","embeddable":true,"href":"https:\/\/veganova.eu\/sv\/wp-json\/wp\/v2\/product_brand?post=15473"},{"taxonomy":"product_cat","embeddable":true,"href":"https:\/\/veganova.eu\/sv\/wp-json\/wp\/v2\/product_cat?post=15473"},{"taxonomy":"product_tag","embeddable":true,"href":"https:\/\/veganova.eu\/sv\/wp-json\/wp\/v2\/product_tag?post=15473"}],"curies":[{"name":"wp","href":"https:\/\/api.w.org\/{rel}","templated":true}]}}