{"id":15529,"date":"2023-12-20T17:30:07","date_gmt":"2023-12-20T16:30:07","guid":{"rendered":"https:\/\/veganova.eu\/?post_type=product&#038;p=15529"},"modified":"2026-04-21T07:25:43","modified_gmt":"2026-04-21T05:25:43","slug":"allnutrition-vegan-pea-protein-chocolate-500g","status":"publish","type":"product","link":"https:\/\/veganova.eu\/sv\/shop\/allnutrition-vegan-pea-protein-chocolate-500g\/","title":{"rendered":"Allnutrition Vegan Pea Protein, Choklad - 500 g"},"content":{"rendered":"<h3>Allnutrition Vegan Pea Protein<\/h3>\n<p>ALLNUTRITION - Vegan Pea Protein \u00e4r ett proteinrikt tillskott baserat p\u00e5 \u00e4rtproteinkoncentrat, som k\u00e4nnetecknas av ett l\u00e5gt inneh\u00e5ll av kolhydrater och fetter. Anv\u00e4nds ocks\u00e5 risprotein, mandelprotein och hampaprotein f\u00f6r att berika dess sammans\u00e4ttning. Fram till nyligen trodde man att endast animaliskt protein var ett komplett protein. Men idag vet vi att v\u00e4xtproteiner kan vara precis lika v\u00e4rdefulla.<\/p>\n<p>ALLNUTRITION Vegan Pea Protein inneh\u00e5ller protein som bidrar till tillv\u00e4xten av muskelmassa och hj\u00e4lper till att bibeh\u00e5lla den. Det rekommenderas som ett tillskott till den dagliga kosten f\u00f6r fysiskt aktiva m\u00e4nniskor och idrottare.<\/p>","protected":false},"excerpt":{"rendered":"<p>Allnutrition Vegan Protein contains soy protein, pea protein, rice protein, konpe protein, cranberry protein, almond protein and sunflower protein. Protein content: 21g\/portion. Flavor: chocolate. Package contents: 500g.<\/p>","protected":false},"featured_media":51201,"comment_status":"closed","ping_status":"closed","template":"","meta":{"advanced_seo_description":"","jetpack_seo_html_title":"","jetpack_seo_noindex":false},"pwb-brand":[475],"product_brand":[4774],"product_cat":[133],"product_tag":[],"class_list":{"0":"post-15529","1":"product","2":"type-product","3":"status-publish","4":"has-post-thumbnail","6":"pwb-brand-allnutrition","7":"product_brand-allnutrition","8":"product_cat-vegan-proteins","9":"brand_woo-allnutrition","11":"first","12":"instock","13":"taxable","14":"shipping-taxable","15":"purchasable","16":"product-type-simple"},"jetpack_sharing_enabled":true,"brands":[{"id":475,"name":"Allnutrition","slug":"allnutrition"}],"_links":{"self":[{"href":"https:\/\/veganova.eu\/sv\/wp-json\/wp\/v2\/product\/15529","targetHints":{"allow":["GET"]}}],"collection":[{"href":"https:\/\/veganova.eu\/sv\/wp-json\/wp\/v2\/product"}],"about":[{"href":"https:\/\/veganova.eu\/sv\/wp-json\/wp\/v2\/types\/product"}],"replies":[{"embeddable":true,"href":"https:\/\/veganova.eu\/sv\/wp-json\/wp\/v2\/comments?post=15529"}],"version-history":[{"count":1,"href":"https:\/\/veganova.eu\/sv\/wp-json\/wp\/v2\/product\/15529\/revisions"}],"predecessor-version":[{"id":59096,"href":"https:\/\/veganova.eu\/sv\/wp-json\/wp\/v2\/product\/15529\/revisions\/59096"}],"wp:featuredmedia":[{"embeddable":true,"href":"https:\/\/veganova.eu\/sv\/wp-json\/wp\/v2\/media\/51201"}],"wp:attachment":[{"href":"https:\/\/veganova.eu\/sv\/wp-json\/wp\/v2\/media?parent=15529"}],"wp:term":[{"taxonomy":"pwb-brand","embeddable":true,"href":"https:\/\/veganova.eu\/sv\/wp-json\/wp\/v2\/pwb-brand?post=15529"},{"taxonomy":"product_brand","embeddable":true,"href":"https:\/\/veganova.eu\/sv\/wp-json\/wp\/v2\/product_brand?post=15529"},{"taxonomy":"product_cat","embeddable":true,"href":"https:\/\/veganova.eu\/sv\/wp-json\/wp\/v2\/product_cat?post=15529"},{"taxonomy":"product_tag","embeddable":true,"href":"https:\/\/veganova.eu\/sv\/wp-json\/wp\/v2\/product_tag?post=15529"}],"curies":[{"name":"wp","href":"https:\/\/api.w.org\/{rel}","templated":true}]}}