{"id":15557,"date":"2023-12-20T17:30:16","date_gmt":"2023-12-20T16:30:16","guid":{"rendered":"https:\/\/veganova.eu\/?post_type=product&#038;p=15557"},"modified":"2026-04-21T07:25:44","modified_gmt":"2026-04-21T05:25:44","slug":"betteryou-magnesium-gel-150-ml","status":"publish","type":"product","link":"https:\/\/veganova.eu\/sv\/shop\/betteryou-magnesium-gel-150-ml\/","title":{"rendered":"BetterYou Magnesium Gel - 150 ml."},"content":{"rendered":"<h3>BetterYou Magnesium Gel<\/h3>\n<p>BetterYou MagnesiumGel ger essentiellt magnesium i en riktad applikation. Ett utm\u00e4rkt s\u00e4tt att fylla p\u00e5 magnesiumniv\u00e5erna samt st\u00f6dja hudens h\u00e4lsa och st\u00f6dja naturlig muskelregenerering.<\/p>\n<ul>\n<li>Mycket m\u00e5linriktad till\u00e4mpning<\/li>\n<li>Reglerad fris\u00e4ttning f\u00f6r l\u00e5ngvarig leverans<\/li>\n<li>1 ml ger 100 mg element\u00e4rt magnesium<\/li>\n<li>Naturligt muskelavslappnande medel<\/li>\n<li>Fri fr\u00e5n f\u00f6roreningar orsakade av m\u00e4nniskan<\/li>\n<\/ul>\n<p>BetterYou MagnesiumGel ger en reglerad fris\u00e4ttning av magnesium f\u00f6r l\u00e5ngvarig leverans, vilket g\u00f6r den idealisk f\u00f6r anv\u00e4ndning under tr\u00e4ning och riktad applicering. 1 ml gel ger minst 100 mg optimalt absorberbart element\u00e4rt magnesium, medan en tesked ger 500 mg.<\/p>\n<p><strong>Varf\u00f6r MagnesiumGel?<\/strong><\/p>\n<p>N\u00e4r BetterYou MagnesiumGel appliceras p\u00e5 huden b\u00f6rjar detta viktiga mineral absorberas omedelbart, vilket ger en enkel och vetenskapligt bevisad metod f\u00f6r att fylla p\u00e5 magnesium. Magnesium \u00e4r viktigt f\u00f6r en frisk kropp - ett naturligt avslappnande medel, lindrar muskelsp\u00e4nningar, stelhet och flexibilitet, samt hj\u00e4lper hudens h\u00e4lsa, kalciumabsorption och vilsam s\u00f6mn.<\/p>\n<p><strong>Hur transdermala magnesiumtillskott fungerar:<\/strong> BetterYou MagnesiumGel appliceras direkt p\u00e5 huden och absorberas i den mycket por\u00f6sa epidermis och genom blodk\u00e4rlen och musklerna under. Det g\u00e5r helt f\u00f6rbi matsm\u00e4ltningssystemet, d\u00e4r m\u00e5nga n\u00e4rings\u00e4mnen inte absorberas. Transdermalt magnesium erbjuder ett effektivt alternativ till tabletter och kapslar.<\/p>\n<p><strong> Ingredienser:<\/strong> Aqua (vatten), magnesiumklorid, hydroxipropylst\u00e4rkelsefosfat. 100% naturlig k\u00e4lla till magnesium.<\/p>\n<p><strong>V\u00e4gbeskrivning:<\/strong> Applicera en liten \u00e4rtstor m\u00e4ngd p\u00e5 m\u00e5lomr\u00e5det och massera v\u00e4l in i huden, undvik skadad hud och k\u00e4nsliga omr\u00e5den som \u00f6gonen. Fokusera p\u00e5 leder, muskler och omr\u00e5den av intresse. \u00c5terapplicera vid behov. Idealisk f\u00f6r anv\u00e4ndning efter tr\u00e4ning. F\u00f6r b\u00e4sta resultat, applicera p\u00e5 ren hud. P\u00e5 grund av sin renhet \u00e4r MagnesiumGel l\u00e4mplig f\u00f6r barn och f\u00f6r anv\u00e4ndning under graviditet. Magnesium stickningar Vid den f\u00f6rsta appliceringen kan du k\u00e4nna en l\u00e4tt stickning. Detta kan indikera l\u00e5ga magnesiumniv\u00e5er och \u00e4r resultatet av h\u00f6ghastighetsabsorption av magnesium genom porerna. Vid regelbunden anv\u00e4ndning kommer detta att f\u00f6rsvinna och eftersom absorptionen b\u00f6rjar omedelbart kan huden torkas av med en handduk efter massagen.<\/p>","protected":false},"excerpt":{"rendered":"<p>Naturlig magnesiumgel BetterYou Magnesium Gel \u00e4r avsedd f\u00f6r lokal extern anv\u00e4ndning, f\u00f6r muskelavslappning eller hudf\u00f6rst\u00e4rkning. Naturligt magnesium i h\u00f6g koncentration. Perfekt f\u00f6r anv\u00e4ndning p\u00e5 kv\u00e4llen f\u00f6re s\u00e4ngg\u00e5endet eller under intensiv tr\u00e4ning. Inneh\u00e5ll: 150 ml.<\/p>","protected":false},"featured_media":51199,"comment_status":"closed","ping_status":"closed","template":"","meta":{"advanced_seo_description":"","jetpack_seo_html_title":"","jetpack_seo_noindex":false},"pwb-brand":[142],"product_brand":[4563],"product_cat":[684,172,689,2598],"product_tag":[],"class_list":{"0":"post-15557","1":"product","2":"type-product","3":"status-publish","4":"has-post-thumbnail","6":"pwb-brand-betteryou","7":"product_brand-betteryou","8":"product_cat-clean-beauty","9":"product_cat-minerals","10":"product_cat-natural-cosmetics","11":"product_cat-recovery","12":"brand_woo-betteryou","14":"first","15":"instock","16":"taxable","17":"shipping-taxable","18":"purchasable","19":"product-type-simple"},"jetpack_sharing_enabled":true,"brands":[{"id":142,"name":"BetterYou","slug":"betteryou"}],"_links":{"self":[{"href":"https:\/\/veganova.eu\/sv\/wp-json\/wp\/v2\/product\/15557","targetHints":{"allow":["GET"]}}],"collection":[{"href":"https:\/\/veganova.eu\/sv\/wp-json\/wp\/v2\/product"}],"about":[{"href":"https:\/\/veganova.eu\/sv\/wp-json\/wp\/v2\/types\/product"}],"replies":[{"embeddable":true,"href":"https:\/\/veganova.eu\/sv\/wp-json\/wp\/v2\/comments?post=15557"}],"version-history":[{"count":1,"href":"https:\/\/veganova.eu\/sv\/wp-json\/wp\/v2\/product\/15557\/revisions"}],"predecessor-version":[{"id":59107,"href":"https:\/\/veganova.eu\/sv\/wp-json\/wp\/v2\/product\/15557\/revisions\/59107"}],"wp:featuredmedia":[{"embeddable":true,"href":"https:\/\/veganova.eu\/sv\/wp-json\/wp\/v2\/media\/51199"}],"wp:attachment":[{"href":"https:\/\/veganova.eu\/sv\/wp-json\/wp\/v2\/media?parent=15557"}],"wp:term":[{"taxonomy":"pwb-brand","embeddable":true,"href":"https:\/\/veganova.eu\/sv\/wp-json\/wp\/v2\/pwb-brand?post=15557"},{"taxonomy":"product_brand","embeddable":true,"href":"https:\/\/veganova.eu\/sv\/wp-json\/wp\/v2\/product_brand?post=15557"},{"taxonomy":"product_cat","embeddable":true,"href":"https:\/\/veganova.eu\/sv\/wp-json\/wp\/v2\/product_cat?post=15557"},{"taxonomy":"product_tag","embeddable":true,"href":"https:\/\/veganova.eu\/sv\/wp-json\/wp\/v2\/product_tag?post=15557"}],"curies":[{"name":"wp","href":"https:\/\/api.w.org\/{rel}","templated":true}]}}