{"id":2746,"date":"2023-10-01T17:01:17","date_gmt":"2023-10-01T15:01:17","guid":{"rendered":"https:\/\/veganova.eu\/?post_type=product&#038;p=2746"},"modified":"2026-04-21T07:23:24","modified_gmt":"2026-04-21T05:23:24","slug":"doctors-best-fully-active-b-complex-with-quatrefolic-60-kaps","status":"publish","type":"product","link":"https:\/\/veganova.eu\/sv\/shop\/doctors-best-fully-active-b-complex-with-quatrefolic-60-kaps\/","title":{"rendered":"Doctor's Best Fully Active B-Complex med Quatrefolic (60 kapslar)"},"content":{"rendered":"<h3>Doctor's Best Fully Active B-Complex med Quatrefolic<\/h3>\n<ul>\n<li>Doctor's Best Fully Active B Complex ger energi och hj\u00e4lper till att hantera stress.<\/li>\n<li>B-vitaminer \u00e4r n\u00f6dv\u00e4ndiga f\u00f6r att producera energi fr\u00e5n maten och f\u00f6r att skapa och uppr\u00e4tth\u00e5lla h\u00e4lsosamma DNA-, gen-, cell-, v\u00e4vnads-, organ- och enzymfunktioner.<\/li>\n<li>B-vitaminer \u00e4r grunden f\u00f6r livet; m\u00e4nniskor kan inte tillverka dem, s\u00e5 vi m\u00e5ste f\u00e5 dem genom kosten.<\/li>\n<li>Doctor's Best Fully Active B Complex inneh\u00e5ller endast de b\u00e4sta anv\u00e4ndbara formerna av vitamin B. Detta inkluderar fullt aktivt folat, det mest aktiva folatet i kroppen, och MTHF (metyl- tetra-hydro-folat). Det ger fullt aktivt vitamin B12 i form av metylkobalamin (metyl-B12), vilket hj\u00e4lper till att s\u00e4kerst\u00e4lla utm\u00e4rkt oral absorption.<\/li>\n<li>Best Fully Active B Complex \u00e4r ett fullspektrum vitamin B-tillskott, noggrant utformat f\u00f6r optimal absorption och anv\u00e4ndning.<\/li>\n<li>Denna formulering ger B-vitaminer i deras s\u00e4kraste, b\u00e4st tolererade och mest biokemiskt aktiva form.<\/li>\n<\/ul>","protected":false},"excerpt":{"rendered":"<p>Vegan n\u00e4ringstillskott Doctor's Best Fully Active B-Complex med Quatrefolic presenterar ett komplex av grupp B-vitaminer i sin mest aktiva form. Det inneh\u00e5ller inte gluten och \u00e4r GMO-fritt. F\u00f6rpackningen inneh\u00e5ller: 60 kapslar.<\/p>","protected":false},"featured_media":53766,"comment_status":"closed","ping_status":"closed","template":"","meta":{"advanced_seo_description":"","jetpack_seo_html_title":"","jetpack_seo_noindex":false},"pwb-brand":[147],"product_brand":[4565],"product_cat":[153,152],"product_tag":[860,1094,1150],"class_list":{"0":"post-2746","1":"product","2":"type-product","3":"status-publish","4":"has-post-thumbnail","6":"pwb-brand-doctors-best","7":"product_brand-doctors-best","8":"product_cat-vitamins","9":"product_cat-vitamins-and-minerals","10":"product_tag-energy","11":"product_tag-metabolism","12":"product_tag-nervous-system","13":"brand_woo-doctors-best","15":"first","16":"instock","17":"taxable","18":"shipping-taxable","19":"purchasable","20":"product-type-simple"},"jetpack_sharing_enabled":true,"brands":[{"id":147,"name":"Doktorns b\u00e4sta","slug":"doctors-best"}],"_links":{"self":[{"href":"https:\/\/veganova.eu\/sv\/wp-json\/wp\/v2\/product\/2746","targetHints":{"allow":["GET"]}}],"collection":[{"href":"https:\/\/veganova.eu\/sv\/wp-json\/wp\/v2\/product"}],"about":[{"href":"https:\/\/veganova.eu\/sv\/wp-json\/wp\/v2\/types\/product"}],"replies":[{"embeddable":true,"href":"https:\/\/veganova.eu\/sv\/wp-json\/wp\/v2\/comments?post=2746"}],"version-history":[{"count":1,"href":"https:\/\/veganova.eu\/sv\/wp-json\/wp\/v2\/product\/2746\/revisions"}],"predecessor-version":[{"id":57310,"href":"https:\/\/veganova.eu\/sv\/wp-json\/wp\/v2\/product\/2746\/revisions\/57310"}],"wp:featuredmedia":[{"embeddable":true,"href":"https:\/\/veganova.eu\/sv\/wp-json\/wp\/v2\/media\/53766"}],"wp:attachment":[{"href":"https:\/\/veganova.eu\/sv\/wp-json\/wp\/v2\/media?parent=2746"}],"wp:term":[{"taxonomy":"pwb-brand","embeddable":true,"href":"https:\/\/veganova.eu\/sv\/wp-json\/wp\/v2\/pwb-brand?post=2746"},{"taxonomy":"product_brand","embeddable":true,"href":"https:\/\/veganova.eu\/sv\/wp-json\/wp\/v2\/product_brand?post=2746"},{"taxonomy":"product_cat","embeddable":true,"href":"https:\/\/veganova.eu\/sv\/wp-json\/wp\/v2\/product_cat?post=2746"},{"taxonomy":"product_tag","embeddable":true,"href":"https:\/\/veganova.eu\/sv\/wp-json\/wp\/v2\/product_tag?post=2746"}],"curies":[{"name":"wp","href":"https:\/\/api.w.org\/{rel}","templated":true}]}}