{"id":2924,"date":"2023-10-01T17:02:34","date_gmt":"2023-10-01T15:02:34","guid":{"rendered":"https:\/\/veganova.eu\/?post_type=product&#038;p=2924"},"modified":"2026-04-21T07:23:35","modified_gmt":"2026-04-21T05:23:35","slug":"doctors-best-fully-active-b12-1500mcg-60-kaps","status":"publish","type":"product","link":"https:\/\/veganova.eu\/sv\/shop\/doctors-best-fully-active-b12-1500mcg-60-kaps\/","title":{"rendered":"Doctor's Best Fully Active B12, 1500mcg (60 kapslar)"},"content":{"rendered":"<h3>Doctor's Best Fully Active B12<\/h3>\n<ul>\n<li>Doctor's Best Fully Active B12 st\u00f6der h\u00e4lsosamt minne, hum\u00f6r, cirkulation och allm\u00e4nt fysiskt och psykiskt v\u00e4lbefinnande.<\/li>\n<li>Inneh\u00e5ller metylkobalamin, den mest biokemiskt aktiva formen av vitamin B12.<\/li>\n<li>Vitamin B12 \u00e4r viktigt f\u00f6r m\u00e4nniskor i alla skeden av livet, fr\u00e5n befruktning till h\u00f6g \u00e5lder.<\/li>\n<li>En h\u00e4lsosam niv\u00e5 av vitamin B12 \u00e4r f\u00f6rknippad med gott hum\u00f6r och ett friskt nervsystem.<\/li>\n<\/ul>","protected":false},"excerpt":{"rendered":"<p>Veganskt n\u00e4ringstillskott som inneh\u00e5ller den mest aktiva formen av vitamin B12 Doctor's Best Fully Active B12, 1500mcg, f\u00f6rpackningen inneh\u00e5ller: 60 kapslar. Glutenfri och GMO-fri.<\/p>","protected":false},"featured_media":51758,"comment_status":"closed","ping_status":"closed","template":"","meta":{"advanced_seo_description":"","jetpack_seo_html_title":"","jetpack_seo_noindex":false},"pwb-brand":[147],"product_brand":[4565],"product_cat":[153,152],"product_tag":[1200,860,1094,1150],"class_list":{"0":"post-2924","1":"product","2":"type-product","3":"status-publish","4":"has-post-thumbnail","6":"pwb-brand-doctors-best","7":"product_brand-doctors-best","8":"product_cat-vitamins","9":"product_cat-vitamins-and-minerals","10":"product_tag-blood-circulation","11":"product_tag-energy","12":"product_tag-metabolism","13":"product_tag-nervous-system","14":"brand_woo-doctors-best","16":"first","17":"instock","18":"taxable","19":"shipping-taxable","20":"purchasable","21":"product-type-simple"},"jetpack_sharing_enabled":true,"brands":[{"id":147,"name":"Doktorns b\u00e4sta","slug":"doctors-best"}],"_links":{"self":[{"href":"https:\/\/veganova.eu\/sv\/wp-json\/wp\/v2\/product\/2924","targetHints":{"allow":["GET"]}}],"collection":[{"href":"https:\/\/veganova.eu\/sv\/wp-json\/wp\/v2\/product"}],"about":[{"href":"https:\/\/veganova.eu\/sv\/wp-json\/wp\/v2\/types\/product"}],"replies":[{"embeddable":true,"href":"https:\/\/veganova.eu\/sv\/wp-json\/wp\/v2\/comments?post=2924"}],"version-history":[{"count":1,"href":"https:\/\/veganova.eu\/sv\/wp-json\/wp\/v2\/product\/2924\/revisions"}],"predecessor-version":[{"id":57467,"href":"https:\/\/veganova.eu\/sv\/wp-json\/wp\/v2\/product\/2924\/revisions\/57467"}],"wp:featuredmedia":[{"embeddable":true,"href":"https:\/\/veganova.eu\/sv\/wp-json\/wp\/v2\/media\/51758"}],"wp:attachment":[{"href":"https:\/\/veganova.eu\/sv\/wp-json\/wp\/v2\/media?parent=2924"}],"wp:term":[{"taxonomy":"pwb-brand","embeddable":true,"href":"https:\/\/veganova.eu\/sv\/wp-json\/wp\/v2\/pwb-brand?post=2924"},{"taxonomy":"product_brand","embeddable":true,"href":"https:\/\/veganova.eu\/sv\/wp-json\/wp\/v2\/product_brand?post=2924"},{"taxonomy":"product_cat","embeddable":true,"href":"https:\/\/veganova.eu\/sv\/wp-json\/wp\/v2\/product_cat?post=2924"},{"taxonomy":"product_tag","embeddable":true,"href":"https:\/\/veganova.eu\/sv\/wp-json\/wp\/v2\/product_tag?post=2924"}],"curies":[{"name":"wp","href":"https:\/\/api.w.org\/{rel}","templated":true}]}}