{"id":3014,"date":"2023-10-01T17:02:57","date_gmt":"2023-10-01T15:02:57","guid":{"rendered":"https:\/\/veganova.eu\/?post_type=product&#038;p=3014"},"modified":"2026-04-26T02:21:33","modified_gmt":"2026-04-26T00:21:33","slug":"garden-of-life-dr-formulated-whole-food-magnesium-orange-197g","status":"publish","type":"product","link":"https:\/\/veganova.eu\/sv\/shop\/garden-of-life-dr-formulated-whole-food-magnesium-orange-197g\/","title":{"rendered":"Garden of Life Dr. Formulated Whole Food Magnesium, apelsin (197 g)"},"content":{"rendered":"<h3>Garden of Life Dr. Formulated Whole Food Magnesium, apelsin (197 g)<\/h3>\n<p>Om du k\u00e4nner dig tr\u00f6tt, har problem med att sova eller hanterar stress i ditt liv \u00e4r det dags att dricka-sova-\u00e5terh\u00e4mta! Magnesium \u00e4r ett av de viktigaste sp\u00e5r\u00e4mnena i den m\u00e4nskliga kosten och \u00e4nd\u00e5 f\u00e5r de flesta m\u00e4nniskor inte tillr\u00e4ckligt med sin normala kostkonsumtion. Dr. Formulated Whole Food magnesiumpulver \u00e4r ett uts\u00f6kt, halloncitronsmakande, brusande s\u00e4tt att hj\u00e4lpa dig att lugna och koppla av samtidigt som du \u00e5terst\u00e4ller kroppens optimala magnesiumniv\u00e5er. Dr. Formulated Whole Food Magnesium inneh\u00e5ller magnesiumkelat av brunt risprotein samt levande probiotika - 1 miljard CFU - f\u00f6r att st\u00f6dja h\u00e4lsosam matsm\u00e4ltning och regelbundenhet.<\/p>","protected":false},"excerpt":{"rendered":"<p>Veganskt n\u00e4ringstillskott med magnesium Garden of Life Dr. Formulated Whole Food Magnesium med tillsats av probiotika, l\u00e4mplig under perioder av stress och \u00f6kad mental och fysisk stress. Smak: Apelsin, f\u00f6rpackningen inneh\u00e5ller: 197g.<\/p>","protected":false},"featured_media":53221,"comment_status":"closed","ping_status":"closed","template":"","meta":{"advanced_seo_description":"","jetpack_seo_html_title":"","jetpack_seo_noindex":false},"pwb-brand":[303],"product_brand":[4625],"product_cat":[172,2598,152],"product_tag":[1245,1197,1079,1126],"class_list":{"0":"post-3014","1":"product","2":"type-product","3":"status-publish","4":"has-post-thumbnail","6":"pwb-brand-garden-of-life","7":"product_brand-garden-of-life","8":"product_cat-minerals","9":"product_cat-recovery","10":"product_cat-vitamins-and-minerals","11":"product_tag-mental-well-being","12":"product_tag-regeneration","13":"product_tag-relaxation","14":"product_tag-stress","15":"brand_woo-garden-of-life","17":"first","18":"instock","19":"taxable","20":"shipping-taxable","21":"purchasable","22":"product-type-simple"},"jetpack_sharing_enabled":true,"brands":[{"id":303,"name":"Livets tr\u00e4dg\u00e5rd","slug":"garden-of-life"}],"_links":{"self":[{"href":"https:\/\/veganova.eu\/sv\/wp-json\/wp\/v2\/product\/3014","targetHints":{"allow":["GET"]}}],"collection":[{"href":"https:\/\/veganova.eu\/sv\/wp-json\/wp\/v2\/product"}],"about":[{"href":"https:\/\/veganova.eu\/sv\/wp-json\/wp\/v2\/types\/product"}],"replies":[{"embeddable":true,"href":"https:\/\/veganova.eu\/sv\/wp-json\/wp\/v2\/comments?post=3014"}],"version-history":[{"count":1,"href":"https:\/\/veganova.eu\/sv\/wp-json\/wp\/v2\/product\/3014\/revisions"}],"predecessor-version":[{"id":57519,"href":"https:\/\/veganova.eu\/sv\/wp-json\/wp\/v2\/product\/3014\/revisions\/57519"}],"wp:featuredmedia":[{"embeddable":true,"href":"https:\/\/veganova.eu\/sv\/wp-json\/wp\/v2\/media\/53221"}],"wp:attachment":[{"href":"https:\/\/veganova.eu\/sv\/wp-json\/wp\/v2\/media?parent=3014"}],"wp:term":[{"taxonomy":"pwb-brand","embeddable":true,"href":"https:\/\/veganova.eu\/sv\/wp-json\/wp\/v2\/pwb-brand?post=3014"},{"taxonomy":"product_brand","embeddable":true,"href":"https:\/\/veganova.eu\/sv\/wp-json\/wp\/v2\/product_brand?post=3014"},{"taxonomy":"product_cat","embeddable":true,"href":"https:\/\/veganova.eu\/sv\/wp-json\/wp\/v2\/product_cat?post=3014"},{"taxonomy":"product_tag","embeddable":true,"href":"https:\/\/veganova.eu\/sv\/wp-json\/wp\/v2\/product_tag?post=3014"}],"curies":[{"name":"wp","href":"https:\/\/api.w.org\/{rel}","templated":true}]}}