{"id":3201,"date":"2023-10-01T17:04:09","date_gmt":"2023-10-01T15:04:09","guid":{"rendered":"https:\/\/veganova.eu\/?post_type=product&#038;p=3201"},"modified":"2026-04-21T07:23:50","modified_gmt":"2026-04-21T05:23:50","slug":"jarrow-formulas-yum-yum-dophilus-1-billion-120-chewable-tab","status":"publish","type":"product","link":"https:\/\/veganova.eu\/sv\/shop\/jarrow-formulas-yum-yum-dophilus-1-billion-120-chewable-tab\/","title":{"rendered":"Jarrow Formulas Yum-Yum Dophilus, 1 miljard (120 tuggtabletter)"},"content":{"rendered":"<h3>Jarrow Formulas Yum-Yum Dophilus, 1 miljard (120 tuggtabletter)<\/h3>\n<p>Vad g\u00f6r Yum-Yum Dophilus?<br \/>\nJarrow Formulas Yum-Yum Dophilus inneh\u00e5ller 4 kliniskt dokumenterade stammar av nyttiga bakterier i en smaskig tuggtablett. Den nyttiga tarmfloran kan p\u00e5verkas negativt eller reduceras av en kost med l\u00e5gt fiberinneh\u00e5ll, h\u00f6gt inneh\u00e5ll av animaliskt protein, anv\u00e4ndning av l\u00e4kemedel, resor och stress, etc. Resultatet blir dysbios (dvs. st\u00f6rningar i den normala tarmmikrofloran), vilket kan p\u00e5verka mag-tarmfunktionen och v\u00e4lbefinnandet negativt.<\/p>\n<p>De v\u00e4nliga bakterierna i Yum-Yum Dophilus hj\u00e4lper till att uppr\u00e4tth\u00e5lla en balanserad tarmmikroflora, st\u00f6dja immunfunktionen och fr\u00e4mja h\u00e4lsan. Xylitol anv\u00e4nds f\u00f6r att f\u00f6rb\u00e4ttra smaken och st\u00f6dja tandh\u00e4lsan.<\/p>\n<p>Sockerfri. Inga konstgjorda s\u00f6tningsmedel, smaker eller f\u00e4rger.<\/p>\n<p>Varje tablett \u00e4r individuellt blisterf\u00f6rpackad f\u00f6r \u00f6kad stabilitet och bekv\u00e4mlighet.<\/p>","protected":false},"excerpt":{"rendered":"<p>N\u00e4ringstillskott inneh\u00e5llande probiotika, inulin och frukto-oligosackarider Jarrow Formulas Yum-Yum Dophilus, 1 Billion, f\u00f6rpackningen inneh\u00e5ller: 120 tuggtabletter.<\/p>","protected":false},"featured_media":11337,"comment_status":"closed","ping_status":"closed","template":"","meta":{"advanced_seo_description":"","jetpack_seo_html_title":"","jetpack_seo_noindex":false},"pwb-brand":[165],"product_brand":[4572],"product_cat":[596],"product_tag":[1156,1276,1117,1275],"class_list":{"0":"post-3201","1":"product","2":"type-product","3":"status-publish","4":"has-post-thumbnail","6":"pwb-brand-jarrow-formulas","7":"product_brand-jarrow-formulas","8":"product_cat-digestion","9":"product_tag-healthy-digestion","10":"product_tag-healthy-intestine","11":"product_tag-immunity","12":"product_tag-intestinal-microflora","13":"brand_woo-jarrow-formulas","15":"first","16":"instock","17":"sale","18":"taxable","19":"shipping-taxable","20":"purchasable","21":"product-type-simple"},"jetpack_sharing_enabled":true,"brands":[{"id":165,"name":"Jarrow-formler","slug":"jarrow-formulas"}],"_links":{"self":[{"href":"https:\/\/veganova.eu\/sv\/wp-json\/wp\/v2\/product\/3201","targetHints":{"allow":["GET"]}}],"collection":[{"href":"https:\/\/veganova.eu\/sv\/wp-json\/wp\/v2\/product"}],"about":[{"href":"https:\/\/veganova.eu\/sv\/wp-json\/wp\/v2\/types\/product"}],"replies":[{"embeddable":true,"href":"https:\/\/veganova.eu\/sv\/wp-json\/wp\/v2\/comments?post=3201"}],"version-history":[{"count":1,"href":"https:\/\/veganova.eu\/sv\/wp-json\/wp\/v2\/product\/3201\/revisions"}],"predecessor-version":[{"id":57687,"href":"https:\/\/veganova.eu\/sv\/wp-json\/wp\/v2\/product\/3201\/revisions\/57687"}],"wp:featuredmedia":[{"embeddable":true,"href":"https:\/\/veganova.eu\/sv\/wp-json\/wp\/v2\/media\/11337"}],"wp:attachment":[{"href":"https:\/\/veganova.eu\/sv\/wp-json\/wp\/v2\/media?parent=3201"}],"wp:term":[{"taxonomy":"pwb-brand","embeddable":true,"href":"https:\/\/veganova.eu\/sv\/wp-json\/wp\/v2\/pwb-brand?post=3201"},{"taxonomy":"product_brand","embeddable":true,"href":"https:\/\/veganova.eu\/sv\/wp-json\/wp\/v2\/product_brand?post=3201"},{"taxonomy":"product_cat","embeddable":true,"href":"https:\/\/veganova.eu\/sv\/wp-json\/wp\/v2\/product_cat?post=3201"},{"taxonomy":"product_tag","embeddable":true,"href":"https:\/\/veganova.eu\/sv\/wp-json\/wp\/v2\/product_tag?post=3201"}],"curies":[{"name":"wp","href":"https:\/\/api.w.org\/{rel}","templated":true}]}}