{"id":3232,"date":"2023-10-01T17:04:22","date_gmt":"2023-10-01T15:04:22","guid":{"rendered":"https:\/\/veganova.eu\/?post_type=product&#038;p=3232"},"modified":"2026-04-21T07:23:52","modified_gmt":"2026-04-21T05:23:52","slug":"kiki-health-natures-living-superfood-organic-150g","status":"publish","type":"product","link":"https:\/\/veganova.eu\/sv\/shop\/kiki-health-natures-living-superfood-organic-150g\/","title":{"rendered":"KIKI Health Nature's Living Superfood Ekologisk (150 g)"},"content":{"rendered":"<h3>KIKI Health Nature's Living Superfood Ekologisk (150 g)<\/h3>\n<p>Gr\u00f6na livsmedel<br \/>\nV\u00e4xtsaft<br \/>\nGr\u00f6nsaker fr\u00e5n havet<br \/>\nAlger<br \/>\nEnzymer<br \/>\nBakteriekulturer<br \/>\nCertifierad<br \/>\nGlutenfri<\/p>\n<p>Nature's Living Superfood \u00e4r ett gr\u00f6nt alkaliserande helkosttillskott. Det \u00e4r framst\u00e4llt av en omfattande blandning av hela livsmedel, inklusive alkaliserande land- och havsgr\u00f6nsaker, mikroalger, enzymer och bakteriekulturer. Alla 32 kallpressade prim\u00e4ra ingredienser i Nature's Living Superfood har noggrant valts ut, balanserats och beretts f\u00f6r att s\u00e4kerst\u00e4lla maximal absorption och anv\u00e4ndning i kroppen p\u00e5 cellul\u00e4r niv\u00e5. Nature's Living Superfood \u00e4r utformad f\u00f6r att st\u00f6dja dina dagliga n\u00e4ringsbehov eftersom den uteslutande \u00e4r gjord av v\u00e4xtbaserade, hela livsmedelsingredienser med probiotika och enzymer, som alla hj\u00e4lper till att l\u00e5ta kroppen absorbera de n\u00e4rings\u00e4mnen den beh\u00f6ver och st\u00f6dja matsm\u00e4ltningsh\u00e4lsan.<\/p>","protected":false},"excerpt":{"rendered":"<p>Veganskt kosttillskott KIKI Health Nature's Living Superfood Organic inneh\u00e5ller ett rent extrakt av superfoods, alger, i kombination med enzymer och probiotiska kulturer. Ett idealiskt n\u00e4ringstillskott f\u00f6r maximala h\u00e4lsof\u00f6rdelar, h\u00e4lsosam matsm\u00e4ltning och f\u00f6rst\u00e4rkning av immuniteten. F\u00f6rpackningen inneh\u00e5ller: 150g. Glutenfri.<\/p>","protected":false},"featured_media":53137,"comment_status":"closed","ping_status":"closed","template":"","meta":{"advanced_seo_description":"","jetpack_seo_html_title":"","jetpack_seo_noindex":false},"pwb-brand":[166],"product_brand":[4573],"product_cat":[149],"product_tag":[1167,1157,1037,1067,1117,1285],"class_list":{"0":"post-3232","1":"product","2":"type-product","3":"status-publish","4":"has-post-thumbnail","6":"pwb-brand-kiki-health","7":"product_brand-kiki-health","8":"product_cat-superfoods","9":"product_tag-blood-vessels","10":"product_tag-circulation","11":"product_tag-detox","12":"product_tag-digestion","13":"product_tag-immunity","14":"product_tag-intestines","15":"brand_woo-kiki-health","17":"first","18":"instock","19":"taxable","20":"shipping-taxable","21":"purchasable","22":"product-type-simple"},"jetpack_sharing_enabled":true,"brands":[{"id":166,"name":"KIKI H\u00e4lsa","slug":"kiki-health"}],"_links":{"self":[{"href":"https:\/\/veganova.eu\/sv\/wp-json\/wp\/v2\/product\/3232","targetHints":{"allow":["GET"]}}],"collection":[{"href":"https:\/\/veganova.eu\/sv\/wp-json\/wp\/v2\/product"}],"about":[{"href":"https:\/\/veganova.eu\/sv\/wp-json\/wp\/v2\/types\/product"}],"replies":[{"embeddable":true,"href":"https:\/\/veganova.eu\/sv\/wp-json\/wp\/v2\/comments?post=3232"}],"version-history":[{"count":1,"href":"https:\/\/veganova.eu\/sv\/wp-json\/wp\/v2\/product\/3232\/revisions"}],"predecessor-version":[{"id":57717,"href":"https:\/\/veganova.eu\/sv\/wp-json\/wp\/v2\/product\/3232\/revisions\/57717"}],"wp:featuredmedia":[{"embeddable":true,"href":"https:\/\/veganova.eu\/sv\/wp-json\/wp\/v2\/media\/53137"}],"wp:attachment":[{"href":"https:\/\/veganova.eu\/sv\/wp-json\/wp\/v2\/media?parent=3232"}],"wp:term":[{"taxonomy":"pwb-brand","embeddable":true,"href":"https:\/\/veganova.eu\/sv\/wp-json\/wp\/v2\/pwb-brand?post=3232"},{"taxonomy":"product_brand","embeddable":true,"href":"https:\/\/veganova.eu\/sv\/wp-json\/wp\/v2\/product_brand?post=3232"},{"taxonomy":"product_cat","embeddable":true,"href":"https:\/\/veganova.eu\/sv\/wp-json\/wp\/v2\/product_cat?post=3232"},{"taxonomy":"product_tag","embeddable":true,"href":"https:\/\/veganova.eu\/sv\/wp-json\/wp\/v2\/product_tag?post=3232"}],"curies":[{"name":"wp","href":"https:\/\/api.w.org\/{rel}","templated":true}]}}