{"id":3697,"date":"2023-10-01T17:07:30","date_gmt":"2023-10-01T15:07:30","guid":{"rendered":"https:\/\/veganova.eu\/?post_type=product&#038;p=3697"},"modified":"2026-04-21T07:24:22","modified_gmt":"2026-04-21T05:24:22","slug":"now-foods-sleep-90-kaps","status":"publish","type":"product","link":"https:\/\/veganova.eu\/sv\/shop\/now-foods-sleep-90-kaps\/","title":{"rendered":"NOW Foods S\u00f6mn (90 kapslar)"},"content":{"rendered":"<h3>NOW Foods S\u00f6mn<\/h3>\n<ul>\n<li>Extrakt fr\u00e5n valerianarot samt humle, passionsfrukt och GABA; Fr\u00e4mjar vilsam, f\u00f6ryngrande s\u00f6mn<\/li>\n<li>NOW Sleep \u00e4r en kombination av ingredienser som \u00e4r utformade f\u00f6r att hj\u00e4lpa dig att koppla av ditt sinne och slappna av din kropp s\u00e5 att du naturligt kan glida in i en vilsam s\u00f6mn.<\/li>\n<li>NOW Sleep anv\u00e4nder valeriana och humle, tv\u00e5 \u00f6rter som traditionellt anv\u00e4nds f\u00f6r att fr\u00e4mja ett lugnt och avslappnat tillst\u00e5nd och fr\u00e4mja f\u00f6ryngrande s\u00f6mn.<\/li>\n<li>GABA \u00e4r en neurotransmittor som normalt produceras i hj\u00e4rnan, d\u00e4r dess funktion \u00e4r att minska nervsp\u00e4nningar.<\/li>\n<li>NOW Sleep f\u00e5r nervsystemet att slappna av s\u00e5 att du kan njuta av en vilsam natt och vakna utvilad och full av energi p\u00e5 morgonen.<\/li>\n<\/ul>","protected":false},"excerpt":{"rendered":"<p>Det veganska n\u00e4ringstillskottet NOW Foods Sleep inneh\u00e5ller extrakt som \u00e4r l\u00e4mpliga f\u00f6r problem med att somna och d\u00e5lig s\u00f6mnkvalitet. F\u00f6rpackningen inneh\u00e5ller: 90 kapslar. GMO-fri, glutenfri.<\/p>","protected":false},"featured_media":53482,"comment_status":"closed","ping_status":"closed","template":"","meta":{"advanced_seo_description":"","jetpack_seo_html_title":"","jetpack_seo_noindex":false},"pwb-brand":[173],"product_brand":[4580],"product_cat":[148],"product_tag":[1146,1389,1390],"class_list":{"0":"post-3697","1":"product","2":"type-product","3":"status-publish","4":"has-post-thumbnail","6":"pwb-brand-now-foods","7":"product_brand-now-foods","8":"product_cat-for-sleep","9":"product_tag-good-mood","10":"product_tag-good-sleep","11":"product_tag-sleep-problems","12":"brand_woo-now-foods","14":"first","15":"instock","16":"taxable","17":"shipping-taxable","18":"purchasable","19":"product-type-simple"},"jetpack_sharing_enabled":true,"brands":[{"id":173,"name":"Nu livsmedel","slug":"now-foods"}],"_links":{"self":[{"href":"https:\/\/veganova.eu\/sv\/wp-json\/wp\/v2\/product\/3697","targetHints":{"allow":["GET"]}}],"collection":[{"href":"https:\/\/veganova.eu\/sv\/wp-json\/wp\/v2\/product"}],"about":[{"href":"https:\/\/veganova.eu\/sv\/wp-json\/wp\/v2\/types\/product"}],"replies":[{"embeddable":true,"href":"https:\/\/veganova.eu\/sv\/wp-json\/wp\/v2\/comments?post=3697"}],"version-history":[{"count":1,"href":"https:\/\/veganova.eu\/sv\/wp-json\/wp\/v2\/product\/3697\/revisions"}],"predecessor-version":[{"id":58086,"href":"https:\/\/veganova.eu\/sv\/wp-json\/wp\/v2\/product\/3697\/revisions\/58086"}],"wp:featuredmedia":[{"embeddable":true,"href":"https:\/\/veganova.eu\/sv\/wp-json\/wp\/v2\/media\/53482"}],"wp:attachment":[{"href":"https:\/\/veganova.eu\/sv\/wp-json\/wp\/v2\/media?parent=3697"}],"wp:term":[{"taxonomy":"pwb-brand","embeddable":true,"href":"https:\/\/veganova.eu\/sv\/wp-json\/wp\/v2\/pwb-brand?post=3697"},{"taxonomy":"product_brand","embeddable":true,"href":"https:\/\/veganova.eu\/sv\/wp-json\/wp\/v2\/product_brand?post=3697"},{"taxonomy":"product_cat","embeddable":true,"href":"https:\/\/veganova.eu\/sv\/wp-json\/wp\/v2\/product_cat?post=3697"},{"taxonomy":"product_tag","embeddable":true,"href":"https:\/\/veganova.eu\/sv\/wp-json\/wp\/v2\/product_tag?post=3697"}],"curies":[{"name":"wp","href":"https:\/\/api.w.org\/{rel}","templated":true}]}}