{"id":3765,"date":"2023-10-01T17:08:03","date_gmt":"2023-10-01T15:08:03","guid":{"rendered":"https:\/\/veganova.eu\/?post_type=product&#038;p=3765"},"modified":"2026-04-21T07:24:27","modified_gmt":"2026-04-21T05:24:27","slug":"osavi-methylfolate-methyl-b12-60-vegan-kaps","status":"publish","type":"product","link":"https:\/\/veganova.eu\/sv\/shop\/osavi-methylfolate-methyl-b12-60-vegan-kaps\/","title":{"rendered":"Osavi MethylFolate &amp; Methyl-B12 (60 veganska kapslar)"},"content":{"rendered":"<h3>Osavi MethylFolate &amp; Methyl-B12<\/h3>\n<ul>\n<li>Inneh\u00e5ller aktiva (metylerade) former av folsyra och vitamin B12.<\/li>\n<li>Patenterad, mycket absorberbar fj\u00e4rde generationens form av folsyra.<\/li>\n<li>Quatrefolic.<\/li>\n<li>Med vitamin B6 i den aktiva formen av koenzym P-5-P f\u00f6r optimal effekt.<\/li>\n<li>Speciellt f\u00f6r personer med den genetiska mutationen MTHFR, som resulterar i l\u00e5g folsyraniv\u00e5 och h\u00f6g homocysteinniv\u00e5.<\/li>\n<li>Ren etikett.<\/li>\n<li>Inga on\u00f6diga ingredienser.<\/li>\n<li>L\u00e4mplig f\u00f6r vegetarianer och veganer.<\/li>\n<li>V sm\u00e5 kapslar som \u00e4r l\u00e4tta att sv\u00e4lja.<\/li>\n<li>F\u00f6rpackning tillverkad av BioPET (30% av plasten kommer fr\u00e5n sockerr\u00f6r).<\/li>\n<\/ul>","protected":false},"excerpt":{"rendered":"<p>Veganskt n\u00e4ringstillskott som inneh\u00e5ller vitamin B12 i sin renaste form Osavi MethylFolate &amp; Methyl-B12. Ren etikett: glutenfri, sockerfri, sojafri, GMO-fri. F\u00f6rpackningen inneh\u00e5ller: 60 veganska kapslar.<\/p>","protected":false},"featured_media":53455,"comment_status":"closed","ping_status":"closed","template":"","meta":{"advanced_seo_description":"","jetpack_seo_html_title":"","jetpack_seo_noindex":false},"pwb-brand":[379],"product_brand":[4700],"product_cat":[153,152],"product_tag":[860,1155,1094],"class_list":{"0":"post-3765","1":"product","2":"type-product","3":"status-publish","4":"has-post-thumbnail","6":"pwb-brand-osavi","7":"product_brand-osavi","8":"product_cat-vitamins","9":"product_cat-vitamins-and-minerals","10":"product_tag-energy","11":"product_tag-inflammation","12":"product_tag-metabolism","13":"brand_woo-osavi","15":"first","16":"instock","17":"taxable","18":"shipping-taxable","19":"purchasable","20":"product-type-simple"},"jetpack_sharing_enabled":true,"brands":[{"id":379,"name":"Osavi","slug":"osavi"}],"_links":{"self":[{"href":"https:\/\/veganova.eu\/sv\/wp-json\/wp\/v2\/product\/3765","targetHints":{"allow":["GET"]}}],"collection":[{"href":"https:\/\/veganova.eu\/sv\/wp-json\/wp\/v2\/product"}],"about":[{"href":"https:\/\/veganova.eu\/sv\/wp-json\/wp\/v2\/types\/product"}],"replies":[{"embeddable":true,"href":"https:\/\/veganova.eu\/sv\/wp-json\/wp\/v2\/comments?post=3765"}],"version-history":[{"count":1,"href":"https:\/\/veganova.eu\/sv\/wp-json\/wp\/v2\/product\/3765\/revisions"}],"predecessor-version":[{"id":58151,"href":"https:\/\/veganova.eu\/sv\/wp-json\/wp\/v2\/product\/3765\/revisions\/58151"}],"wp:featuredmedia":[{"embeddable":true,"href":"https:\/\/veganova.eu\/sv\/wp-json\/wp\/v2\/media\/53455"}],"wp:attachment":[{"href":"https:\/\/veganova.eu\/sv\/wp-json\/wp\/v2\/media?parent=3765"}],"wp:term":[{"taxonomy":"pwb-brand","embeddable":true,"href":"https:\/\/veganova.eu\/sv\/wp-json\/wp\/v2\/pwb-brand?post=3765"},{"taxonomy":"product_brand","embeddable":true,"href":"https:\/\/veganova.eu\/sv\/wp-json\/wp\/v2\/product_brand?post=3765"},{"taxonomy":"product_cat","embeddable":true,"href":"https:\/\/veganova.eu\/sv\/wp-json\/wp\/v2\/product_cat?post=3765"},{"taxonomy":"product_tag","embeddable":true,"href":"https:\/\/veganova.eu\/sv\/wp-json\/wp\/v2\/product_tag?post=3765"}],"curies":[{"name":"wp","href":"https:\/\/api.w.org\/{rel}","templated":true}]}}