{"id":47659,"date":"2024-09-15T12:26:33","date_gmt":"2024-09-15T10:26:33","guid":{"rendered":"https:\/\/veganova.eu\/?post_type=product&#038;p=47659"},"modified":"2026-04-21T07:25:50","modified_gmt":"2026-04-21T05:25:50","slug":"applied-nutrition-abe-all-black-everything-gel-fruit-burst-20-x-60g-2","status":"publish","type":"product","link":"https:\/\/veganova.eu\/sv\/shop\/applied-nutrition-abe-all-black-everything-gel-fruit-burst-20-x-60g-2\/","title":{"rendered":"Applied Nutrition ABE - All Black Everything Gel, Fruit Burst - 20 x 60g"},"content":{"rendered":"<h3>Applied Nutrition ABE - All Black Everything Gel, Fruit Burst - 20 x 60g<\/h3>\n<p>ABE (All Black Everything) Gel<br \/>\nULTIMAT PRE-WORKOUT GEL, VARNING EXTREMT POTENT<br \/>\nKOSTTILLSKOTT<br \/>\nABE Ultimate Pre-Workout Gels inneh\u00e5ller en unik blandning av de viktigaste och mest unders\u00f6kta aktiva ingredienserna, k\u00e4nda f\u00f6r att minska tr\u00f6tthet och utmattning och ge kontinuerligt fokus under hela tr\u00e4ningen, vilket maximerar din tr\u00e4ningsprestation.<\/p>","protected":false},"excerpt":{"rendered":"<p>Pre-workout Applied Nutrition ABE All Black Everything gel will provide energy for training and all the necessary nutrients for athletes. Flavor: Fruit Burst. Package contents: 20x60g. The best selling product in the UK.<\/p>","protected":false},"featured_media":52029,"comment_status":"closed","ping_status":"closed","template":"","meta":{"advanced_seo_description":"","jetpack_seo_html_title":"","jetpack_seo_noindex":false},"pwb-brand":[202],"product_brand":[4592],"product_cat":[203,132],"product_tag":[],"class_list":{"0":"post-47659","1":"product","2":"type-product","3":"status-publish","4":"has-post-thumbnail","6":"pwb-brand-applied-nutrition","7":"product_brand-applied-nutrition","8":"product_cat-pre-workout","9":"product_cat-sports-nutrition","10":"brand_woo-applied-nutrition","12":"first","13":"outofstock","14":"taxable","15":"shipping-taxable","16":"purchasable","17":"product-type-simple"},"jetpack_sharing_enabled":true,"brands":[{"id":202,"name":"Till\u00e4mpad n\u00e4ringsl\u00e4ra","slug":"applied-nutrition"}],"_links":{"self":[{"href":"https:\/\/veganova.eu\/sv\/wp-json\/wp\/v2\/product\/47659","targetHints":{"allow":["GET"]}}],"collection":[{"href":"https:\/\/veganova.eu\/sv\/wp-json\/wp\/v2\/product"}],"about":[{"href":"https:\/\/veganova.eu\/sv\/wp-json\/wp\/v2\/types\/product"}],"replies":[{"embeddable":true,"href":"https:\/\/veganova.eu\/sv\/wp-json\/wp\/v2\/comments?post=47659"}],"version-history":[{"count":1,"href":"https:\/\/veganova.eu\/sv\/wp-json\/wp\/v2\/product\/47659\/revisions"}],"predecessor-version":[{"id":59175,"href":"https:\/\/veganova.eu\/sv\/wp-json\/wp\/v2\/product\/47659\/revisions\/59175"}],"wp:featuredmedia":[{"embeddable":true,"href":"https:\/\/veganova.eu\/sv\/wp-json\/wp\/v2\/media\/52029"}],"wp:attachment":[{"href":"https:\/\/veganova.eu\/sv\/wp-json\/wp\/v2\/media?parent=47659"}],"wp:term":[{"taxonomy":"pwb-brand","embeddable":true,"href":"https:\/\/veganova.eu\/sv\/wp-json\/wp\/v2\/pwb-brand?post=47659"},{"taxonomy":"product_brand","embeddable":true,"href":"https:\/\/veganova.eu\/sv\/wp-json\/wp\/v2\/product_brand?post=47659"},{"taxonomy":"product_cat","embeddable":true,"href":"https:\/\/veganova.eu\/sv\/wp-json\/wp\/v2\/product_cat?post=47659"},{"taxonomy":"product_tag","embeddable":true,"href":"https:\/\/veganova.eu\/sv\/wp-json\/wp\/v2\/product_tag?post=47659"}],"curies":[{"name":"wp","href":"https:\/\/api.w.org\/{rel}","templated":true}]}}