{"id":47687,"date":"2024-09-15T12:27:02","date_gmt":"2024-09-15T10:27:02","guid":{"rendered":"https:\/\/veganova.eu\/?post_type=product&#038;p=47687"},"modified":"2026-04-21T07:25:51","modified_gmt":"2026-04-21T05:25:51","slug":"enzymedica-acid-soothe-30-caps","status":"publish","type":"product","link":"https:\/\/veganova.eu\/sv\/shop\/enzymedica-acid-soothe-30-caps\/","title":{"rendered":"Enzymedica Acid Soothe - 30 kapslar"},"content":{"rendered":"<h3>Enzymedica Acid Soothe - 30 kapslar<\/h3>\n<p>L\u00e5t inte tillf\u00e4llig halsbr\u00e4nna hindra dig fr\u00e5n att \u00e4ta dina favoritr\u00e4tter.<\/p>\n<p>Eftersom tillf\u00e4llig halsbr\u00e4nna handlar om mer \u00e4n bara magsyra har vi tagit fram en produkt f\u00f6r alla aspekter - med \u00f6rter som lugnar matsm\u00e4ltningskanalen, zink-karnosin som reparerar tarmslemhinnan och enzymer som bryter ner besv\u00e4rliga livsmedel. Det enda som \u00e5terst\u00e5r f\u00f6r dig att g\u00f6ra \u00e4r att njuta av maten igen.<\/p>","protected":false},"excerpt":{"rendered":"<p>Enzymedica Acid Soothe med \u00f6rter f\u00f6r att lugna matsm\u00e4ltningskanalen, zink karnosin f\u00f6r att reparera tarmslemhinnan och enzymer f\u00f6r att bryta ner besv\u00e4rliga livsmedel. Inneh\u00e5ll: 30 kapslar. Certifiering: vegan, NON GMO.<\/p>","protected":false},"featured_media":51932,"comment_status":"closed","ping_status":"closed","template":"","meta":{"advanced_seo_description":"","jetpack_seo_html_title":"","jetpack_seo_noindex":false},"pwb-brand":[467],"product_brand":[4767],"product_cat":[596,143],"product_tag":[],"class_list":{"0":"post-47687","1":"product","2":"type-product","3":"status-publish","4":"has-post-thumbnail","6":"pwb-brand-enzymedica","7":"product_brand-enzymedica","8":"product_cat-digestion","9":"product_cat-health-issues","10":"brand_woo-enzymedica","12":"first","13":"instock","14":"sale","15":"taxable","16":"shipping-taxable","17":"purchasable","18":"product-type-simple"},"jetpack_sharing_enabled":true,"brands":[{"id":467,"name":"Enzymedica","slug":"enzymedica"}],"_links":{"self":[{"href":"https:\/\/veganova.eu\/sv\/wp-json\/wp\/v2\/product\/47687","targetHints":{"allow":["GET"]}}],"collection":[{"href":"https:\/\/veganova.eu\/sv\/wp-json\/wp\/v2\/product"}],"about":[{"href":"https:\/\/veganova.eu\/sv\/wp-json\/wp\/v2\/types\/product"}],"replies":[{"embeddable":true,"href":"https:\/\/veganova.eu\/sv\/wp-json\/wp\/v2\/comments?post=47687"}],"version-history":[{"count":1,"href":"https:\/\/veganova.eu\/sv\/wp-json\/wp\/v2\/product\/47687\/revisions"}],"predecessor-version":[{"id":59187,"href":"https:\/\/veganova.eu\/sv\/wp-json\/wp\/v2\/product\/47687\/revisions\/59187"}],"wp:featuredmedia":[{"embeddable":true,"href":"https:\/\/veganova.eu\/sv\/wp-json\/wp\/v2\/media\/51932"}],"wp:attachment":[{"href":"https:\/\/veganova.eu\/sv\/wp-json\/wp\/v2\/media?parent=47687"}],"wp:term":[{"taxonomy":"pwb-brand","embeddable":true,"href":"https:\/\/veganova.eu\/sv\/wp-json\/wp\/v2\/pwb-brand?post=47687"},{"taxonomy":"product_brand","embeddable":true,"href":"https:\/\/veganova.eu\/sv\/wp-json\/wp\/v2\/product_brand?post=47687"},{"taxonomy":"product_cat","embeddable":true,"href":"https:\/\/veganova.eu\/sv\/wp-json\/wp\/v2\/product_cat?post=47687"},{"taxonomy":"product_tag","embeddable":true,"href":"https:\/\/veganova.eu\/sv\/wp-json\/wp\/v2\/product_tag?post=47687"}],"curies":[{"name":"wp","href":"https:\/\/api.w.org\/{rel}","templated":true}]}}