{"id":47715,"date":"2024-09-15T12:27:40","date_gmt":"2024-09-15T10:27:40","guid":{"rendered":"https:\/\/veganova.eu\/?post_type=product&#038;p=47715"},"modified":"2026-04-21T07:25:51","modified_gmt":"2026-04-21T05:25:51","slug":"weider-ashwagandha-professional-120-vcaps","status":"publish","type":"product","link":"https:\/\/veganova.eu\/sv\/shop\/weider-ashwagandha-professional-120-vcaps\/","title":{"rendered":"Weider Ashwagandha Professional - 120 vcaps"},"content":{"rendered":"<h3>Weider Ashwagandha Professional - 120 vcaps<\/h3>\n<p>Ashwagandha (Withania somnifera), \u00e4ven k\u00e4nd som s\u00f6mnb\u00e4r, har anv\u00e4nts i tusentals \u00e5r inom traditionell medicin och alternativmedicin f\u00f6r olika \u00e4ndam\u00e5l. V\u00e4xtextraktet \u00e4r s\u00e4rskilt popul\u00e4rt som terapeutiskt medel inom den indiska l\u00e4kekonsten ayurveda. Ashwaganda anv\u00e4nds h\u00e4r fr\u00e4mst f\u00f6r att minska stress, f\u00f6ryngra och f\u00f6rb\u00e4ttra den allm\u00e4nna vitaliteten. Den m\u00e4rkta r\u00e5varan KSM-66 \u00e4r k\u00e4nd f\u00f6r sin exceptionellt h\u00f6ga kvalitet. Medan ashwagandha-rot inneh\u00e5ller en m\u00e4ngd viktiga komponenter som fettsyror, mineraler och fyton\u00e4rings\u00e4mnen, \u00e4r de s\u00e5 kallade withanoliderna s\u00e4rskilt karakteristiska och v\u00e4rdefulla f\u00f6r denna typ av v\u00e4xt. KSM-66 \u00e4r standardiserat till minst 5% withanolider genom en unik extraktionsprocess och \u00e4r f\u00f6rem\u00e5l f\u00f6r de str\u00e4ngaste kvalitetskontrollerna och analyserna. Genom att anv\u00e4nda den organiska f\u00f6rst\u00e4rkaren AstraGin blir v\u00e5r Ashwagandha-formel \u00e4nnu mer effektiv. Blandningen av v\u00e4xtextrakt kan f\u00f6rb\u00e4ttra absorptionen av olika andra ingredienser i tunntarmen. Vi rekommenderar att du tar tv\u00e5 kapslar Ashwagandha Professional per dag som en del av ditt n\u00e4ringstillskott i samband med en behovsanpassad, h\u00e4lsosam kost och en aktiv och sportig livsstil. Ashwagandha Professional kan tas b\u00e5de under dagen och innan du g\u00e5r och l\u00e4gger dig. Kapselskalen \u00e4r fria fr\u00e5n gelatin, varf\u00f6r produkten \u00e4r l\u00e4tt kompatibel med en vegetarisk och vegansk diet.<\/p>","protected":false},"excerpt":{"rendered":"<p>Vegetariska kapslar Weider Ashwagandha Professional st\u00f6djer din mentala h\u00e4lsa och energiniv\u00e5. Inneh\u00e5ll: 120 vegetariska kapslar. Certifiering: Vegansk, Vegetarisk.<\/p>","protected":false},"featured_media":52115,"comment_status":"closed","ping_status":"closed","template":"","meta":{"advanced_seo_description":"","jetpack_seo_html_title":"","jetpack_seo_noindex":false},"pwb-brand":[499],"product_brand":[4792],"product_cat":[2596,152],"product_tag":[],"class_list":{"0":"post-47715","1":"product","2":"type-product","3":"status-publish","4":"has-post-thumbnail","6":"pwb-brand-weider","7":"product_brand-weider","8":"product_cat-herbs","9":"product_cat-vitamins-and-minerals","10":"brand_woo-weider","12":"first","13":"instock","14":"taxable","15":"shipping-taxable","16":"purchasable","17":"product-type-simple"},"jetpack_sharing_enabled":true,"brands":[{"id":499,"name":"Weider","slug":"weider"}],"_links":{"self":[{"href":"https:\/\/veganova.eu\/sv\/wp-json\/wp\/v2\/product\/47715","targetHints":{"allow":["GET"]}}],"collection":[{"href":"https:\/\/veganova.eu\/sv\/wp-json\/wp\/v2\/product"}],"about":[{"href":"https:\/\/veganova.eu\/sv\/wp-json\/wp\/v2\/types\/product"}],"replies":[{"embeddable":true,"href":"https:\/\/veganova.eu\/sv\/wp-json\/wp\/v2\/comments?post=47715"}],"version-history":[{"count":1,"href":"https:\/\/veganova.eu\/sv\/wp-json\/wp\/v2\/product\/47715\/revisions"}],"predecessor-version":[{"id":59200,"href":"https:\/\/veganova.eu\/sv\/wp-json\/wp\/v2\/product\/47715\/revisions\/59200"}],"wp:featuredmedia":[{"embeddable":true,"href":"https:\/\/veganova.eu\/sv\/wp-json\/wp\/v2\/media\/52115"}],"wp:attachment":[{"href":"https:\/\/veganova.eu\/sv\/wp-json\/wp\/v2\/media?parent=47715"}],"wp:term":[{"taxonomy":"pwb-brand","embeddable":true,"href":"https:\/\/veganova.eu\/sv\/wp-json\/wp\/v2\/pwb-brand?post=47715"},{"taxonomy":"product_brand","embeddable":true,"href":"https:\/\/veganova.eu\/sv\/wp-json\/wp\/v2\/product_brand?post=47715"},{"taxonomy":"product_cat","embeddable":true,"href":"https:\/\/veganova.eu\/sv\/wp-json\/wp\/v2\/product_cat?post=47715"},{"taxonomy":"product_tag","embeddable":true,"href":"https:\/\/veganova.eu\/sv\/wp-json\/wp\/v2\/product_tag?post=47715"}],"curies":[{"name":"wp","href":"https:\/\/api.w.org\/{rel}","templated":true}]}}