{"id":47779,"date":"2024-09-15T12:28:50","date_gmt":"2024-09-15T10:28:50","guid":{"rendered":"https:\/\/veganova.eu\/?post_type=product&#038;p=47779"},"modified":"2026-04-21T07:25:55","modified_gmt":"2026-04-21T05:25:55","slug":"trained-by-jp-cream-of-rice-chocolate-hazelnut-spread-2000g","status":"publish","type":"product","link":"https:\/\/veganova.eu\/sv\/shop\/trained-by-jp-cream-of-rice-chocolate-hazelnut-spread-2000g\/","title":{"rendered":"Tr\u00e4nad av JP Cream of Rice, Choklad- och hasseln\u00f6tsspread - 2000g"},"content":{"rendered":"<h3>Tr\u00e4nad av JP Cream of Rice, Choklad- och hasseln\u00f6tsspread - 2000g<\/h3>\n<p>Varf\u00f6r gr\u00e4dde av ris?<\/p>\n<p>Under f\u00f6rberedelser, l\u00e5gs\u00e4song eller andra tr\u00e4ningsfaser kan det hj\u00e4lpa dig att h\u00e5lla dig p\u00e5 r\u00e4tt sp\u00e5r med din kost om du \u00e4ter v\u00e4lsmakande saker i st\u00e4llet f\u00f6r tr\u00e5kigt ris, eftersom det ofta k\u00e4nns som en njutning men \u00e4r helt enkelt att passa in i ditt kolhydratbehov f\u00f6r dagen.<\/p>\n<p>Under en l\u00e5gs\u00e4song, n\u00e4r maten kan bli h\u00f6gre, kan matsm\u00e4ltningen ofta bli lite sv\u00e5rare, och i denna fas, med en m\u00e4ngd olika smaker som alltid sm\u00e4lter perfekt , g\u00f6r att du kan h\u00e5lla aptiten och utvecklingen fram\u00e5t<\/p>\n<p>JP har sj\u00e4lv ett stort fokus p\u00e5 matsm\u00e4ltningen, med kroppsvikt och kaloriintag som \u00e4r enorma, och d\u00e4rf\u00f6r testas allt vi g\u00f6r av honom, f\u00f6r att s\u00e4kerst\u00e4lla att det inte finns f\u00f6r mycket s\u00f6tningsmedel, att smak\u00e4mnena inte \u00e4r f\u00f6r starka - alla de saker som \u00e4r viktiga n\u00e4r man faktiskt lever och andas bodybuilding.<\/p>\n<p>2kg COR finns i 13 l\u00e4ckra smaker f\u00f6r att h\u00e5lla dina smakl\u00f6kar n\u00f6jda!<\/p>\n<ul>\n<li>Snabbverkande kolhydrat<\/li>\n<li>Otrolig smak<\/li>\n<li>L\u00e4tt att blanda<\/li>\n<li>Perfekt sm\u00e4lt<\/li>\n<li>2KG \u00e4r 80x 25g portioner<\/li>\n<\/ul>","protected":false},"excerpt":{"rendered":"<p>Power fitness breakfast Trained by JP Cream of Rice, flavor: Chocolate Hazelnut Spread. Content: 2000g. Certification: vegan, vegetarian, gluten free.<\/p>","protected":false},"featured_media":47529,"comment_status":"closed","ping_status":"closed","template":"","meta":{"advanced_seo_description":"","jetpack_seo_html_title":"","jetpack_seo_noindex":false},"pwb-brand":[2217],"product_brand":[4954],"product_cat":[225,132],"product_tag":[],"class_list":{"0":"post-47779","1":"product","2":"type-product","3":"status-publish","4":"has-post-thumbnail","6":"pwb-brand-trained-by-jp","7":"product_brand-trained-by-jp","8":"product_cat-carbohydrates","9":"product_cat-sports-nutrition","10":"brand_woo-trained-by-jp","12":"first","13":"instock","14":"taxable","15":"shipping-taxable","16":"purchasable","17":"product-type-simple"},"jetpack_sharing_enabled":true,"brands":[{"id":2217,"name":"Utbildad av JP","slug":"trained-by-jp"}],"_links":{"self":[{"href":"https:\/\/veganova.eu\/sv\/wp-json\/wp\/v2\/product\/47779","targetHints":{"allow":["GET"]}}],"collection":[{"href":"https:\/\/veganova.eu\/sv\/wp-json\/wp\/v2\/product"}],"about":[{"href":"https:\/\/veganova.eu\/sv\/wp-json\/wp\/v2\/types\/product"}],"replies":[{"embeddable":true,"href":"https:\/\/veganova.eu\/sv\/wp-json\/wp\/v2\/comments?post=47779"}],"version-history":[{"count":2,"href":"https:\/\/veganova.eu\/sv\/wp-json\/wp\/v2\/product\/47779\/revisions"}],"predecessor-version":[{"id":60041,"href":"https:\/\/veganova.eu\/sv\/wp-json\/wp\/v2\/product\/47779\/revisions\/60041"}],"wp:featuredmedia":[{"embeddable":true,"href":"https:\/\/veganova.eu\/sv\/wp-json\/wp\/v2\/media\/47529"}],"wp:attachment":[{"href":"https:\/\/veganova.eu\/sv\/wp-json\/wp\/v2\/media?parent=47779"}],"wp:term":[{"taxonomy":"pwb-brand","embeddable":true,"href":"https:\/\/veganova.eu\/sv\/wp-json\/wp\/v2\/pwb-brand?post=47779"},{"taxonomy":"product_brand","embeddable":true,"href":"https:\/\/veganova.eu\/sv\/wp-json\/wp\/v2\/product_brand?post=47779"},{"taxonomy":"product_cat","embeddable":true,"href":"https:\/\/veganova.eu\/sv\/wp-json\/wp\/v2\/product_cat?post=47779"},{"taxonomy":"product_tag","embeddable":true,"href":"https:\/\/veganova.eu\/sv\/wp-json\/wp\/v2\/product_tag?post=47779"}],"curies":[{"name":"wp","href":"https:\/\/api.w.org\/{rel}","templated":true}]}}