{"id":47815,"date":"2024-09-15T12:29:22","date_gmt":"2024-09-15T10:29:22","guid":{"rendered":"https:\/\/veganova.eu\/?post_type=product&#038;p=47815"},"modified":"2026-04-26T02:21:35","modified_gmt":"2026-04-26T00:21:35","slug":"applied-nutrition-critical-greens-lemon-lime-150g","status":"publish","type":"product","link":"https:\/\/veganova.eu\/sv\/shop\/applied-nutrition-critical-greens-lemon-lime-150g\/","title":{"rendered":"Applied Nutrition Critical Greens, citron och lime - 150 g"},"content":{"rendered":"<h3>Applied Nutrition Critical Greens, Lemon &amp; Lime &#8211; 150g<\/h3>\n<p>Critical Greens is packed with 17 super-greens extracts including broccoli, celery, spinach, wheatgrass, and kale powder, get your athletic greens in a super-convenient way. Our critical blend can simply be added to your protein shake, fruit smoothie or can be mixed with water for a fresh natural taste.<\/p>\n<p>NYCKELF\u00d6RDELAR<\/p>\n<p>Ultimate athletic super greens blend<br \/>\nUsed in conjunction with your five-a-day<br \/>\n17 super-greens ingredients<br \/>\nFresh natural taste<br \/>\nSuitable for vegans &amp; vegetarians<br \/>\nHalal-certifierad produkt<\/p>","protected":false},"excerpt":{"rendered":"<p>Superfood drink in powder form Applied Nutrition Critical Greens, with flavor: Lemon and Lime. Content: 150g. Certification: Vegan, vegetarian, halal.<\/p>","protected":false},"featured_media":52021,"comment_status":"closed","ping_status":"closed","template":"","meta":{"advanced_seo_description":"","jetpack_seo_html_title":"","jetpack_seo_noindex":false},"pwb-brand":[202],"product_brand":[4592],"product_cat":[149],"product_tag":[],"class_list":{"0":"post-47815","1":"product","2":"type-product","3":"status-publish","4":"has-post-thumbnail","6":"pwb-brand-applied-nutrition","7":"product_brand-applied-nutrition","8":"product_cat-superfoods","9":"brand_woo-applied-nutrition","11":"first","12":"instock","13":"taxable","14":"shipping-taxable","15":"purchasable","16":"product-type-simple"},"jetpack_sharing_enabled":true,"brands":[{"id":202,"name":"Till\u00e4mpad n\u00e4ringsl\u00e4ra","slug":"applied-nutrition"}],"_links":{"self":[{"href":"https:\/\/veganova.eu\/sv\/wp-json\/wp\/v2\/product\/47815","targetHints":{"allow":["GET"]}}],"collection":[{"href":"https:\/\/veganova.eu\/sv\/wp-json\/wp\/v2\/product"}],"about":[{"href":"https:\/\/veganova.eu\/sv\/wp-json\/wp\/v2\/types\/product"}],"replies":[{"embeddable":true,"href":"https:\/\/veganova.eu\/sv\/wp-json\/wp\/v2\/comments?post=47815"}],"version-history":[{"count":1,"href":"https:\/\/veganova.eu\/sv\/wp-json\/wp\/v2\/product\/47815\/revisions"}],"predecessor-version":[{"id":59243,"href":"https:\/\/veganova.eu\/sv\/wp-json\/wp\/v2\/product\/47815\/revisions\/59243"}],"wp:featuredmedia":[{"embeddable":true,"href":"https:\/\/veganova.eu\/sv\/wp-json\/wp\/v2\/media\/52021"}],"wp:attachment":[{"href":"https:\/\/veganova.eu\/sv\/wp-json\/wp\/v2\/media?parent=47815"}],"wp:term":[{"taxonomy":"pwb-brand","embeddable":true,"href":"https:\/\/veganova.eu\/sv\/wp-json\/wp\/v2\/pwb-brand?post=47815"},{"taxonomy":"product_brand","embeddable":true,"href":"https:\/\/veganova.eu\/sv\/wp-json\/wp\/v2\/product_brand?post=47815"},{"taxonomy":"product_cat","embeddable":true,"href":"https:\/\/veganova.eu\/sv\/wp-json\/wp\/v2\/product_cat?post=47815"},{"taxonomy":"product_tag","embeddable":true,"href":"https:\/\/veganova.eu\/sv\/wp-json\/wp\/v2\/product_tag?post=47815"}],"curies":[{"name":"wp","href":"https:\/\/api.w.org\/{rel}","templated":true}]}}