{"id":47855,"date":"2024-09-15T12:30:04","date_gmt":"2024-09-15T10:30:04","guid":{"rendered":"https:\/\/veganova.eu\/?post_type=product&#038;p=47855"},"modified":"2026-04-21T07:25:57","modified_gmt":"2026-04-21T05:25:57","slug":"enzymedica-digest-240-caps","status":"publish","type":"product","link":"https:\/\/veganova.eu\/sv\/shop\/enzymedica-digest-240-caps\/","title":{"rendered":"Enzymedica Digest - 240 kapslar"},"content":{"rendered":"<h3>Enzymedica Digest - 240 kapslar<\/h3>\n<p>Enzymbrister kan bero p\u00e5 en kombination av \u00e5lder, kost och livsstil. Dessa brister kan leda till en m\u00e4ngd olika matsm\u00e4ltningsbesv\u00e4r, inklusive tillf\u00e4llig gas, uppbl\u00e5sthet, matsm\u00e4ltningsbesv\u00e4r och oregelbundenhet.<\/p>\n<p>Digest \u00e4r en f\u00f6rb\u00e4ttrad formel som bryter ner kolhydrater, fetter, fibrer och protein. Enzymerna som ing\u00e5r i Digest st\u00f6der optimal matsm\u00e4ltning genom att hj\u00e4lpa kroppen att absorbera n\u00e4rings\u00e4mnen och omvandla mat till energi. En v\u00e4lm\u00e5ende matsm\u00e4ltning f\u00f6rb\u00e4ttrar koncentrationen och \u00f6kar vitaliteten.<\/p>","protected":false},"excerpt":{"rendered":"<p>Enzymedica Digest st\u00f6der en sund matsm\u00e4ltning. Inneh\u00e5ll: 240 vegetariska kapslar. Certifiering: vegan, icke GMO.<\/p>","protected":false},"featured_media":52188,"comment_status":"closed","ping_status":"closed","template":"","meta":{"advanced_seo_description":"","jetpack_seo_html_title":"","jetpack_seo_noindex":false},"pwb-brand":[467],"product_brand":[4767],"product_cat":[596,143],"product_tag":[],"class_list":{"0":"post-47855","1":"product","2":"type-product","3":"status-publish","4":"has-post-thumbnail","6":"pwb-brand-enzymedica","7":"product_brand-enzymedica","8":"product_cat-digestion","9":"product_cat-health-issues","10":"brand_woo-enzymedica","12":"first","13":"instock","14":"sale","15":"taxable","16":"shipping-taxable","17":"purchasable","18":"product-type-simple"},"jetpack_sharing_enabled":true,"brands":[{"id":467,"name":"Enzymedica","slug":"enzymedica"}],"_links":{"self":[{"href":"https:\/\/veganova.eu\/sv\/wp-json\/wp\/v2\/product\/47855","targetHints":{"allow":["GET"]}}],"collection":[{"href":"https:\/\/veganova.eu\/sv\/wp-json\/wp\/v2\/product"}],"about":[{"href":"https:\/\/veganova.eu\/sv\/wp-json\/wp\/v2\/types\/product"}],"replies":[{"embeddable":true,"href":"https:\/\/veganova.eu\/sv\/wp-json\/wp\/v2\/comments?post=47855"}],"version-history":[{"count":1,"href":"https:\/\/veganova.eu\/sv\/wp-json\/wp\/v2\/product\/47855\/revisions"}],"predecessor-version":[{"id":59261,"href":"https:\/\/veganova.eu\/sv\/wp-json\/wp\/v2\/product\/47855\/revisions\/59261"}],"wp:featuredmedia":[{"embeddable":true,"href":"https:\/\/veganova.eu\/sv\/wp-json\/wp\/v2\/media\/52188"}],"wp:attachment":[{"href":"https:\/\/veganova.eu\/sv\/wp-json\/wp\/v2\/media?parent=47855"}],"wp:term":[{"taxonomy":"pwb-brand","embeddable":true,"href":"https:\/\/veganova.eu\/sv\/wp-json\/wp\/v2\/pwb-brand?post=47855"},{"taxonomy":"product_brand","embeddable":true,"href":"https:\/\/veganova.eu\/sv\/wp-json\/wp\/v2\/product_brand?post=47855"},{"taxonomy":"product_cat","embeddable":true,"href":"https:\/\/veganova.eu\/sv\/wp-json\/wp\/v2\/product_cat?post=47855"},{"taxonomy":"product_tag","embeddable":true,"href":"https:\/\/veganova.eu\/sv\/wp-json\/wp\/v2\/product_tag?post=47855"}],"curies":[{"name":"wp","href":"https:\/\/api.w.org\/{rel}","templated":true}]}}