{"id":47985,"date":"2024-09-15T12:32:41","date_gmt":"2024-09-15T10:32:41","guid":{"rendered":"https:\/\/veganova.eu\/?post_type=product&#038;p=47985"},"modified":"2026-04-27T02:22:34","modified_gmt":"2026-04-27T00:22:34","slug":"swanson-magnesium-gummies-watermelon-120-gummies","status":"publish","type":"product","link":"https:\/\/veganova.eu\/sv\/shop\/swanson-magnesium-gummies-watermelon-120-gummies\/","title":{"rendered":"Swanson Magnesium Gummies, Vattenmelon - 120 gummier"},"content":{"rendered":"<h3>Swanson Magnesium Gummies, Vattenmelon - 120 gummier<\/h3>\n<p>St\u00f6d f\u00f6r stress, muskler och skelett<br \/>\nVegansk<br \/>\nGlutenfri<br \/>\nIcke-GMO<br \/>\nKosttillskott<br \/>\nSt\u00f6djer en sund stressrespons<br \/>\nViktigt f\u00f6r hj\u00e4rt-, ben- och muskelh\u00e4lsa<br \/>\nFr\u00e4mjar avslappning f\u00f6r kropp och sj\u00e4l<br \/>\nVegetarisk<\/p>\n<p>Magnesium har haft en viktig plats i benh\u00e4lsan i \u00e5rtionden, men det blir alltmer popul\u00e4rt f\u00f6r att fr\u00e4mja mental och fysisk avkoppling. F\u00f6r en v\u00e4lsmakande twist p\u00e5 detta viktiga mineral, prova Swanson Magnesium Citrate Gummies. Dessa veganska och glutenfria gummier levererar 84 mg skonsamt magnesiumcitrat i varje gummie med en saftig vattenmelonsmak som s\u00e4kert kommer att behaga alla paletter.<\/p>","protected":false},"excerpt":{"rendered":"<p>Swanson Magnesium Gummies st\u00f6der kropp och sj\u00e4l. Inneh\u00e5ll: 120 gummier. Certifiering: vegan, glutenfri, icke gmo.<\/p>","protected":false},"featured_media":52304,"comment_status":"closed","ping_status":"closed","template":"","meta":{"advanced_seo_description":"","jetpack_seo_html_title":"","jetpack_seo_noindex":false},"pwb-brand":[450],"product_brand":[4753],"product_cat":[172,2598,132,152],"product_tag":[],"class_list":{"0":"post-47985","1":"product","2":"type-product","3":"status-publish","4":"has-post-thumbnail","6":"pwb-brand-swanson","7":"product_brand-swanson","8":"product_cat-minerals","9":"product_cat-recovery","10":"product_cat-sports-nutrition","11":"product_cat-vitamins-and-minerals","12":"brand_woo-swanson","14":"first","15":"outofstock","16":"taxable","17":"shipping-taxable","18":"purchasable","19":"product-type-simple"},"jetpack_sharing_enabled":true,"brands":[{"id":450,"name":"Swanson","slug":"swanson"}],"_links":{"self":[{"href":"https:\/\/veganova.eu\/sv\/wp-json\/wp\/v2\/product\/47985","targetHints":{"allow":["GET"]}}],"collection":[{"href":"https:\/\/veganova.eu\/sv\/wp-json\/wp\/v2\/product"}],"about":[{"href":"https:\/\/veganova.eu\/sv\/wp-json\/wp\/v2\/types\/product"}],"replies":[{"embeddable":true,"href":"https:\/\/veganova.eu\/sv\/wp-json\/wp\/v2\/comments?post=47985"}],"version-history":[{"count":1,"href":"https:\/\/veganova.eu\/sv\/wp-json\/wp\/v2\/product\/47985\/revisions"}],"predecessor-version":[{"id":59313,"href":"https:\/\/veganova.eu\/sv\/wp-json\/wp\/v2\/product\/47985\/revisions\/59313"}],"wp:featuredmedia":[{"embeddable":true,"href":"https:\/\/veganova.eu\/sv\/wp-json\/wp\/v2\/media\/52304"}],"wp:attachment":[{"href":"https:\/\/veganova.eu\/sv\/wp-json\/wp\/v2\/media?parent=47985"}],"wp:term":[{"taxonomy":"pwb-brand","embeddable":true,"href":"https:\/\/veganova.eu\/sv\/wp-json\/wp\/v2\/pwb-brand?post=47985"},{"taxonomy":"product_brand","embeddable":true,"href":"https:\/\/veganova.eu\/sv\/wp-json\/wp\/v2\/product_brand?post=47985"},{"taxonomy":"product_cat","embeddable":true,"href":"https:\/\/veganova.eu\/sv\/wp-json\/wp\/v2\/product_cat?post=47985"},{"taxonomy":"product_tag","embeddable":true,"href":"https:\/\/veganova.eu\/sv\/wp-json\/wp\/v2\/product_tag?post=47985"}],"curies":[{"name":"wp","href":"https:\/\/api.w.org\/{rel}","templated":true}]}}