{"id":47989,"date":"2024-09-15T12:32:45","date_gmt":"2024-09-15T10:32:45","guid":{"rendered":"https:\/\/veganova.eu\/?post_type=product&#038;p=47989"},"modified":"2026-05-02T02:27:34","modified_gmt":"2026-05-02T00:27:34","slug":"enzymedica-magnesium-motion-60-caps","status":"publish","type":"product","link":"https:\/\/veganova.eu\/sv\/shop\/enzymedica-magnesium-motion-60-caps\/","title":{"rendered":"Enzymedica Magnesium Motion - 60 kapslar"},"content":{"rendered":"<h3>Enzymedica Magnesium Motion - 60 kapslar<\/h3>\n<p>All sm\u00e4rta och ingen lek \u00e4r inte ditt s\u00e4tt! St\u00e5 upp mot tillf\u00e4llig v\u00e4rk och obehag med tre former av magnesium som ger dig den extra cellul\u00e4ra boost som kr\u00e4vs f\u00f6r att du ska kunna prestera ditt b\u00e4sta.<\/p>\n<p>ATA Mg i kombination med magnesiummalat och magnesiumglycinat verkar f\u00f6r att st\u00f6dja kropp och sj\u00e4l. Denna synergistiska trio lindrar daglig v\u00e4rk, fr\u00e4mjar h\u00e4lsosam muskelfunktion och \u00e5terh\u00e4mtning samtidigt som den st\u00f6der friska ben och kardiovaskul\u00e4r funktion.<\/p>\n<p>Magnesiumglycinat \u00e4r v\u00e4lk\u00e4nt f\u00f6r att st\u00f6dja vilsam s\u00f6mn, nervsystemet, friska ben och hj\u00e4rtfunktion. Magnesiummalat lindrar daglig v\u00e4rk och fr\u00e4mjar h\u00e4lsosam muskelfunktion och \u00e5terh\u00e4mtning.<\/p>","protected":false},"excerpt":{"rendered":"<p>Enzymedica Magnesium Motion fr\u00e4mjar h\u00e4lsosam muskelfunktion och \u00e5terh\u00e4mtning samtidigt som den st\u00f6der friska ben och kardiovaskul\u00e4r funktion. Inneh\u00e5ll: 60 kapslar. Certifiering: vegan.<\/p>","protected":false},"featured_media":52316,"comment_status":"closed","ping_status":"closed","template":"","meta":{"advanced_seo_description":"","jetpack_seo_html_title":"","jetpack_seo_noindex":false},"pwb-brand":[467],"product_brand":[4767],"product_cat":[172,2598,132,152],"product_tag":[],"class_list":{"0":"post-47989","1":"product","2":"type-product","3":"status-publish","4":"has-post-thumbnail","6":"pwb-brand-enzymedica","7":"product_brand-enzymedica","8":"product_cat-minerals","9":"product_cat-recovery","10":"product_cat-sports-nutrition","11":"product_cat-vitamins-and-minerals","12":"brand_woo-enzymedica","14":"first","15":"instock","16":"taxable","17":"shipping-taxable","18":"purchasable","19":"product-type-simple"},"jetpack_sharing_enabled":true,"brands":[{"id":467,"name":"Enzymedica","slug":"enzymedica"}],"_links":{"self":[{"href":"https:\/\/veganova.eu\/sv\/wp-json\/wp\/v2\/product\/47989","targetHints":{"allow":["GET"]}}],"collection":[{"href":"https:\/\/veganova.eu\/sv\/wp-json\/wp\/v2\/product"}],"about":[{"href":"https:\/\/veganova.eu\/sv\/wp-json\/wp\/v2\/types\/product"}],"replies":[{"embeddable":true,"href":"https:\/\/veganova.eu\/sv\/wp-json\/wp\/v2\/comments?post=47989"}],"version-history":[{"count":1,"href":"https:\/\/veganova.eu\/sv\/wp-json\/wp\/v2\/product\/47989\/revisions"}],"predecessor-version":[{"id":59315,"href":"https:\/\/veganova.eu\/sv\/wp-json\/wp\/v2\/product\/47989\/revisions\/59315"}],"wp:featuredmedia":[{"embeddable":true,"href":"https:\/\/veganova.eu\/sv\/wp-json\/wp\/v2\/media\/52316"}],"wp:attachment":[{"href":"https:\/\/veganova.eu\/sv\/wp-json\/wp\/v2\/media?parent=47989"}],"wp:term":[{"taxonomy":"pwb-brand","embeddable":true,"href":"https:\/\/veganova.eu\/sv\/wp-json\/wp\/v2\/pwb-brand?post=47989"},{"taxonomy":"product_brand","embeddable":true,"href":"https:\/\/veganova.eu\/sv\/wp-json\/wp\/v2\/product_brand?post=47989"},{"taxonomy":"product_cat","embeddable":true,"href":"https:\/\/veganova.eu\/sv\/wp-json\/wp\/v2\/product_cat?post=47989"},{"taxonomy":"product_tag","embeddable":true,"href":"https:\/\/veganova.eu\/sv\/wp-json\/wp\/v2\/product_tag?post=47989"}],"curies":[{"name":"wp","href":"https:\/\/api.w.org\/{rel}","templated":true}]}}