{"id":48111,"date":"2024-09-15T12:34:53","date_gmt":"2024-09-15T10:34:53","guid":{"rendered":"https:\/\/veganova.eu\/?post_type=product&#038;p=48111"},"modified":"2026-04-21T07:26:08","modified_gmt":"2026-04-21T05:26:08","slug":"now-foods-resveratrol-extra-strength-350mg-60-vcaps","status":"publish","type":"product","link":"https:\/\/veganova.eu\/sv\/shop\/now-foods-resveratrol-extra-strength-350mg-60-vcaps\/","title":{"rendered":"NOW Foods Resveratrol, extra styrka 350 mg - 60 vcaps"},"content":{"rendered":"<h3>NOW Foods Resveratrol, extra styrka 350 mg - 60 vcaps<\/h3>\n<ul>\n<li>Free Radical Scavenger<\/li>\n<li>St\u00f6djer cellul\u00e4r h\u00e4lsa<\/li>\n<\/ul>\n<p>Resveratrol is a polyphenol naturally found in the skin of red grapes, certain berries, and other plants. Recent research has shown that resveratrol can help to support healthy cardiovascular function. Resveratrol is best known for its cellular anti-aging properties, as well as for its ability to promote a healthy response to biological stress.<\/p>\n<p>This extra strength product has more trans-resveratrol per capsule (350 mg) than our 200 mg product.<\/p>","protected":false},"excerpt":{"rendered":"<p>NOW Foods Resveratrol Extra Strength (350mg) is free radical scavenger and supports cellular health. Content: 60 vegetarian capsules.<\/p>","protected":false},"featured_media":51951,"comment_status":"closed","ping_status":"closed","template":"","meta":{"advanced_seo_description":"","jetpack_seo_html_title":"","jetpack_seo_noindex":false},"pwb-brand":[173],"product_brand":[4580],"product_cat":[2593,2592,143,289,152],"product_tag":[],"class_list":{"0":"post-48111","1":"product","2":"type-product","3":"status-publish","4":"has-post-thumbnail","6":"pwb-brand-now-foods","7":"product_brand-now-foods","8":"product_cat-antioxidants","9":"product_cat-detox","10":"product_cat-health-issues","11":"product_cat-heart-and-blood-vessels","12":"product_cat-vitamins-and-minerals","13":"brand_woo-now-foods","15":"first","16":"outofstock","17":"taxable","18":"shipping-taxable","19":"purchasable","20":"product-type-simple"},"jetpack_sharing_enabled":true,"brands":[{"id":173,"name":"Nu livsmedel","slug":"now-foods"}],"_links":{"self":[{"href":"https:\/\/veganova.eu\/sv\/wp-json\/wp\/v2\/product\/48111","targetHints":{"allow":["GET"]}}],"collection":[{"href":"https:\/\/veganova.eu\/sv\/wp-json\/wp\/v2\/product"}],"about":[{"href":"https:\/\/veganova.eu\/sv\/wp-json\/wp\/v2\/types\/product"}],"replies":[{"embeddable":true,"href":"https:\/\/veganova.eu\/sv\/wp-json\/wp\/v2\/comments?post=48111"}],"version-history":[{"count":1,"href":"https:\/\/veganova.eu\/sv\/wp-json\/wp\/v2\/product\/48111\/revisions"}],"predecessor-version":[{"id":59352,"href":"https:\/\/veganova.eu\/sv\/wp-json\/wp\/v2\/product\/48111\/revisions\/59352"}],"wp:featuredmedia":[{"embeddable":true,"href":"https:\/\/veganova.eu\/sv\/wp-json\/wp\/v2\/media\/51951"}],"wp:attachment":[{"href":"https:\/\/veganova.eu\/sv\/wp-json\/wp\/v2\/media?parent=48111"}],"wp:term":[{"taxonomy":"pwb-brand","embeddable":true,"href":"https:\/\/veganova.eu\/sv\/wp-json\/wp\/v2\/pwb-brand?post=48111"},{"taxonomy":"product_brand","embeddable":true,"href":"https:\/\/veganova.eu\/sv\/wp-json\/wp\/v2\/product_brand?post=48111"},{"taxonomy":"product_cat","embeddable":true,"href":"https:\/\/veganova.eu\/sv\/wp-json\/wp\/v2\/product_cat?post=48111"},{"taxonomy":"product_tag","embeddable":true,"href":"https:\/\/veganova.eu\/sv\/wp-json\/wp\/v2\/product_tag?post=48111"}],"curies":[{"name":"wp","href":"https:\/\/api.w.org\/{rel}","templated":true}]}}