{"id":48121,"date":"2024-09-15T12:35:04","date_gmt":"2024-09-15T10:35:04","guid":{"rendered":"https:\/\/veganova.eu\/?post_type=product&#038;p=48121"},"modified":"2026-04-21T07:26:08","modified_gmt":"2026-04-21T05:26:08","slug":"jarrow-formulas-same-200-20-tabs","status":"publish","type":"product","link":"https:\/\/veganova.eu\/sv\/shop\/jarrow-formulas-same-200-20-tabs\/","title":{"rendered":"Jarrow Formulas SAMe 200 - 20 tabletter"},"content":{"rendered":"<h3>Jarrow Formulas SAMe 200 - 20 tabletter<\/h3>\n<p>Jarrow Formulas SAMe 200 ger hela 200 mg SAMe (nettoutbyte) fr\u00e5n 400 mg SAMe tosylatdisulfat. SAMe 200 tillverkas under l\u00e5g temperatur och l\u00e5g luftfuktighet och \u00e4r enteriskt belagd f\u00f6r att s\u00e4kerst\u00e4lla en biologiskt aktiv produkt.<\/p>\n<p>Med mer av den biologiskt aktiva S,S- \u00e4n R,S-formen<br \/>\nSAMe finns i alla levande celler och \u00e4r en metabolit av metionin (en essentiell aminosyra). SAMe \u00e4r en kiral molekyl som best\u00e5r av tv\u00e5 former: (S,S) SAMe och (R,S) SAMe. Den biologiskt aktiva formen \u00e4r (S,S)-strukturen, medan (R,S)-strukturen \u00e4r biologiskt inaktiv. Jarrow Formulas SAMe tillverkas genom mikrobiologisk fermentering och bearbetas sedan utan kemiska l\u00f6sningsmedel f\u00f6r att bevara 68-80% (S,S) SAMe.<\/p>\n<p>SAMe st\u00f6der:<\/p>\n<p>Hj\u00e4rnans \u00e4mnesoms\u00e4ttning och hum\u00f6r*<br \/>\nMetyleringsreaktioner med SAMe \u00e4r involverade i syntesen av fosfatidylkolin, en viktig best\u00e5ndsdel i hj\u00e4rnans gr\u00e5 substans och i cellmembranen.* Det har ocks\u00e5 f\u00f6reslagits att SAMe ska vara involverat i<br \/>\ni bildandet eller metabolismen av neurotransmittorer, vilket bidrar till att<br \/>\nst\u00f6dja ett balanserat hum\u00f6r.*<\/p>\n<p>H\u00e4lsa i lederna<br \/>\nSAMe st\u00f6der produktionen av frisk bindv\u00e4v genom transsulfuration.* I denna transsulfurationsprocess sulfateras kritiska komponenter i bindv\u00e4v som kallas glykosaminoglykaner (GAG), inklusive glukosamin och kondroitin, av SAMe-metaboliter f\u00f6r att ge sulfaterade GAG, s\u00e5som glukosaminsulfat och kondroitinsulfat, byggstenarna i brosk.*<\/p>\n<p>Leverfunktion*.<br \/>\nSAMe st\u00f6der syntesen av glutation (GSH), som \u00e4r avg\u00f6rande f\u00f6r antioxidantf\u00f6rsvar och leverfunktioner inklusive fas II-avgiftning.*<\/p>\n<p>Jarrow Formulas SAMe 200 \u00e4r blisterf\u00f6rpackad f\u00f6r att maximera stabiliteten och inneh\u00e5ller 200 mg S-adenosylmetionin som h\u00e4rr\u00f6r fr\u00e5n 400 mg SAMe Tosylate Disulfate.<\/p>","protected":false},"excerpt":{"rendered":"<p>Jarrow Formulas SAMe 200 supports healthy liver, joints and is mood enhancer. Content: 20 tablets. Certifitation: gluten free, vegan.<\/p>","protected":false},"featured_media":51903,"comment_status":"closed","ping_status":"closed","template":"","meta":{"advanced_seo_description":"","jetpack_seo_html_title":"","jetpack_seo_noindex":false},"pwb-brand":[165],"product_brand":[4572],"product_cat":[2593,286,143,2591,152],"product_tag":[],"class_list":{"0":"post-48121","1":"product","2":"type-product","3":"status-publish","4":"has-post-thumbnail","6":"pwb-brand-jarrow-formulas","7":"product_brand-jarrow-formulas","8":"product_cat-antioxidants","9":"product_cat-for-a-better-mood","10":"product_cat-health-issues","11":"product_cat-liver","12":"product_cat-vitamins-and-minerals","13":"brand_woo-jarrow-formulas","15":"first","16":"outofstock","17":"taxable","18":"shipping-taxable","19":"purchasable","20":"product-type-simple"},"jetpack_sharing_enabled":true,"brands":[{"id":165,"name":"Jarrow-formler","slug":"jarrow-formulas"}],"_links":{"self":[{"href":"https:\/\/veganova.eu\/sv\/wp-json\/wp\/v2\/product\/48121","targetHints":{"allow":["GET"]}}],"collection":[{"href":"https:\/\/veganova.eu\/sv\/wp-json\/wp\/v2\/product"}],"about":[{"href":"https:\/\/veganova.eu\/sv\/wp-json\/wp\/v2\/types\/product"}],"replies":[{"embeddable":true,"href":"https:\/\/veganova.eu\/sv\/wp-json\/wp\/v2\/comments?post=48121"}],"version-history":[{"count":1,"href":"https:\/\/veganova.eu\/sv\/wp-json\/wp\/v2\/product\/48121\/revisions"}],"predecessor-version":[{"id":59357,"href":"https:\/\/veganova.eu\/sv\/wp-json\/wp\/v2\/product\/48121\/revisions\/59357"}],"wp:featuredmedia":[{"embeddable":true,"href":"https:\/\/veganova.eu\/sv\/wp-json\/wp\/v2\/media\/51903"}],"wp:attachment":[{"href":"https:\/\/veganova.eu\/sv\/wp-json\/wp\/v2\/media?parent=48121"}],"wp:term":[{"taxonomy":"pwb-brand","embeddable":true,"href":"https:\/\/veganova.eu\/sv\/wp-json\/wp\/v2\/pwb-brand?post=48121"},{"taxonomy":"product_brand","embeddable":true,"href":"https:\/\/veganova.eu\/sv\/wp-json\/wp\/v2\/product_brand?post=48121"},{"taxonomy":"product_cat","embeddable":true,"href":"https:\/\/veganova.eu\/sv\/wp-json\/wp\/v2\/product_cat?post=48121"},{"taxonomy":"product_tag","embeddable":true,"href":"https:\/\/veganova.eu\/sv\/wp-json\/wp\/v2\/product_tag?post=48121"}],"curies":[{"name":"wp","href":"https:\/\/api.w.org\/{rel}","templated":true}]}}