{"id":5160,"date":"2023-10-01T17:09:04","date_gmt":"2023-10-01T15:09:04","guid":{"rendered":"https:\/\/veganova.eu\/?post_type=product&#038;p=5160"},"modified":"2026-04-21T07:24:37","modified_gmt":"2026-04-21T05:24:37","slug":"kiki-health-zeolite-powder-120g","status":"publish","type":"product","link":"https:\/\/veganova.eu\/sv\/shop\/kiki-health-zeolite-powder-120g\/","title":{"rendered":"KIKI Health Zeolitpulver (120 g)"},"content":{"rendered":"<h3>KIKI Health Zeolitpulver (120 g)<\/h3>\n<p>Zeolit \u00e4r ett mineral som f\u00f6rekommer naturligt fr\u00e5n vulkaniskt ursprung fr\u00e5n den sydegeiska vulkaniska b\u00e5gregionen i Turkiet - bildad f\u00f6r miljontals \u00e5r sedan n\u00e4r v\u00e5ldsamma vulkaner fick utbrott och sl\u00e4ppte ut stora m\u00e4ngder vulkanaska fr\u00e5n alkalisk jord. En del av askan sedimenterade och bildade tjocka askb\u00e4ddar, men f\u00f6r det mesta f\u00f6ll askan ned i havet och sj\u00f6arna. Om sj\u00f6ns kemi ligger i r\u00e4tt intervall kommer en kemisk reaktion mellan vulkaniskt damm (aska) och vatten att resultera i bildandet av naturlig zeolit, mjuka bergarter med en ordnad inre struktur. Zeolit \u00e4r ett mineral med en burliknande struktur som kan f\u00e5nga molekyler i sig tack vare sin utm\u00e4rkta mikroniserade partikelstorlek (mindre \u00e4n 25 mikrometer). V\u00e5r zeolit \u00e4r en naturlig produkt fr\u00e5n det naturliga mineralet zeolit; den kan binda till f\u00f6roreningar och toxiner i mag-tarmkanalen som en svamp och naturligt dra ut dem. Osm\u00e4ltbar zeolit uts\u00f6ndras l\u00e4tt med avf\u00f6ringen via tarmarna utan att belasta \u00e4mnesoms\u00e4ttningen. Zeolit \u00e4r ett mineral med en burliknande struktur som kan f\u00e5nga molekyler inom den p\u00e5 grund av dess fina mikroniserade partikelstorlek (mindre \u00e4n 25 mikron). KIKI Health's Zeolite Powder \u00e4r helt naturligt och of\u00f6rfalskat, det inneh\u00e5ller bara rent 100% Clinoptilolite Zeolite Powder, utan n\u00e5gra ot\u00e4cka fyllmedel.<\/p>","protected":false},"excerpt":{"rendered":"<p>Vegan nutritional supplement KIKI Health Zeolite Powder binds toxins in the digestive tract. Suitable for intestinal problems, excessive flatulence and digestion problems. The package contains: 120g. Gluten-free.<\/p>","protected":false},"featured_media":52972,"comment_status":"closed","ping_status":"closed","template":"","meta":{"advanced_seo_description":"","jetpack_seo_html_title":"","jetpack_seo_noindex":false},"pwb-brand":[166],"product_brand":[4573],"product_cat":[2592,596,149],"product_tag":[1067,1278,1277,1090],"class_list":{"0":"post-5160","1":"product","2":"type-product","3":"status-publish","4":"has-post-thumbnail","6":"pwb-brand-kiki-health","7":"product_brand-kiki-health","8":"product_cat-detox","9":"product_cat-digestion","10":"product_cat-superfoods","11":"product_tag-digestion","12":"product_tag-gas","13":"product_tag-intestinal-problems","14":"product_tag-toxins","15":"brand_woo-kiki-health","17":"first","18":"instock","19":"sale","20":"taxable","21":"shipping-taxable","22":"purchasable","23":"product-type-simple"},"jetpack_sharing_enabled":true,"brands":[{"id":166,"name":"KIKI H\u00e4lsa","slug":"kiki-health"}],"_links":{"self":[{"href":"https:\/\/veganova.eu\/sv\/wp-json\/wp\/v2\/product\/5160","targetHints":{"allow":["GET"]}}],"collection":[{"href":"https:\/\/veganova.eu\/sv\/wp-json\/wp\/v2\/product"}],"about":[{"href":"https:\/\/veganova.eu\/sv\/wp-json\/wp\/v2\/types\/product"}],"replies":[{"embeddable":true,"href":"https:\/\/veganova.eu\/sv\/wp-json\/wp\/v2\/comments?post=5160"}],"version-history":[{"count":1,"href":"https:\/\/veganova.eu\/sv\/wp-json\/wp\/v2\/product\/5160\/revisions"}],"predecessor-version":[{"id":58270,"href":"https:\/\/veganova.eu\/sv\/wp-json\/wp\/v2\/product\/5160\/revisions\/58270"}],"wp:featuredmedia":[{"embeddable":true,"href":"https:\/\/veganova.eu\/sv\/wp-json\/wp\/v2\/media\/52972"}],"wp:attachment":[{"href":"https:\/\/veganova.eu\/sv\/wp-json\/wp\/v2\/media?parent=5160"}],"wp:term":[{"taxonomy":"pwb-brand","embeddable":true,"href":"https:\/\/veganova.eu\/sv\/wp-json\/wp\/v2\/pwb-brand?post=5160"},{"taxonomy":"product_brand","embeddable":true,"href":"https:\/\/veganova.eu\/sv\/wp-json\/wp\/v2\/product_brand?post=5160"},{"taxonomy":"product_cat","embeddable":true,"href":"https:\/\/veganova.eu\/sv\/wp-json\/wp\/v2\/product_cat?post=5160"},{"taxonomy":"product_tag","embeddable":true,"href":"https:\/\/veganova.eu\/sv\/wp-json\/wp\/v2\/product_tag?post=5160"}],"curies":[{"name":"wp","href":"https:\/\/api.w.org\/{rel}","templated":true}]}}