{"id":5202,"date":"2023-10-01T17:09:24","date_gmt":"2023-10-01T15:09:24","guid":{"rendered":"https:\/\/veganova.eu\/?post_type=product&#038;p=5202"},"modified":"2026-04-21T07:24:39","modified_gmt":"2026-04-21T05:24:39","slug":"now-foods-cholesterol-pro-120-tab","status":"publish","type":"product","link":"https:\/\/veganova.eu\/sv\/shop\/now-foods-cholesterol-pro-120-tab\/","title":{"rendered":"NOW Foods Cholesterol Pro (120 tab)"},"content":{"rendered":"<h3>NOW Foods Cholesterol Pro<\/h3>\n<ul>\n<li>Bidrar till h\u00e4lsosamma kolesterolniv\u00e5er som redan ligger inom normalomr\u00e5det.<\/li>\n<li>Med Bergamont.<\/li>\n<li>Cholesterol Pro \u00e4r en kombination av tv\u00e5 unika ingredienser , som kliniskt har visat sig bidra till att st\u00f6dja serumlipidniv\u00e5er som redan ligger inom ett h\u00e4lsosamt intervall.<\/li>\n<li>Bergamonte \u00e4r ett standardiserat polyfenoliskt extrakt som kan bidra till att st\u00f6dja kardiovaskul\u00e4r h\u00e4lsa samt korrekt blodsockerreglering.<\/li>\n<li>CardioAid, en kombination av v\u00e4xtsteroler, har ocks\u00e5 visat sig bidra till att st\u00f6dja h\u00e4lsosamma kolesterolniv\u00e5er inom normalomr\u00e5det.<\/li>\n<\/ul>","protected":false},"excerpt":{"rendered":"<p>Veganskt n\u00e4ringstillskott NOW Foods Cholesterol Pro f\u00f6r h\u00e4lsosamma kolesterolniv\u00e5er i blodet, f\u00f6rpackningen inneh\u00e5ller: 120 tabletter. Glutenfritt.<\/p>","protected":false},"featured_media":51529,"comment_status":"closed","ping_status":"closed","template":"","meta":{"advanced_seo_description":"","jetpack_seo_html_title":"","jetpack_seo_noindex":false},"pwb-brand":[173],"product_brand":[4580],"product_cat":[294,143,289],"product_tag":[1040],"class_list":{"0":"post-5202","1":"product","2":"type-product","3":"status-publish","4":"has-post-thumbnail","6":"pwb-brand-now-foods","7":"product_brand-now-foods","8":"product_cat-for-seniors","9":"product_cat-health-issues","10":"product_cat-heart-and-blood-vessels","11":"product_tag-cholesterol","12":"brand_woo-now-foods","14":"first","15":"outofstock","16":"taxable","17":"shipping-taxable","18":"purchasable","19":"product-type-simple"},"jetpack_sharing_enabled":true,"brands":[{"id":173,"name":"Nu livsmedel","slug":"now-foods"}],"_links":{"self":[{"href":"https:\/\/veganova.eu\/sv\/wp-json\/wp\/v2\/product\/5202","targetHints":{"allow":["GET"]}}],"collection":[{"href":"https:\/\/veganova.eu\/sv\/wp-json\/wp\/v2\/product"}],"about":[{"href":"https:\/\/veganova.eu\/sv\/wp-json\/wp\/v2\/types\/product"}],"replies":[{"embeddable":true,"href":"https:\/\/veganova.eu\/sv\/wp-json\/wp\/v2\/comments?post=5202"}],"version-history":[{"count":1,"href":"https:\/\/veganova.eu\/sv\/wp-json\/wp\/v2\/product\/5202\/revisions"}],"predecessor-version":[{"id":58310,"href":"https:\/\/veganova.eu\/sv\/wp-json\/wp\/v2\/product\/5202\/revisions\/58310"}],"wp:featuredmedia":[{"embeddable":true,"href":"https:\/\/veganova.eu\/sv\/wp-json\/wp\/v2\/media\/51529"}],"wp:attachment":[{"href":"https:\/\/veganova.eu\/sv\/wp-json\/wp\/v2\/media?parent=5202"}],"wp:term":[{"taxonomy":"pwb-brand","embeddable":true,"href":"https:\/\/veganova.eu\/sv\/wp-json\/wp\/v2\/pwb-brand?post=5202"},{"taxonomy":"product_brand","embeddable":true,"href":"https:\/\/veganova.eu\/sv\/wp-json\/wp\/v2\/product_brand?post=5202"},{"taxonomy":"product_cat","embeddable":true,"href":"https:\/\/veganova.eu\/sv\/wp-json\/wp\/v2\/product_cat?post=5202"},{"taxonomy":"product_tag","embeddable":true,"href":"https:\/\/veganova.eu\/sv\/wp-json\/wp\/v2\/product_tag?post=5202"}],"curies":[{"name":"wp","href":"https:\/\/api.w.org\/{rel}","templated":true}]}}