{"id":5241,"date":"2023-10-01T17:09:45","date_gmt":"2023-10-01T15:09:45","guid":{"rendered":"https:\/\/veganova.eu\/?post_type=product&#038;p=5241"},"modified":"2026-04-25T02:20:32","modified_gmt":"2026-04-25T00:20:32","slug":"san-green-supreme-fusion-316g","status":"publish","type":"product","link":"https:\/\/veganova.eu\/sv\/shop\/san-green-supreme-fusion-316g\/","title":{"rendered":"SAN Green Supreme Fusion (316 g)"},"content":{"rendered":"<h3>SAN Green Supreme Fusion<\/h3>\n<ul>\n<li>Motsvarar fem hela portioner frukt och gr\u00f6nsaker i en portion<\/li>\n<li>Vegansk sammans\u00e4ttning<\/li>\n<li>H\u00f6gt inneh\u00e5ll av fibrer och h\u00e4lsofr\u00e4mjande fyton\u00e4rings\u00e4mnen<\/li>\n<li>St\u00f6djer ett h\u00e4lsosamt immunsystem<\/li>\n<li>God att dricka och l\u00e4tt att sm\u00e4lta<\/li>\n<li>Berikad med antioxidanter, matsm\u00e4ltningsenzymer och probiotika<\/li>\n<\/ul>","protected":false},"excerpt":{"rendered":"<p>Veganskt n\u00e4ringstillskott SAN Green Supreme Fusion inneh\u00e5ller extrakt fr\u00e5n frukt och gr\u00f6nsaker, kompletteras med enzymer och probiotika. F\u00f6rpackningen inneh\u00e5ller: 316g. Glutenfri, GMO-fri.<\/p>","protected":false},"featured_media":51433,"comment_status":"closed","ping_status":"closed","template":"","meta":{"advanced_seo_description":"","jetpack_seo_html_title":"","jetpack_seo_noindex":false},"pwb-brand":[431],"product_brand":[4740],"product_cat":[149],"product_tag":[1037,1067,1117],"class_list":{"0":"post-5241","1":"product","2":"type-product","3":"status-publish","4":"has-post-thumbnail","6":"pwb-brand-san","7":"product_brand-san","8":"product_cat-superfoods","9":"product_tag-detox","10":"product_tag-digestion","11":"product_tag-immunity","12":"brand_woo-san","14":"first","15":"instock","16":"taxable","17":"shipping-taxable","18":"purchasable","19":"product-type-simple"},"jetpack_sharing_enabled":true,"brands":[{"id":431,"name":"SAN","slug":"san"}],"_links":{"self":[{"href":"https:\/\/veganova.eu\/sv\/wp-json\/wp\/v2\/product\/5241","targetHints":{"allow":["GET"]}}],"collection":[{"href":"https:\/\/veganova.eu\/sv\/wp-json\/wp\/v2\/product"}],"about":[{"href":"https:\/\/veganova.eu\/sv\/wp-json\/wp\/v2\/types\/product"}],"replies":[{"embeddable":true,"href":"https:\/\/veganova.eu\/sv\/wp-json\/wp\/v2\/comments?post=5241"}],"version-history":[{"count":1,"href":"https:\/\/veganova.eu\/sv\/wp-json\/wp\/v2\/product\/5241\/revisions"}],"predecessor-version":[{"id":58346,"href":"https:\/\/veganova.eu\/sv\/wp-json\/wp\/v2\/product\/5241\/revisions\/58346"}],"wp:featuredmedia":[{"embeddable":true,"href":"https:\/\/veganova.eu\/sv\/wp-json\/wp\/v2\/media\/51433"}],"wp:attachment":[{"href":"https:\/\/veganova.eu\/sv\/wp-json\/wp\/v2\/media?parent=5241"}],"wp:term":[{"taxonomy":"pwb-brand","embeddable":true,"href":"https:\/\/veganova.eu\/sv\/wp-json\/wp\/v2\/pwb-brand?post=5241"},{"taxonomy":"product_brand","embeddable":true,"href":"https:\/\/veganova.eu\/sv\/wp-json\/wp\/v2\/product_brand?post=5241"},{"taxonomy":"product_cat","embeddable":true,"href":"https:\/\/veganova.eu\/sv\/wp-json\/wp\/v2\/product_cat?post=5241"},{"taxonomy":"product_tag","embeddable":true,"href":"https:\/\/veganova.eu\/sv\/wp-json\/wp\/v2\/product_tag?post=5241"}],"curies":[{"name":"wp","href":"https:\/\/api.w.org\/{rel}","templated":true}]}}