{"id":5245,"date":"2023-10-01T17:09:46","date_gmt":"2023-10-01T15:09:46","guid":{"rendered":"https:\/\/veganova.eu\/?post_type=product&#038;p=5245"},"modified":"2026-04-27T02:22:34","modified_gmt":"2026-04-27T00:22:34","slug":"san-rawfusion-natural-chocolate-931g","status":"publish","type":"product","link":"https:\/\/veganova.eu\/sv\/shop\/san-rawfusion-natural-chocolate-931g\/","title":{"rendered":"SAN RawFusion, naturlig choklad (931 g)"},"content":{"rendered":"<h3>SAN RawFusion<\/h3>\n<ul>\n<li>En ny generation v\u00e4xtbaserat protein<\/li>\n<li>\u00d6ver ett \u00e5r av intensiv forskning och utveckling inom kall extruderingsteknik har resulterat i en o\u00f6vertr\u00e4ffad, veganskt godk\u00e4nd proteinformel fr\u00e5n SAN.<\/li>\n<li>RAWFUSION \u00e4r inte bara en icke-GMO-projektverifierad, helt naturlig och allergenfri v\u00e4xtbaserad proteink\u00e4lla, utan den inneh\u00e5ller ocks\u00e5 hela 21 gram av v\u00e5rt eget biofermenterade protein per portion - vilket g\u00f6r den perfekt f\u00f6r alla.<\/li>\n<li>RAWFUSIONs exklusiva blandning av \u00e4rtproteinisolat, proteinkoncentrat fr\u00e5n groddbrunt ris, kron\u00e4rtskocksproteinkoncentrat och EFA-rik solrosoljematris ger denna egenutvecklade formula som \u00e4r idealisk f\u00f6r veganer och ett proteinrikt, f\u00f6rnuftigt val \u00e4ven f\u00f6r icke-veganer.<\/li>\n<li>Med \u00f6ver 4,5 gram BCAA per portion har RAWFUSION en aminosyraprofil som kan m\u00e4ta sig med mejeriprotein, men utan n\u00e5gra av nackdelarna med mejeriprotein eller animaliskt protein.<\/li>\n<\/ul>","protected":false},"excerpt":{"rendered":"<p>Veganskt n\u00e4ringstillskott som inneh\u00e5ller vegetabiliskt protein och aminosyror SAN RawFusion \u00e4r en blandning av \u00e4rtor, r\u00e5ris, kron\u00e4rtskockor och solrosolja. Inneh\u00e5ller 21 g protein och 4,5 g BCAA per portion. Smak: Naturlig choklad, f\u00f6rpackningen inneh\u00e5ller: 931g. Glutenfri, GMO-fri.<\/p>","protected":false},"featured_media":51542,"comment_status":"closed","ping_status":"closed","template":"","meta":{"advanced_seo_description":"","jetpack_seo_html_title":"","jetpack_seo_noindex":false},"pwb-brand":[431],"product_brand":[4740],"product_cat":[132,133],"product_tag":[1445,1378,1443],"class_list":{"0":"post-5245","1":"product","2":"type-product","3":"status-publish","4":"has-post-thumbnail","6":"pwb-brand-san","7":"product_brand-san","8":"product_cat-sports-nutrition","9":"product_cat-vegan-proteins","10":"product_tag-protein-for-men","11":"product_tag-protein-with-amino-acids","12":"product_tag-vegetable-protein","13":"brand_woo-san","15":"first","16":"instock","17":"featured","18":"taxable","19":"shipping-taxable","20":"purchasable","21":"product-type-simple"},"jetpack_sharing_enabled":true,"brands":[{"id":431,"name":"SAN","slug":"san"}],"_links":{"self":[{"href":"https:\/\/veganova.eu\/sv\/wp-json\/wp\/v2\/product\/5245","targetHints":{"allow":["GET"]}}],"collection":[{"href":"https:\/\/veganova.eu\/sv\/wp-json\/wp\/v2\/product"}],"about":[{"href":"https:\/\/veganova.eu\/sv\/wp-json\/wp\/v2\/types\/product"}],"replies":[{"embeddable":true,"href":"https:\/\/veganova.eu\/sv\/wp-json\/wp\/v2\/comments?post=5245"}],"version-history":[{"count":1,"href":"https:\/\/veganova.eu\/sv\/wp-json\/wp\/v2\/product\/5245\/revisions"}],"predecessor-version":[{"id":58349,"href":"https:\/\/veganova.eu\/sv\/wp-json\/wp\/v2\/product\/5245\/revisions\/58349"}],"wp:featuredmedia":[{"embeddable":true,"href":"https:\/\/veganova.eu\/sv\/wp-json\/wp\/v2\/media\/51542"}],"wp:attachment":[{"href":"https:\/\/veganova.eu\/sv\/wp-json\/wp\/v2\/media?parent=5245"}],"wp:term":[{"taxonomy":"pwb-brand","embeddable":true,"href":"https:\/\/veganova.eu\/sv\/wp-json\/wp\/v2\/pwb-brand?post=5245"},{"taxonomy":"product_brand","embeddable":true,"href":"https:\/\/veganova.eu\/sv\/wp-json\/wp\/v2\/product_brand?post=5245"},{"taxonomy":"product_cat","embeddable":true,"href":"https:\/\/veganova.eu\/sv\/wp-json\/wp\/v2\/product_cat?post=5245"},{"taxonomy":"product_tag","embeddable":true,"href":"https:\/\/veganova.eu\/sv\/wp-json\/wp\/v2\/product_tag?post=5245"}],"curies":[{"name":"wp","href":"https:\/\/api.w.org\/{rel}","templated":true}]}}