{"id":5318,"date":"2023-10-01T17:10:24","date_gmt":"2023-10-01T15:10:24","guid":{"rendered":"https:\/\/veganova.eu\/?post_type=product&#038;p=5318"},"modified":"2026-04-21T07:24:47","modified_gmt":"2026-04-21T05:24:47","slug":"swanson-bergamot-extract-500mg-30-kaps","status":"publish","type":"product","link":"https:\/\/veganova.eu\/sv\/shop\/swanson-bergamot-extract-500mg-30-kaps\/","title":{"rendered":"Swanson Bergamottextrakt, 500 mg (30 kapslar)"},"content":{"rendered":"<h3>Swanson Bergamottextrakt, 500 mg (30 kapslar)<\/h3>\n<p>Fr\u00e4mjar h\u00e4lsosamma kolesterolniv\u00e5er<br \/>\nFlerdimensionellt st\u00f6d f\u00f6r kardiovaskul\u00e4r h\u00e4lsa<br \/>\nBevarar art\u00e4rernas h\u00e4lsa och elasticitet<br \/>\nSt\u00f6djer h\u00e4lsosamma CoQ10-niv\u00e5er<\/p>\n<p>Bergamott \u00e4r en liten, doftande citrusfrukt som liknar en apelsin men har en f\u00e4rg som mer liknar en citron. \u00c4ven om den anses o\u00e4tlig p\u00e5 grund av sin sura bitterhet \u00e4r den mycket eftertraktad f\u00f6r sin eteriska olja som har anv\u00e4nts i \u00e5rhundraden av parfymerier, kockar (oljan anv\u00e4nds f\u00f6r att tills\u00e4tta doft och smak) och traditionella \u00f6rtspecialister. Nya framsteg inom sjukv\u00e5rdsforskning hittar nya applikationer f\u00f6r bergamottolja, som inneh\u00e5ller biologiskt aktiva flavonoider. L\u00e4gg till Swanson Superior Herbs Bergamot Extract till ditt kosttillskott f\u00f6r ett holistiskt tillv\u00e4gag\u00e5ngss\u00e4tt f\u00f6r kolesterolunderh\u00e5ll.<\/p>","protected":false},"excerpt":{"rendered":"<p>Vegetariskt n\u00e4ringstillskott Swanson Bergamot Extract, 500 mg \u00e4r perfekt f\u00f6r h\u00e4lsosamma kolesterol- och coenzym Q10-niv\u00e5er samt st\u00f6d f\u00f6r hj\u00e4rt-k\u00e4rlsystemet. F\u00f6rpackningen inneh\u00e5ller: 30 kapslar.<\/p>","protected":false},"featured_media":52929,"comment_status":"closed","ping_status":"closed","template":"","meta":{"advanced_seo_description":"","jetpack_seo_html_title":"","jetpack_seo_noindex":false},"pwb-brand":[450],"product_brand":[4753],"product_cat":[289,149],"product_tag":[1159,1241,1040,1158,1153],"class_list":{"0":"post-5318","1":"product","2":"type-product","3":"status-publish","4":"has-post-thumbnail","6":"pwb-brand-swanson","7":"product_brand-swanson","8":"product_cat-heart-and-blood-vessels","9":"product_cat-superfoods","10":"product_tag-aging","11":"product_tag-cardiovascular-system","12":"product_tag-cholesterol","13":"product_tag-heart","14":"product_tag-vessels","15":"brand_woo-swanson","17":"first","18":"instock","19":"taxable","20":"shipping-taxable","21":"purchasable","22":"product-type-simple"},"jetpack_sharing_enabled":true,"brands":[{"id":450,"name":"Swanson","slug":"swanson"}],"_links":{"self":[{"href":"https:\/\/veganova.eu\/sv\/wp-json\/wp\/v2\/product\/5318","targetHints":{"allow":["GET"]}}],"collection":[{"href":"https:\/\/veganova.eu\/sv\/wp-json\/wp\/v2\/product"}],"about":[{"href":"https:\/\/veganova.eu\/sv\/wp-json\/wp\/v2\/types\/product"}],"replies":[{"embeddable":true,"href":"https:\/\/veganova.eu\/sv\/wp-json\/wp\/v2\/comments?post=5318"}],"version-history":[{"count":1,"href":"https:\/\/veganova.eu\/sv\/wp-json\/wp\/v2\/product\/5318\/revisions"}],"predecessor-version":[{"id":58416,"href":"https:\/\/veganova.eu\/sv\/wp-json\/wp\/v2\/product\/5318\/revisions\/58416"}],"wp:featuredmedia":[{"embeddable":true,"href":"https:\/\/veganova.eu\/sv\/wp-json\/wp\/v2\/media\/52929"}],"wp:attachment":[{"href":"https:\/\/veganova.eu\/sv\/wp-json\/wp\/v2\/media?parent=5318"}],"wp:term":[{"taxonomy":"pwb-brand","embeddable":true,"href":"https:\/\/veganova.eu\/sv\/wp-json\/wp\/v2\/pwb-brand?post=5318"},{"taxonomy":"product_brand","embeddable":true,"href":"https:\/\/veganova.eu\/sv\/wp-json\/wp\/v2\/product_brand?post=5318"},{"taxonomy":"product_cat","embeddable":true,"href":"https:\/\/veganova.eu\/sv\/wp-json\/wp\/v2\/product_cat?post=5318"},{"taxonomy":"product_tag","embeddable":true,"href":"https:\/\/veganova.eu\/sv\/wp-json\/wp\/v2\/product_tag?post=5318"}],"curies":[{"name":"wp","href":"https:\/\/api.w.org\/{rel}","templated":true}]}}