{"id":5325,"date":"2023-10-01T17:10:26","date_gmt":"2023-10-01T15:10:26","guid":{"rendered":"https:\/\/veganova.eu\/?post_type=product&#038;p=5325"},"modified":"2026-04-21T07:24:48","modified_gmt":"2026-04-21T05:24:48","slug":"swanson-turmeric-black-pepper-60-kaps","status":"publish","type":"product","link":"https:\/\/veganova.eu\/sv\/shop\/swanson-turmeric-black-pepper-60-kaps\/","title":{"rendered":"Swanson Gurkmeja &amp; Svartpeppar (60 kapslar)"},"content":{"rendered":"<h3>Swanson Gurkmeja &amp; Svartpeppar (60 kapslar)<\/h3>\n<p>St\u00f6djer ledh\u00e4lsa, r\u00f6relse och fysisk funktion<br \/>\nErbjuder antioxidantst\u00f6d f\u00f6r att neutralisera fria radikaler<br \/>\nSvartpeppar ger \u00f6kad biotillg\u00e4nglighet<\/p>\n<p>V\u00e5ra kapslar inneh\u00e5ller 600 mg gurkmeja, berikad med svartpeppar f\u00f6r att s\u00e4kerst\u00e4lla optimal biotillg\u00e4nglighet. Sedan urminnes tider har Indiens ayurvediska \u00f6rtl\u00e4kare anv\u00e4nt gurkmeja som ett tonikum f\u00f6r hj\u00e4rt-k\u00e4rl- och leverh\u00e4lsa och f\u00f6r att fr\u00e4mja ledkomfort och r\u00f6rlighet. Modern vetenskap har visat att gurkmeja inneh\u00e5ller unika fytokemikalier som kallas curcuminoider, som har kraftfulla antioxidanteffekter och \u00f6kar aktiviteten hos kroppens endogena antioxidantenzymer, vilket ger en en-tv\u00e5-slag f\u00f6r att sl\u00e5 ut fria radikaler.<\/p>","protected":false},"excerpt":{"rendered":"<p>Vegetariskt n\u00e4ringstillskott Swanson Turmeric &amp; Black Pepper \u00e4r rik p\u00e5 antioxidanter och bioflavonoider. I Ayurveda anv\u00e4nds den f\u00f6r att rena levern och st\u00f6dja det kardiovaskul\u00e4ra systemet. Det st\u00f6der ocks\u00e5 friska leder och r\u00f6rlighet. F\u00f6rpackningen inneh\u00e5ller: 60 l\u00e4ttsm\u00e4lta vegetariska kapslar.<\/p>","protected":false},"featured_media":52918,"comment_status":"closed","ping_status":"closed","template":"","meta":{"advanced_seo_description":"","jetpack_seo_html_title":"","jetpack_seo_noindex":false},"pwb-brand":[450],"product_brand":[4753],"product_cat":[289,597,2600,149],"product_tag":[1414,1241,1450,1037,1117,1154],"class_list":{"0":"post-5325","1":"product","2":"type-product","3":"status-publish","4":"has-post-thumbnail","6":"pwb-brand-swanson","7":"product_brand-swanson","8":"product_cat-heart-and-blood-vessels","9":"product_cat-body-immunity","10":"product_cat-inflammation","11":"product_cat-superfoods","12":"product_tag-antioxidants","13":"product_tag-cardiovascular-system","14":"product_tag-cleansing","15":"product_tag-detox","16":"product_tag-immunity","17":"product_tag-liver","18":"brand_woo-swanson","20":"first","21":"instock","22":"taxable","23":"shipping-taxable","24":"purchasable","25":"product-type-simple"},"jetpack_sharing_enabled":true,"brands":[{"id":450,"name":"Swanson","slug":"swanson"}],"_links":{"self":[{"href":"https:\/\/veganova.eu\/sv\/wp-json\/wp\/v2\/product\/5325","targetHints":{"allow":["GET"]}}],"collection":[{"href":"https:\/\/veganova.eu\/sv\/wp-json\/wp\/v2\/product"}],"about":[{"href":"https:\/\/veganova.eu\/sv\/wp-json\/wp\/v2\/types\/product"}],"replies":[{"embeddable":true,"href":"https:\/\/veganova.eu\/sv\/wp-json\/wp\/v2\/comments?post=5325"}],"version-history":[{"count":1,"href":"https:\/\/veganova.eu\/sv\/wp-json\/wp\/v2\/product\/5325\/revisions"}],"predecessor-version":[{"id":58422,"href":"https:\/\/veganova.eu\/sv\/wp-json\/wp\/v2\/product\/5325\/revisions\/58422"}],"wp:featuredmedia":[{"embeddable":true,"href":"https:\/\/veganova.eu\/sv\/wp-json\/wp\/v2\/media\/52918"}],"wp:attachment":[{"href":"https:\/\/veganova.eu\/sv\/wp-json\/wp\/v2\/media?parent=5325"}],"wp:term":[{"taxonomy":"pwb-brand","embeddable":true,"href":"https:\/\/veganova.eu\/sv\/wp-json\/wp\/v2\/pwb-brand?post=5325"},{"taxonomy":"product_brand","embeddable":true,"href":"https:\/\/veganova.eu\/sv\/wp-json\/wp\/v2\/product_brand?post=5325"},{"taxonomy":"product_cat","embeddable":true,"href":"https:\/\/veganova.eu\/sv\/wp-json\/wp\/v2\/product_cat?post=5325"},{"taxonomy":"product_tag","embeddable":true,"href":"https:\/\/veganova.eu\/sv\/wp-json\/wp\/v2\/product_tag?post=5325"}],"curies":[{"name":"wp","href":"https:\/\/api.w.org\/{rel}","templated":true}]}}