{"id":5340,"date":"2023-10-01T17:10:35","date_gmt":"2023-10-01T15:10:35","guid":{"rendered":"https:\/\/veganova.eu\/?post_type=product&#038;p=5340"},"modified":"2026-04-21T07:24:48","modified_gmt":"2026-04-21T05:24:48","slug":"trace-minerals-electrolyte-stamina-power-pak-raspberry-30-packets","status":"publish","type":"product","link":"https:\/\/veganova.eu\/sv\/shop\/trace-minerals-electrolyte-stamina-power-pak-raspberry-30-packets\/","title":{"rendered":"Trace Minerals Elektrolyt Stamina Power Pak, hallon (30 f\u00f6rpackningar)"},"content":{"rendered":"<h3>Trace Minerals Elektrolyt Stamina Power Pak, hallon (30 f\u00f6rpackningar)<\/h3>\n<p>Electrolyte Stamina Power Pak \u00e4r en l\u00e4ttfixad energidryck med h\u00f6g prestanda utan koffein, konstgjorda smaker eller konstgjorda stimulantia. V\u00e5r formel \u00e4r icke-GMO och inneh\u00e5ller 1200 mg C-vitamin, en viktig antioxidant f\u00f6r m\u00e4nniskor som \u00e4r aktiva och p\u00e5 spr\u00e5ng. Den inneh\u00e5ller ocks\u00e5 alla viktiga elektrolyter (kalium, magnesium, klorid och natrium), plus ett helt spektrum av joniska sp\u00e5rmineraler fr\u00e5n ConcenTrace, som st\u00f6der assimilering och absorption av vitaminer och n\u00e4rings\u00e4mnen.<\/p>","protected":false},"excerpt":{"rendered":"<p>Trace Minerals Electrolyte Stamina Power Pak n\u00e4ringstillskott inneh\u00e5ller h\u00f6gkvalitativa joniska sp\u00e5rmineraler, grupp B-vitaminer, C-vitamin och elektrolyter. En l\u00e4mplig dryck under eller efter sportaktivitet och atletisk prestation. Smak: Hallon, f\u00f6rpackningen inneh\u00e5ller: 30 p\u00e5sar. Glutenfri.<\/p>","protected":false},"featured_media":52910,"comment_status":"closed","ping_status":"closed","template":"","meta":{"advanced_seo_description":"","jetpack_seo_html_title":"","jetpack_seo_noindex":false},"pwb-brand":[451],"product_brand":[4756],"product_cat":[203,2598,132],"product_tag":[1195,860,1182],"class_list":{"0":"post-5340","1":"product","2":"type-product","3":"status-publish","4":"has-post-thumbnail","6":"pwb-brand-trace-minerals","7":"product_brand-trace-minerals","8":"product_cat-pre-workout","9":"product_cat-recovery","10":"product_cat-sports-nutrition","11":"product_tag-athletic-performance","12":"product_tag-energy","13":"product_tag-hydration","14":"brand_woo-trace-minerals","16":"first","17":"instock","18":"taxable","19":"shipping-taxable","20":"purchasable","21":"product-type-simple"},"jetpack_sharing_enabled":true,"brands":[{"id":451,"name":"Sp\u00e5rmineraler","slug":"trace-minerals"}],"_links":{"self":[{"href":"https:\/\/veganova.eu\/sv\/wp-json\/wp\/v2\/product\/5340","targetHints":{"allow":["GET"]}}],"collection":[{"href":"https:\/\/veganova.eu\/sv\/wp-json\/wp\/v2\/product"}],"about":[{"href":"https:\/\/veganova.eu\/sv\/wp-json\/wp\/v2\/types\/product"}],"replies":[{"embeddable":true,"href":"https:\/\/veganova.eu\/sv\/wp-json\/wp\/v2\/comments?post=5340"}],"version-history":[{"count":1,"href":"https:\/\/veganova.eu\/sv\/wp-json\/wp\/v2\/product\/5340\/revisions"}],"predecessor-version":[{"id":58433,"href":"https:\/\/veganova.eu\/sv\/wp-json\/wp\/v2\/product\/5340\/revisions\/58433"}],"wp:featuredmedia":[{"embeddable":true,"href":"https:\/\/veganova.eu\/sv\/wp-json\/wp\/v2\/media\/52910"}],"wp:attachment":[{"href":"https:\/\/veganova.eu\/sv\/wp-json\/wp\/v2\/media?parent=5340"}],"wp:term":[{"taxonomy":"pwb-brand","embeddable":true,"href":"https:\/\/veganova.eu\/sv\/wp-json\/wp\/v2\/pwb-brand?post=5340"},{"taxonomy":"product_brand","embeddable":true,"href":"https:\/\/veganova.eu\/sv\/wp-json\/wp\/v2\/product_brand?post=5340"},{"taxonomy":"product_cat","embeddable":true,"href":"https:\/\/veganova.eu\/sv\/wp-json\/wp\/v2\/product_cat?post=5340"},{"taxonomy":"product_tag","embeddable":true,"href":"https:\/\/veganova.eu\/sv\/wp-json\/wp\/v2\/product_tag?post=5340"}],"curies":[{"name":"wp","href":"https:\/\/api.w.org\/{rel}","templated":true}]}}