{"id":54347,"date":"2025-05-17T15:59:25","date_gmt":"2025-05-17T13:59:25","guid":{"rendered":"https:\/\/veganova.eu\/?post_type=product&#038;p=54347"},"modified":"2026-04-21T07:26:16","modified_gmt":"2026-04-21T05:26:16","slug":"applied-nutrition-black-stak-30-packs","status":"publish","type":"product","link":"https:\/\/veganova.eu\/sv\/shop\/applied-nutrition-black-stak-30-packs\/","title":{"rendered":"Applied Nutrition Black Stak &#8211; 30 packs"},"content":{"rendered":"<h3>Applied Nutrition Black Stak &#8211; 30 packs<\/h3>\n<p>THE ULTIMATE HEALTH PACK &#8211; JUST ONE PACK PER DAY<\/p>\n<p>APPLIED NUTRITION BLACK STAK has been painstakingly formulated as a one-stop solution designed to support your overall health, wellness, and performance levels, removing the confusion of buying multiple health supplements. It&#8217;s the most complete multi-nutrient pack ever created, featuring only the best in ingredient quality and purity.<\/p>\n<p>One pack daily will bridge any micronutrient deficiencies, for improved adaptation levels and an improved state of recovery and wellness. Formulated with a complete non-proprietary blend of vitamins, minerals, joint support, anti-inflammatory modulators, gut health and immune support aids, nootropics, adaptogens, antioxidants, Omega 3 fatty acids, and amino acids.<\/p>","protected":false},"excerpt":{"rendered":"<p>Applied Nutrition Black Stak &#8211; 30 packs. THE ULTIMATE HEALTH PACK &#8211; JUST ONE PACK PER DAY  APPLIED NUTRITION BLACK STAK has been painstakingly formulated as a one-stop solution designed to support your overall health, wellness, and performance levels, removing the confusion of buying multiple health supplements. It&#8217;s the most complete multi-nutrient pack ever created, featuring only the best in ingredient quality and purity.<\/p>","protected":false},"featured_media":55703,"comment_status":"closed","ping_status":"closed","template":"","meta":{"advanced_seo_description":"","jetpack_seo_html_title":"","jetpack_seo_noindex":false},"pwb-brand":[202],"product_brand":[4592],"product_cat":[2598],"product_tag":[],"class_list":{"0":"post-54347","1":"product","2":"type-product","3":"status-publish","4":"has-post-thumbnail","6":"pwb-brand-applied-nutrition","7":"product_brand-applied-nutrition","8":"product_cat-recovery","9":"brand_woo-applied-nutrition","11":"first","12":"instock","13":"taxable","14":"shipping-taxable","15":"purchasable","16":"product-type-simple"},"jetpack_sharing_enabled":true,"brands":[{"id":202,"name":"Till\u00e4mpad n\u00e4ringsl\u00e4ra","slug":"applied-nutrition"}],"_links":{"self":[{"href":"https:\/\/veganova.eu\/sv\/wp-json\/wp\/v2\/product\/54347","targetHints":{"allow":["GET"]}}],"collection":[{"href":"https:\/\/veganova.eu\/sv\/wp-json\/wp\/v2\/product"}],"about":[{"href":"https:\/\/veganova.eu\/sv\/wp-json\/wp\/v2\/types\/product"}],"replies":[{"embeddable":true,"href":"https:\/\/veganova.eu\/sv\/wp-json\/wp\/v2\/comments?post=54347"}],"version-history":[{"count":4,"href":"https:\/\/veganova.eu\/sv\/wp-json\/wp\/v2\/product\/54347\/revisions"}],"predecessor-version":[{"id":59449,"href":"https:\/\/veganova.eu\/sv\/wp-json\/wp\/v2\/product\/54347\/revisions\/59449"}],"wp:featuredmedia":[{"embeddable":true,"href":"https:\/\/veganova.eu\/sv\/wp-json\/wp\/v2\/media\/55703"}],"wp:attachment":[{"href":"https:\/\/veganova.eu\/sv\/wp-json\/wp\/v2\/media?parent=54347"}],"wp:term":[{"taxonomy":"pwb-brand","embeddable":true,"href":"https:\/\/veganova.eu\/sv\/wp-json\/wp\/v2\/pwb-brand?post=54347"},{"taxonomy":"product_brand","embeddable":true,"href":"https:\/\/veganova.eu\/sv\/wp-json\/wp\/v2\/product_brand?post=54347"},{"taxonomy":"product_cat","embeddable":true,"href":"https:\/\/veganova.eu\/sv\/wp-json\/wp\/v2\/product_cat?post=54347"},{"taxonomy":"product_tag","embeddable":true,"href":"https:\/\/veganova.eu\/sv\/wp-json\/wp\/v2\/product_tag?post=54347"}],"curies":[{"name":"wp","href":"https:\/\/api.w.org\/{rel}","templated":true}]}}