{"id":55321,"date":"2025-05-17T16:01:53","date_gmt":"2025-05-17T14:01:53","guid":{"rendered":"https:\/\/veganova.eu\/?post_type=product&#038;p=55321"},"modified":"2026-04-21T07:26:54","modified_gmt":"2026-04-21T05:26:54","slug":"trained-by-jp-vegan-protein-chocolate-pistachio-2000g","status":"publish","type":"product","link":"https:\/\/veganova.eu\/sv\/shop\/trained-by-jp-vegan-protein-chocolate-pistachio-2000g\/","title":{"rendered":"Trained by JP Vegan Protein, Chocolate Pistachio &#8211; 2000g"},"content":{"rendered":"<h3>Trained by JP Vegan Protein, Chocolate Pistachio &#8211; 2000g<\/h3>\n<p>V\u00e5rt v\u00e4xtbaserade protein \u00e4r perfekt f\u00f6r tre scenarier:<\/p>\n<p>De som \u00e4r veganer<br \/>\nPersoner med laktosintolerans<br \/>\nDe som ofta beh\u00f6ver rotera sitt val av proteinpulver f\u00f6r att ge kroppen en paus fr\u00e5n att konsumera f\u00f6r mycket vassle.<br \/>\n\u00d6verkonsumtion av en viss typ av livsmedel eller proteink\u00e4lla kan ofta leda till intolerans, och d\u00e4rf\u00f6r \u00e4r v\u00e5rt v\u00e4xtbaserade protein , ett perfekt val f\u00f6r att begr\u00e4nsa f\u00f6rekomsten av detta.<\/p>\n<p>Vi har inkluderat en vegansk multivitaminblandning i proteinet, vilket g\u00f6r produkten till ett perfekt frist\u00e5ende tillskott f\u00f6r att undvika eventuella brister i b\u00e5de vitamin- och mineralintaget.<\/p>","protected":false},"excerpt":{"rendered":"<p>Trained by JP Vegan Protein, Chocolate Pistachio &#8211; 2000g. Our plant based protein is perfect for 3 scenarios:  Those who are Vegan Those with intolerances to lactose Those who often need to rotate their protein powder choice, giving their body a break from consuming too much whey. Over consumption of any one food type, or protein source, often can result in intolerances, therefore our plant based protein , is a perfect choice to limit that occurrence.<\/p>","protected":false},"featured_media":55544,"comment_status":"closed","ping_status":"closed","template":"","meta":{"advanced_seo_description":"","jetpack_seo_html_title":"","jetpack_seo_noindex":false},"pwb-brand":[2217],"product_brand":[4954],"product_cat":[132,133],"product_tag":[],"class_list":{"0":"post-55321","1":"product","2":"type-product","3":"status-publish","4":"has-post-thumbnail","6":"pwb-brand-trained-by-jp","7":"product_brand-trained-by-jp","8":"product_cat-sports-nutrition","9":"product_cat-vegan-proteins","10":"brand_woo-trained-by-jp","12":"first","13":"outofstock","14":"taxable","15":"shipping-taxable","16":"purchasable","17":"product-type-simple"},"jetpack_sharing_enabled":true,"brands":[{"id":2217,"name":"Utbildad av JP","slug":"trained-by-jp"}],"_links":{"self":[{"href":"https:\/\/veganova.eu\/sv\/wp-json\/wp\/v2\/product\/55321","targetHints":{"allow":["GET"]}}],"collection":[{"href":"https:\/\/veganova.eu\/sv\/wp-json\/wp\/v2\/product"}],"about":[{"href":"https:\/\/veganova.eu\/sv\/wp-json\/wp\/v2\/types\/product"}],"replies":[{"embeddable":true,"href":"https:\/\/veganova.eu\/sv\/wp-json\/wp\/v2\/comments?post=55321"}],"version-history":[{"count":4,"href":"https:\/\/veganova.eu\/sv\/wp-json\/wp\/v2\/product\/55321\/revisions"}],"predecessor-version":[{"id":59894,"href":"https:\/\/veganova.eu\/sv\/wp-json\/wp\/v2\/product\/55321\/revisions\/59894"}],"wp:featuredmedia":[{"embeddable":true,"href":"https:\/\/veganova.eu\/sv\/wp-json\/wp\/v2\/media\/55544"}],"wp:attachment":[{"href":"https:\/\/veganova.eu\/sv\/wp-json\/wp\/v2\/media?parent=55321"}],"wp:term":[{"taxonomy":"pwb-brand","embeddable":true,"href":"https:\/\/veganova.eu\/sv\/wp-json\/wp\/v2\/pwb-brand?post=55321"},{"taxonomy":"product_brand","embeddable":true,"href":"https:\/\/veganova.eu\/sv\/wp-json\/wp\/v2\/product_brand?post=55321"},{"taxonomy":"product_cat","embeddable":true,"href":"https:\/\/veganova.eu\/sv\/wp-json\/wp\/v2\/product_cat?post=55321"},{"taxonomy":"product_tag","embeddable":true,"href":"https:\/\/veganova.eu\/sv\/wp-json\/wp\/v2\/product_tag?post=55321"}],"curies":[{"name":"wp","href":"https:\/\/api.w.org\/{rel}","templated":true}]}}