{"id":5611,"date":"2023-10-01T17:11:35","date_gmt":"2023-10-01T15:11:35","guid":{"rendered":"https:\/\/veganova.eu\/?post_type=product&#038;p=5611"},"modified":"2026-05-02T00:00:24","modified_gmt":"2026-05-01T22:00:24","slug":"enzymedica-mucostop-48-caps","status":"publish","type":"product","link":"https:\/\/veganova.eu\/sv\/shop\/enzymedica-mucostop-48-caps\/","title":{"rendered":"Enzymedica MucoStop - 48 kapslar"},"content":{"rendered":"<h3>Enzymedica MucoStop - 48 kapslar<\/h3>\n<p>S\u00e4songsbetonad eller tillf\u00e4llig \u00f6verbelastning kan ge \u00f6verskott av slem, vilket hindrar \u00f6vre och nedre luftv\u00e4garna.<\/p>\n<p>MucoStop inneh\u00e5ller en blandning av enzymer som \u00e4r speciellt framtagna f\u00f6r att underl\u00e4tta andningen. Det h\u00f6gpotenta enzymet Mucolase hj\u00e4lper kroppens naturliga f\u00f6rm\u00e5ga att bryta ner och eliminera \u00f6verfl\u00f6digt slem i bih\u00e5lorna och n\u00e4sg\u00e5ngarna.<\/p>","protected":false},"excerpt":{"rendered":"<p>N\u00e4ringstillskott som inneh\u00e5ller enzymer avsedda f\u00f6r Enzymedica MucoStop andningssystem f\u00f6r friska \u00f6vre och nedre luftv\u00e4gar. Vegansk certifiering. GMO-, gluten- och sojafritt. F\u00f6rpackningens inneh\u00e5ll: 48 kapslar.<\/p>","protected":false},"featured_media":52864,"comment_status":"closed","ping_status":"closed","template":"","meta":{"advanced_seo_description":"","jetpack_seo_html_title":"","jetpack_seo_noindex":false},"pwb-brand":[467],"product_brand":[4767],"product_cat":[597,152],"product_tag":[1448,1381],"class_list":{"0":"post-5611","1":"product","2":"type-product","3":"status-publish","4":"has-post-thumbnail","6":"pwb-brand-enzymedica","7":"product_brand-enzymedica","8":"product_cat-body-immunity","9":"product_cat-vitamins-and-minerals","10":"product_tag-respiratory-system","11":"product_tag-respiratory-tract","12":"brand_woo-enzymedica","14":"first","15":"instock","16":"taxable","17":"shipping-taxable","18":"purchasable","19":"product-type-simple"},"jetpack_sharing_enabled":true,"brands":[{"id":467,"name":"Enzymedica","slug":"enzymedica"}],"_links":{"self":[{"href":"https:\/\/veganova.eu\/sv\/wp-json\/wp\/v2\/product\/5611","targetHints":{"allow":["GET"]}}],"collection":[{"href":"https:\/\/veganova.eu\/sv\/wp-json\/wp\/v2\/product"}],"about":[{"href":"https:\/\/veganova.eu\/sv\/wp-json\/wp\/v2\/types\/product"}],"replies":[{"embeddable":true,"href":"https:\/\/veganova.eu\/sv\/wp-json\/wp\/v2\/comments?post=5611"}],"version-history":[{"count":1,"href":"https:\/\/veganova.eu\/sv\/wp-json\/wp\/v2\/product\/5611\/revisions"}],"predecessor-version":[{"id":58541,"href":"https:\/\/veganova.eu\/sv\/wp-json\/wp\/v2\/product\/5611\/revisions\/58541"}],"wp:featuredmedia":[{"embeddable":true,"href":"https:\/\/veganova.eu\/sv\/wp-json\/wp\/v2\/media\/52864"}],"wp:attachment":[{"href":"https:\/\/veganova.eu\/sv\/wp-json\/wp\/v2\/media?parent=5611"}],"wp:term":[{"taxonomy":"pwb-brand","embeddable":true,"href":"https:\/\/veganova.eu\/sv\/wp-json\/wp\/v2\/pwb-brand?post=5611"},{"taxonomy":"product_brand","embeddable":true,"href":"https:\/\/veganova.eu\/sv\/wp-json\/wp\/v2\/product_brand?post=5611"},{"taxonomy":"product_cat","embeddable":true,"href":"https:\/\/veganova.eu\/sv\/wp-json\/wp\/v2\/product_cat?post=5611"},{"taxonomy":"product_tag","embeddable":true,"href":"https:\/\/veganova.eu\/sv\/wp-json\/wp\/v2\/product_tag?post=5611"}],"curies":[{"name":"wp","href":"https:\/\/api.w.org\/{rel}","templated":true}]}}