{"id":8672,"date":"2023-10-01T17:12:06","date_gmt":"2023-10-01T15:12:06","guid":{"rendered":"https:\/\/veganova.eu\/?post_type=product&#038;p=8672"},"modified":"2026-04-21T07:25:03","modified_gmt":"2026-04-21T05:25:03","slug":"applied-nutrition-abe-all-black-everything-gel-icy-blue-raz-ean-5056555202302-20-x-60g","status":"publish","type":"product","link":"https:\/\/veganova.eu\/sv\/shop\/applied-nutrition-abe-all-black-everything-gel-icy-blue-raz-ean-5056555202302-20-x-60g\/","title":{"rendered":"Applied Nutrition ABE - All Black Everything Gel, Icy Blue Raz (EAN 5056555202302) - 20 x 60g"},"content":{"rendered":"<h3>Applied Nutrition ABE - All Black Everything Gel, Icy Blue Raz (EAN 5056555202302) - 20 x 60g<\/h3>\n<p>ABE (All Black Everything) Gel<br \/>\nULTIMAT PRE-WORKOUT GEL, VARNING EXTREMT POTENT<br \/>\nKOSTTILLSKOTT<br \/>\nABE Ultimate Pre-Workout Gels inneh\u00e5ller en unik blandning av de viktigaste och mest unders\u00f6kta aktiva ingredienserna, k\u00e4nda f\u00f6r att minska tr\u00f6tthet och utmattning och ge kontinuerligt fokus under hela tr\u00e4ningen, vilket maximerar din tr\u00e4ningsprestation.<\/p>","protected":false},"excerpt":{"rendered":"<p>Vegan pre-workout in the form of a gel Applied Nutrition ABE All Black Everything Gel will provide energy for training and all the necessary substances for athletes, flavor: Icy Blue Raz (ice). The package contains: 20 pcs of 60g.<\/p>","protected":false},"featured_media":52818,"comment_status":"closed","ping_status":"closed","template":"","meta":{"advanced_seo_description":"","jetpack_seo_html_title":"","jetpack_seo_noindex":false},"pwb-brand":[202],"product_brand":[4592],"product_cat":[203,132],"product_tag":[1195,860,1180],"class_list":{"0":"post-8672","1":"product","2":"type-product","3":"status-publish","4":"has-post-thumbnail","6":"pwb-brand-applied-nutrition","7":"product_brand-applied-nutrition","8":"product_cat-pre-workout","9":"product_cat-sports-nutrition","10":"product_tag-athletic-performance","11":"product_tag-energy","12":"product_tag-energy-gel","13":"brand_woo-applied-nutrition","15":"first","16":"instock","17":"taxable","18":"shipping-taxable","19":"purchasable","20":"product-type-simple"},"jetpack_sharing_enabled":true,"brands":[{"id":202,"name":"Till\u00e4mpad n\u00e4ringsl\u00e4ra","slug":"applied-nutrition"}],"_links":{"self":[{"href":"https:\/\/veganova.eu\/sv\/wp-json\/wp\/v2\/product\/8672","targetHints":{"allow":["GET"]}}],"collection":[{"href":"https:\/\/veganova.eu\/sv\/wp-json\/wp\/v2\/product"}],"about":[{"href":"https:\/\/veganova.eu\/sv\/wp-json\/wp\/v2\/types\/product"}],"replies":[{"embeddable":true,"href":"https:\/\/veganova.eu\/sv\/wp-json\/wp\/v2\/comments?post=8672"}],"version-history":[{"count":1,"href":"https:\/\/veganova.eu\/sv\/wp-json\/wp\/v2\/product\/8672\/revisions"}],"predecessor-version":[{"id":58615,"href":"https:\/\/veganova.eu\/sv\/wp-json\/wp\/v2\/product\/8672\/revisions\/58615"}],"wp:featuredmedia":[{"embeddable":true,"href":"https:\/\/veganova.eu\/sv\/wp-json\/wp\/v2\/media\/52818"}],"wp:attachment":[{"href":"https:\/\/veganova.eu\/sv\/wp-json\/wp\/v2\/media?parent=8672"}],"wp:term":[{"taxonomy":"pwb-brand","embeddable":true,"href":"https:\/\/veganova.eu\/sv\/wp-json\/wp\/v2\/pwb-brand?post=8672"},{"taxonomy":"product_brand","embeddable":true,"href":"https:\/\/veganova.eu\/sv\/wp-json\/wp\/v2\/product_brand?post=8672"},{"taxonomy":"product_cat","embeddable":true,"href":"https:\/\/veganova.eu\/sv\/wp-json\/wp\/v2\/product_cat?post=8672"},{"taxonomy":"product_tag","embeddable":true,"href":"https:\/\/veganova.eu\/sv\/wp-json\/wp\/v2\/product_tag?post=8672"}],"curies":[{"name":"wp","href":"https:\/\/api.w.org\/{rel}","templated":true}]}}