{"id":8690,"date":"2023-10-01T17:12:13","date_gmt":"2023-10-01T15:12:13","guid":{"rendered":"https:\/\/veganova.eu\/?post_type=product&#038;p=8690"},"modified":"2026-04-28T02:23:34","modified_gmt":"2026-04-28T00:23:34","slug":"allnutrition-b12-methyl-drops-30-ml","status":"publish","type":"product","link":"https:\/\/veganova.eu\/sv\/shop\/allnutrition-b12-methyl-drops-30-ml\/","title":{"rendered":"Allnutrition B12 Methyl Drops - 30 ml."},"content":{"rendered":"<h3>Allnutrition B12 Methyl Drops - 30 ml.<\/h3>\n<p>B12 METHYL DROPS \u00e4r ett flytande kosttillskott, avsett att anv\u00e4ndas som ett komplement till den dagliga kosten med vitamin B12, som bidrar till att r\u00f6da blodkroppar fungerar korrekt och hj\u00e4lper till att nervsystemet fungerar korrekt.<\/p>","protected":false},"excerpt":{"rendered":"<p>Veganskt kosttillskott inneh\u00e5llande vitamin B12 i flytande form Allnutrition B12 Methyl Drops. Inneh\u00e5ll av vitamin B12: 200mcg. F\u00f6rpackningens inneh\u00e5ll: 30 ml.<\/p>","protected":false},"featured_media":52807,"comment_status":"closed","ping_status":"closed","template":"","meta":{"advanced_seo_description":"","jetpack_seo_html_title":"","jetpack_seo_noindex":false},"pwb-brand":[475],"product_brand":[4774],"product_cat":[153,152],"product_tag":[860,1304,1150],"class_list":{"0":"post-8690","1":"product","2":"type-product","3":"status-publish","4":"has-post-thumbnail","6":"pwb-brand-allnutrition","7":"product_brand-allnutrition","8":"product_cat-vitamins","9":"product_cat-vitamins-and-minerals","10":"product_tag-energy","11":"product_tag-hematopoiesis","12":"product_tag-nervous-system","13":"brand_woo-allnutrition","15":"first","16":"outofstock","17":"taxable","18":"shipping-taxable","19":"purchasable","20":"product-type-simple"},"jetpack_sharing_enabled":true,"brands":[{"id":475,"name":"Allnutrition","slug":"allnutrition"}],"_links":{"self":[{"href":"https:\/\/veganova.eu\/sv\/wp-json\/wp\/v2\/product\/8690","targetHints":{"allow":["GET"]}}],"collection":[{"href":"https:\/\/veganova.eu\/sv\/wp-json\/wp\/v2\/product"}],"about":[{"href":"https:\/\/veganova.eu\/sv\/wp-json\/wp\/v2\/types\/product"}],"replies":[{"embeddable":true,"href":"https:\/\/veganova.eu\/sv\/wp-json\/wp\/v2\/comments?post=8690"}],"version-history":[{"count":1,"href":"https:\/\/veganova.eu\/sv\/wp-json\/wp\/v2\/product\/8690\/revisions"}],"predecessor-version":[{"id":58622,"href":"https:\/\/veganova.eu\/sv\/wp-json\/wp\/v2\/product\/8690\/revisions\/58622"}],"wp:featuredmedia":[{"embeddable":true,"href":"https:\/\/veganova.eu\/sv\/wp-json\/wp\/v2\/media\/52807"}],"wp:attachment":[{"href":"https:\/\/veganova.eu\/sv\/wp-json\/wp\/v2\/media?parent=8690"}],"wp:term":[{"taxonomy":"pwb-brand","embeddable":true,"href":"https:\/\/veganova.eu\/sv\/wp-json\/wp\/v2\/pwb-brand?post=8690"},{"taxonomy":"product_brand","embeddable":true,"href":"https:\/\/veganova.eu\/sv\/wp-json\/wp\/v2\/product_brand?post=8690"},{"taxonomy":"product_cat","embeddable":true,"href":"https:\/\/veganova.eu\/sv\/wp-json\/wp\/v2\/product_cat?post=8690"},{"taxonomy":"product_tag","embeddable":true,"href":"https:\/\/veganova.eu\/sv\/wp-json\/wp\/v2\/product_tag?post=8690"}],"curies":[{"name":"wp","href":"https:\/\/api.w.org\/{rel}","templated":true}]}}