{"id":8722,"date":"2023-10-01T17:12:21","date_gmt":"2023-10-01T15:12:21","guid":{"rendered":"https:\/\/veganova.eu\/?post_type=product&#038;p=8722"},"modified":"2026-04-21T07:25:04","modified_gmt":"2026-04-21T05:25:04","slug":"natural-vitality-calm-magnesium-powder-cherry-226g","status":"publish","type":"product","link":"https:\/\/veganova.eu\/sv\/shop\/natural-vitality-calm-magnesium-powder-cherry-226g\/","title":{"rendered":"Natural Vitality Calm Magnesiumpulver, k\u00f6rsb\u00e4r - 226 g"},"content":{"rendered":"<h3>Natural Vitality Calm Magnesiumpulver, k\u00f6rsb\u00e4r - 226 g<\/h3>\n<p>Vi \u00c4LSKAR magnesium f\u00f6r de positiva effekterna p\u00e5 hum\u00f6ret. Men faktum \u00e4r att magnesium \u00e4r viktigt f\u00f6r \u00f6ver 300 processer i kroppen, och \u00e4nd\u00e5 f\u00e5r de flesta av oss inte tillr\u00e4ckligt av det. S\u00e5 \u00e4ven om du dricker f\u00f6r att f\u00e5 lugn och ro, ska du veta att du g\u00f6r s\u00e5 mycket mer f\u00f6r ditt v\u00e4lbefinnande.<\/p>\n<p>BALANSERAD ST\u00c4MNING<br \/>\nV\u00e5r favoritf\u00f6rdel med magnesium \u00e4r naturligtvis hur v\u00e4l det fungerar f\u00f6r att st\u00f6dja ett balanserat hum\u00f6r och ett h\u00e4lsosamt svar p\u00e5 stress. Det lindrar ocks\u00e5 sp\u00e4nningar och hj\u00e4lper dig att slappna av.*<\/p>\n<p>AVSLAPPNING NATTETID<br \/>\nMagnesium hj\u00e4lper till att minska sp\u00e4nningar s\u00e5 att du kan slappna av f\u00f6r en god natts s\u00f6mn.*<\/p>\n<p>MUSKELFUNKTION<br \/>\nN\u00e4r vi s\u00e4ger att magnesium \u00e4r ett viktigt mineral menar vi det. Dina muskler beh\u00f6ver det f\u00f6r att kunna dra ihop sig och slappna av. Det betyder att ju mer aktiv du \u00e4r, desto mer beh\u00f6ver du det f\u00f6r att st\u00f6dja en sund muskelfunktion.*<\/p>\n<p>HJ\u00c4RNANS OCH NERVSYSTEMETS FUNKTION<br \/>\nMagnesium skyddar nervslemhinnan och hj\u00e4lper nerverna att prata med varandra. I slut\u00e4ndan st\u00f6der detta en h\u00e4lsosam \u00f6vergripande nerv- och hj\u00e4rnfunktion.*<\/p>\n<p>KARDIOVASKUL\u00c4R H\u00c4LSA<br \/>\nEn annan anledning att \u00e4lska magnesium? Ditt hj\u00e4rta. Det hj\u00e4lper inte bara till att uppr\u00e4tth\u00e5lla h\u00e4lsosamma blodtrycksniv\u00e5er, utan det kr\u00e4vs ocks\u00e5 f\u00f6r normal hj\u00e4rtsammandragning.*<\/p>\n<p>BENENS DENSITET<br \/>\nAtt h\u00e5lla uppe de dagliga niv\u00e5erna av magnesium hj\u00e4lper dig att bibeh\u00e5lla ett friskt skelett. N\u00e4r du inte f\u00e5r i dig tillr\u00e4ckligt kan din kropps f\u00f6rm\u00e5ga att absorbera kalcium och D-vitamin p\u00e5verkas.*<\/p>","protected":false},"excerpt":{"rendered":"<p>Vegan nutritional supplement in the form of Natural Vitality Calm powder containing magnesium, is ideal for healthy sleep, good mood, proper function of muscles, brain, nervous system, healthy heart and strong bones. Flavor: Cherry. Package contents: 226g.<\/p>","protected":false},"featured_media":52786,"comment_status":"closed","ping_status":"closed","template":"","meta":{"advanced_seo_description":"","jetpack_seo_html_title":"","jetpack_seo_noindex":false},"pwb-brand":[422],"product_brand":[4732],"product_cat":[286,143],"product_tag":[1146,1158,1208,1197,1079,1229],"class_list":{"0":"post-8722","1":"product","2":"type-product","3":"status-publish","4":"has-post-thumbnail","6":"pwb-brand-natural-vitality","7":"product_brand-natural-vitality","8":"product_cat-for-a-better-mood","9":"product_cat-health-issues","10":"product_tag-good-mood","11":"product_tag-heart","12":"product_tag-muscles","13":"product_tag-regeneration","14":"product_tag-relaxation","15":"product_tag-wellness","16":"brand_woo-natural-vitality","18":"first","19":"outofstock","20":"sale","21":"taxable","22":"shipping-taxable","23":"purchasable","24":"product-type-simple"},"jetpack_sharing_enabled":true,"brands":[{"id":422,"name":"Naturlig vitalitet","slug":"natural-vitality"}],"_links":{"self":[{"href":"https:\/\/veganova.eu\/sv\/wp-json\/wp\/v2\/product\/8722","targetHints":{"allow":["GET"]}}],"collection":[{"href":"https:\/\/veganova.eu\/sv\/wp-json\/wp\/v2\/product"}],"about":[{"href":"https:\/\/veganova.eu\/sv\/wp-json\/wp\/v2\/types\/product"}],"replies":[{"embeddable":true,"href":"https:\/\/veganova.eu\/sv\/wp-json\/wp\/v2\/comments?post=8722"}],"version-history":[{"count":1,"href":"https:\/\/veganova.eu\/sv\/wp-json\/wp\/v2\/product\/8722\/revisions"}],"predecessor-version":[{"id":58637,"href":"https:\/\/veganova.eu\/sv\/wp-json\/wp\/v2\/product\/8722\/revisions\/58637"}],"wp:featuredmedia":[{"embeddable":true,"href":"https:\/\/veganova.eu\/sv\/wp-json\/wp\/v2\/media\/52786"}],"wp:attachment":[{"href":"https:\/\/veganova.eu\/sv\/wp-json\/wp\/v2\/media?parent=8722"}],"wp:term":[{"taxonomy":"pwb-brand","embeddable":true,"href":"https:\/\/veganova.eu\/sv\/wp-json\/wp\/v2\/pwb-brand?post=8722"},{"taxonomy":"product_brand","embeddable":true,"href":"https:\/\/veganova.eu\/sv\/wp-json\/wp\/v2\/product_brand?post=8722"},{"taxonomy":"product_cat","embeddable":true,"href":"https:\/\/veganova.eu\/sv\/wp-json\/wp\/v2\/product_cat?post=8722"},{"taxonomy":"product_tag","embeddable":true,"href":"https:\/\/veganova.eu\/sv\/wp-json\/wp\/v2\/product_tag?post=8722"}],"curies":[{"name":"wp","href":"https:\/\/api.w.org\/{rel}","templated":true}]}}