{"id":8734,"date":"2023-10-01T17:12:25","date_gmt":"2023-10-01T15:12:25","guid":{"rendered":"https:\/\/veganova.eu\/?post_type=product&#038;p=8734"},"modified":"2026-04-21T07:25:04","modified_gmt":"2026-04-21T05:25:04","slug":"kiki-health-cognitive-60-vcaps","status":"publish","type":"product","link":"https:\/\/veganova.eu\/sv\/shop\/kiki-health-cognitive-60-vcaps\/","title":{"rendered":"KIKI H\u00e4lsa Kognitiv - 60 vcaps"},"content":{"rendered":"<h3>KIKI H\u00e4lsa Kognitiv - 60 vcaps<\/h3>\n<p>V\u00e5rt team av experter har tagit fram denna nya blandning av kraftfulla ingredienser som alla bidrar till att st\u00f6dja hj\u00e4rnan, minnet, stress och mental prestationsf\u00f6rm\u00e5ga.<\/p>\n<p>Varje ingrediens \u00e4r h\u00e5llbart anskaffad fr\u00e5n leverant\u00f6rer av h\u00f6g kvalitet f\u00f6r att s\u00e4kerst\u00e4lla renhet och effektivitet.<\/p>\n<p>Denna helt nya formel kombinerar nootropics och adaptogener som st\u00f6der kognitiv utveckling.<\/p>\n<p>F\u00f6rutom jod fr\u00e5n Sea Kelp, som st\u00f6der kognitiv och neurologisk funktion och \u00e4r avg\u00f6rande f\u00f6r mental prestation och aktivitet, inneh\u00e5ller v\u00e5ra Cognitive-kapslar ocks\u00e5 h\u00f6gkvalitativa extrakt av Brahmi, Lion's Mane, Choline, Gotu Kola och Gingko.<\/p>\n<p>Tillsammans st\u00f6djer dessa ingredienser hj\u00e4rnans och den mentala funktionen.<\/p>","protected":false},"excerpt":{"rendered":"<p>Det veganska kosttillskottet KIKI Health Cognitive inneh\u00e5ller extrakt fr\u00e5n Brahmi, lejonman, Gotu Kola, kolin och Ginkgo, f\u00f6r h\u00e4lsosamma hj\u00e4rnfunktioner, f\u00f6rb\u00e4ttrat minne och f\u00f6r att \u00f6vervinna h\u00f6gre mental stress. F\u00f6rpackningens inneh\u00e5ll: 60 veganska kapslar.<\/p>","protected":false},"featured_media":52780,"comment_status":"closed","ping_status":"closed","template":"","meta":{"advanced_seo_description":"","jetpack_seo_html_title":"","jetpack_seo_noindex":false},"pwb-brand":[166],"product_brand":[4573],"product_cat":[294,143],"product_tag":[1221,1223,1078],"class_list":{"0":"post-8734","1":"product","2":"type-product","3":"status-publish","4":"has-post-thumbnail","6":"pwb-brand-kiki-health","7":"product_brand-kiki-health","8":"product_cat-for-seniors","9":"product_cat-health-issues","10":"product_tag-brain","11":"product_tag-memory","12":"product_tag-psyche","13":"brand_woo-kiki-health","15":"first","16":"instock","17":"taxable","18":"shipping-taxable","19":"purchasable","20":"product-type-simple"},"jetpack_sharing_enabled":true,"brands":[{"id":166,"name":"KIKI H\u00e4lsa","slug":"kiki-health"}],"_links":{"self":[{"href":"https:\/\/veganova.eu\/sv\/wp-json\/wp\/v2\/product\/8734","targetHints":{"allow":["GET"]}}],"collection":[{"href":"https:\/\/veganova.eu\/sv\/wp-json\/wp\/v2\/product"}],"about":[{"href":"https:\/\/veganova.eu\/sv\/wp-json\/wp\/v2\/types\/product"}],"replies":[{"embeddable":true,"href":"https:\/\/veganova.eu\/sv\/wp-json\/wp\/v2\/comments?post=8734"}],"version-history":[{"count":1,"href":"https:\/\/veganova.eu\/sv\/wp-json\/wp\/v2\/product\/8734\/revisions"}],"predecessor-version":[{"id":58642,"href":"https:\/\/veganova.eu\/sv\/wp-json\/wp\/v2\/product\/8734\/revisions\/58642"}],"wp:featuredmedia":[{"embeddable":true,"href":"https:\/\/veganova.eu\/sv\/wp-json\/wp\/v2\/media\/52780"}],"wp:attachment":[{"href":"https:\/\/veganova.eu\/sv\/wp-json\/wp\/v2\/media?parent=8734"}],"wp:term":[{"taxonomy":"pwb-brand","embeddable":true,"href":"https:\/\/veganova.eu\/sv\/wp-json\/wp\/v2\/pwb-brand?post=8734"},{"taxonomy":"product_brand","embeddable":true,"href":"https:\/\/veganova.eu\/sv\/wp-json\/wp\/v2\/product_brand?post=8734"},{"taxonomy":"product_cat","embeddable":true,"href":"https:\/\/veganova.eu\/sv\/wp-json\/wp\/v2\/product_cat?post=8734"},{"taxonomy":"product_tag","embeddable":true,"href":"https:\/\/veganova.eu\/sv\/wp-json\/wp\/v2\/product_tag?post=8734"}],"curies":[{"name":"wp","href":"https:\/\/api.w.org\/{rel}","templated":true}]}}