{"id":8772,"date":"2023-10-01T17:12:34","date_gmt":"2023-10-01T15:12:34","guid":{"rendered":"https:\/\/veganova.eu\/?post_type=product&#038;p=8772"},"modified":"2026-04-21T07:25:06","modified_gmt":"2026-04-21T05:25:06","slug":"enzymedica-digest-30-caps","status":"publish","type":"product","link":"https:\/\/veganova.eu\/sv\/shop\/enzymedica-digest-30-caps\/","title":{"rendered":"Enzymedica Digest - 30 kapslar"},"content":{"rendered":"<h3>Enzymedica Digest - 30 kapslar<\/h3>\n<p>Enzymer f\u00f6r att bryta ner vardagliga m\u00e5ltider!<br \/>\nDigest Complete inneh\u00e5ller enzymer f\u00f6r att bryta ner 2x mer \u00e4n Digest Basic.<br \/>\nDenna formel bryter effektivt ner kolhydrater, fetter, fibrer och protein - allt som vanligtvis finns i dina dagliga m\u00e5ltider. Det p\u00e5skyndar ocks\u00e5 matsm\u00e4ltningen och fr\u00e4mjar n\u00e4ringsupptaget. Dessa enzymer hj\u00e4lper till att omvandla dagliga m\u00e5ltider till energi hela dagen. V\u00e5ra egenutvecklade Thera-blandningsenzymer \u00e4r vetenskapligt formulerade f\u00f6r resultat f\u00f6r hela kroppen.<\/p>","protected":false},"excerpt":{"rendered":"<p>Enzymedica Digest Vegan Digestive Enzymes f\u00f6rser kroppen med alla enzymer f\u00f6r att reparera din f\u00f6rs\u00e4mrade matsm\u00e4ltning efter en d\u00e5lig kost, d\u00e5lig livsstil eller \u00e5ldersrelaterad matsm\u00e4ltningsbesv\u00e4r. Den speciella formeln av enzymer hj\u00e4lper kroppen att korrekt bearbeta kolhydrater, fetter, fibrer och proteiner. F\u00f6rpackningens inneh\u00e5ll: 30 kapslar.<\/p>","protected":false},"featured_media":12112,"comment_status":"closed","ping_status":"closed","template":"","meta":{"advanced_seo_description":"","jetpack_seo_html_title":"","jetpack_seo_noindex":false},"pwb-brand":[467],"product_brand":[4767],"product_cat":[596],"product_tag":[1190,1191],"class_list":{"0":"post-8772","1":"product","2":"type-product","3":"status-publish","4":"has-post-thumbnail","6":"pwb-brand-enzymedica","7":"product_brand-enzymedica","8":"product_cat-digestion","9":"product_tag-digestive-enzymes","10":"product_tag-digestive-problems","11":"brand_woo-enzymedica","13":"first","14":"instock","15":"sale","16":"taxable","17":"shipping-taxable","18":"purchasable","19":"product-type-simple"},"jetpack_sharing_enabled":true,"brands":[{"id":467,"name":"Enzymedica","slug":"enzymedica"}],"_links":{"self":[{"href":"https:\/\/veganova.eu\/sv\/wp-json\/wp\/v2\/product\/8772","targetHints":{"allow":["GET"]}}],"collection":[{"href":"https:\/\/veganova.eu\/sv\/wp-json\/wp\/v2\/product"}],"about":[{"href":"https:\/\/veganova.eu\/sv\/wp-json\/wp\/v2\/types\/product"}],"replies":[{"embeddable":true,"href":"https:\/\/veganova.eu\/sv\/wp-json\/wp\/v2\/comments?post=8772"}],"version-history":[{"count":1,"href":"https:\/\/veganova.eu\/sv\/wp-json\/wp\/v2\/product\/8772\/revisions"}],"predecessor-version":[{"id":58660,"href":"https:\/\/veganova.eu\/sv\/wp-json\/wp\/v2\/product\/8772\/revisions\/58660"}],"wp:featuredmedia":[{"embeddable":true,"href":"https:\/\/veganova.eu\/sv\/wp-json\/wp\/v2\/media\/12112"}],"wp:attachment":[{"href":"https:\/\/veganova.eu\/sv\/wp-json\/wp\/v2\/media?parent=8772"}],"wp:term":[{"taxonomy":"pwb-brand","embeddable":true,"href":"https:\/\/veganova.eu\/sv\/wp-json\/wp\/v2\/pwb-brand?post=8772"},{"taxonomy":"product_brand","embeddable":true,"href":"https:\/\/veganova.eu\/sv\/wp-json\/wp\/v2\/product_brand?post=8772"},{"taxonomy":"product_cat","embeddable":true,"href":"https:\/\/veganova.eu\/sv\/wp-json\/wp\/v2\/product_cat?post=8772"},{"taxonomy":"product_tag","embeddable":true,"href":"https:\/\/veganova.eu\/sv\/wp-json\/wp\/v2\/product_tag?post=8772"}],"curies":[{"name":"wp","href":"https:\/\/api.w.org\/{rel}","templated":true}]}}