{"id":8804,"date":"2023-10-01T17:12:43","date_gmt":"2023-10-01T15:12:43","guid":{"rendered":"https:\/\/veganova.eu\/?post_type=product&#038;p=8804"},"modified":"2026-04-21T07:25:07","modified_gmt":"2026-04-21T05:25:07","slug":"applied-nutrition-endurance-energy-isotonic-energy-gel-fruit-burst-20-x-60g","status":"publish","type":"product","link":"https:\/\/veganova.eu\/sv\/shop\/applied-nutrition-endurance-energy-isotonic-energy-gel-fruit-burst-20-x-60g\/","title":{"rendered":"Applied Nutrition Endurance Energy Isotonisk energigel, Fruit Burst - 20 x 60 g"},"content":{"rendered":"<h3>Applied Nutrition Endurance Energy Isotonisk energigel, Fruit Burst - 20 x 60 g<\/h3>\n<p>Uth\u00e5llighet Hastighet-Br\u00e4nsle Energi<br \/>\nIsotonisk energigel<br \/>\n23 g kolhydrater | noll socker<\/p>\n<p>Endurance Velocity-Fuel Energy inneh\u00e5ller 23 g snabbabsorberande kolhydrater f\u00f6rpackade i en gelp\u00e5se i praktisk storlek.<\/p>\n<p>NYCKELF\u00d6RDELAR<br \/>\nInformed-Sport Batch testas f\u00f6r idrottare<br \/>\n23 g Kolhydrater<br \/>\nNoll socker<\/p>","protected":false},"excerpt":{"rendered":"<p>Vegan isotonisk energigel Applied Nutrition Endurance Energy Isotonic Energy Gel \u00e4r idealisk f\u00f6r att tillhandah\u00e5lla n\u00f6dv\u00e4ndiga kolhydrater och energi under mer kr\u00e4vande idrottsprestationer. Smak: Fruit Burst. F\u00f6rpackningen inneh\u00e5ller: 20 st \u00e0 60 g.<\/p>","protected":false},"featured_media":52734,"comment_status":"closed","ping_status":"closed","template":"","meta":{"advanced_seo_description":"","jetpack_seo_html_title":"","jetpack_seo_noindex":false},"pwb-brand":[202],"product_brand":[4592],"product_cat":[203,132],"product_tag":[1195,860],"class_list":{"0":"post-8804","1":"product","2":"type-product","3":"status-publish","4":"has-post-thumbnail","6":"pwb-brand-applied-nutrition","7":"product_brand-applied-nutrition","8":"product_cat-pre-workout","9":"product_cat-sports-nutrition","10":"product_tag-athletic-performance","11":"product_tag-energy","12":"brand_woo-applied-nutrition","14":"first","15":"instock","16":"taxable","17":"shipping-taxable","18":"purchasable","19":"product-type-simple"},"jetpack_sharing_enabled":true,"brands":[{"id":202,"name":"Till\u00e4mpad n\u00e4ringsl\u00e4ra","slug":"applied-nutrition"}],"_links":{"self":[{"href":"https:\/\/veganova.eu\/sv\/wp-json\/wp\/v2\/product\/8804","targetHints":{"allow":["GET"]}}],"collection":[{"href":"https:\/\/veganova.eu\/sv\/wp-json\/wp\/v2\/product"}],"about":[{"href":"https:\/\/veganova.eu\/sv\/wp-json\/wp\/v2\/types\/product"}],"replies":[{"embeddable":true,"href":"https:\/\/veganova.eu\/sv\/wp-json\/wp\/v2\/comments?post=8804"}],"version-history":[{"count":1,"href":"https:\/\/veganova.eu\/sv\/wp-json\/wp\/v2\/product\/8804\/revisions"}],"predecessor-version":[{"id":58675,"href":"https:\/\/veganova.eu\/sv\/wp-json\/wp\/v2\/product\/8804\/revisions\/58675"}],"wp:featuredmedia":[{"embeddable":true,"href":"https:\/\/veganova.eu\/sv\/wp-json\/wp\/v2\/media\/52734"}],"wp:attachment":[{"href":"https:\/\/veganova.eu\/sv\/wp-json\/wp\/v2\/media?parent=8804"}],"wp:term":[{"taxonomy":"pwb-brand","embeddable":true,"href":"https:\/\/veganova.eu\/sv\/wp-json\/wp\/v2\/pwb-brand?post=8804"},{"taxonomy":"product_brand","embeddable":true,"href":"https:\/\/veganova.eu\/sv\/wp-json\/wp\/v2\/product_brand?post=8804"},{"taxonomy":"product_cat","embeddable":true,"href":"https:\/\/veganova.eu\/sv\/wp-json\/wp\/v2\/product_cat?post=8804"},{"taxonomy":"product_tag","embeddable":true,"href":"https:\/\/veganova.eu\/sv\/wp-json\/wp\/v2\/product_tag?post=8804"}],"curies":[{"name":"wp","href":"https:\/\/api.w.org\/{rel}","templated":true}]}}